{"id":2291,"date":"2021-03-21T15:46:12","date_gmt":"2021-03-21T15:46:12","guid":{"rendered":"http:\/\/ludzie.fundacja-pih.pl\/?post_type=product&#038;p=2291"},"modified":"2025-05-16T14:18:21","modified_gmt":"2025-05-16T14:18:21","slug":"moszczak-wieslaw","status":"publish","type":"product","link":"http:\/\/ludzie.fundacja-pih.pl\/index.php\/product\/moszczak-wieslaw\/","title":{"rendered":"Moszczak Wies\u0142aw"},"content":{"rendered":"<p>Urodzi\u0142 si\u0119 w 1954 roku, zm. w 2008 roku.<\/p>\n<p>By\u0142 cz\u0142onkiem pierwszego sk\u0142adu redakcji podziemnego czasopisma \u201eZ Dnia na Dzie\u0144\u201d, wydawanego od pierwszego dnia stanu wojennego. Dzia\u0142a\u0142 w nim do maja 1982 roku.<\/p>\n","protected":false},"excerpt":{"rendered":"<p>Urodzi\u0142 si\u0119 w 1954 roku, zm. w 2008 roku. By\u0142 cz\u0142onkiem pierwszego sk\u0142adu redakcji podziemnego czasopisma \u201eZ Dnia na Dzie\u0144\u201d, wydawanego od pierwszego dnia stanu wojennego. Dzia\u0142a\u0142 w nim do maja 1982 roku.<\/p>\n","protected":false},"featured_media":906,"template":"","meta":[],"_links":{"self":[{"href":"http:\/\/ludzie.fundacja-pih.pl\/index.php\/wp-json\/wp\/v2\/product\/2291"}],"collection":[{"href":"http:\/\/ludzie.fundacja-pih.pl\/index.php\/wp-json\/wp\/v2\/product"}],"about":[{"href":"http:\/\/ludzie.fundacja-pih.pl\/index.php\/wp-json\/wp\/v2\/types\/product"}],"wp:featuredmedia":[{"embeddable":true,"href":"http:\/\/ludzie.fundacja-pih.pl\/index.php\/wp-json\/wp\/v2\/media\/906"}],"wp:attachment":[{"href":"http:\/\/ludzie.fundacja-pih.pl\/index.php\/wp-json\/wp\/v2\/media?parent=2291"}],"curies":[{"name":"wp","href":"https:\/\/api.w.org\/{rel}","templated":true}]}}