{"id":2304,"date":"2021-03-21T16:02:51","date_gmt":"2021-03-21T16:02:51","guid":{"rendered":"http:\/\/ludzie.fundacja-pih.pl\/?post_type=product&#038;p=2304"},"modified":"2025-05-16T14:18:29","modified_gmt":"2025-05-16T14:18:29","slug":"pilasiewicz-wanda","status":"publish","type":"product","link":"http:\/\/ludzie.fundacja-pih.pl\/index.php\/product\/pilasiewicz-wanda\/","title":{"rendered":"Pi\u0142asiewicz Wanda"},"content":{"rendered":"<p>Urodzi\u0142a si\u0119 10 listopada 1928 roku w Przemy\u015blanach, zm. 8 czerwca 2006 roku we Wroc\u0142awiu.<\/p>\n<p>Udost\u0119pnia\u0142a swoje mieszkanie ukrywaj\u0105cemu si\u0119 Kornelowi Morawieckiemu. Serdecznie go\u015bci\u0142a r\u00f3wnie\u017c wielu innych dzia\u0142aczy podziemnych, w tym Hann\u0119 \u0141ukowsk\u0105-Karniej.<\/p>\n","protected":false},"excerpt":{"rendered":"<p>Urodzi\u0142a si\u0119 10 listopada 1928 roku w Przemy\u015blanach, zm. 8 czerwca 2006 roku we Wroc\u0142awiu. Udost\u0119pnia\u0142a swoje mieszkanie ukrywaj\u0105cemu si\u0119 Kornelowi Morawieckiemu. Serdecznie go\u015bci\u0142a r\u00f3wnie\u017c wielu innych dzia\u0142aczy podziemnych, w tym Hann\u0119 \u0141ukowsk\u0105-Karniej.<\/p>\n","protected":false},"featured_media":3016,"template":"","meta":[],"_links":{"self":[{"href":"http:\/\/ludzie.fundacja-pih.pl\/index.php\/wp-json\/wp\/v2\/product\/2304"}],"collection":[{"href":"http:\/\/ludzie.fundacja-pih.pl\/index.php\/wp-json\/wp\/v2\/product"}],"about":[{"href":"http:\/\/ludzie.fundacja-pih.pl\/index.php\/wp-json\/wp\/v2\/types\/product"}],"wp:featuredmedia":[{"embeddable":true,"href":"http:\/\/ludzie.fundacja-pih.pl\/index.php\/wp-json\/wp\/v2\/media\/3016"}],"wp:attachment":[{"href":"http:\/\/ludzie.fundacja-pih.pl\/index.php\/wp-json\/wp\/v2\/media?parent=2304"}],"curies":[{"name":"wp","href":"https:\/\/api.w.org\/{rel}","templated":true}]}}