{"id":2308,"date":"2021-03-21T16:08:46","date_gmt":"2021-03-21T16:08:46","guid":{"rendered":"http:\/\/ludzie.fundacja-pih.pl\/?post_type=product&#038;p=2308"},"modified":"2025-05-16T14:18:32","modified_gmt":"2025-05-16T14:18:32","slug":"poznanska-alfreda","status":"publish","type":"product","link":"http:\/\/ludzie.fundacja-pih.pl\/index.php\/product\/poznanska-alfreda\/","title":{"rendered":"Pozna\u0144ska Alfreda"},"content":{"rendered":"<p>Urodzi\u0142a si\u0119 3 stycznia 1939 r. w Ma\u0142kowie; zm. 7 pa\u017adziernika 2001 r. we Wroc\u0142awiu<\/p>\n<p>W latach 1958 &#8211; 1965 studiowa\u0142a na Wydziale Ceramiki i Szk\u0142a w Wy\u017cszej Szkole Sztuk Plastycznych we Wroc\u0142awiu. W 1965 zosta\u0142a cz\u0142onkiem Zwi\u0105zku Polskich Artyst\u00f3w Plastyk\u00f3w. W 1973 obj\u0119\u0142a posad\u0119 nauczyciela akademickiego w PWSSP we Wroc\u0142awiu, w 1995 roku uzyska\u0142a stopie\u0144 profesora. W marcu 1968 roku uczestniczy\u0142a w antyre\u017cimowej demonstracji we Wroc\u0142awiu. Od lat siedemdziesi\u0105tych XX wieku bra\u0142a udzia\u0142 w spotkaniach wroc\u0142awskiego Klubu Inteligencji Katolickiej i wsp\u00f3\u0142organizowa\u0142a Tygodnie Kultury Chrze\u015bcija\u0144skiej we Wroc\u0142awiu. We wrze\u015bniu 1980 wst\u0105pi\u0142a do NSZZ \u201eSolidarno\u015b\u0107\u201d. W pa\u017adzierniku tego samego roku rozpocz\u0119\u0142a wsp\u00f3\u0142prac\u0119 z Niezale\u017cnym Zrzeszeniem Student\u00f3w. W 1981 roku uczestniczy\u0142a w strajkach studenckich. Po wprowadzeniu stanu wojennego, zosta\u0142a kolporterk\u0105 prasy podziemnej. W 1984 roku Alfreda Pozna\u0144ska podj\u0119\u0142a wsp\u00f3\u0142prac\u0119 z \u201eSolidarno\u015bci\u0105 Walcz\u0105c\u0105\u201d. W po\u0142owie lat osiemdziesi\u0105tych XX wieku udziela\u0142a schronienia  ukrywaj\u0105cemu si\u0119 Kornelowi Morawieckiemu. W 2007 roku zosta\u0142a po\u015bmiertnie odznaczona Krzy\u017cem Oficerskim Orderu Odrodzenia Polski. <\/p>\n","protected":false},"excerpt":{"rendered":"<p>Urodzi\u0142a si\u0119 3 stycznia 1939 r. w Ma\u0142kowie; zm. 7 pa\u017adziernika 2001 r. we Wroc\u0142awiu W latach 1958 &#8211; 1965 studiowa\u0142a na Wydziale Ceramiki i Szk\u0142a w Wy\u017cszej Szkole Sztuk Plastycznych we Wroc\u0142awiu. W 1965 zosta\u0142a cz\u0142onkiem Zwi\u0105zku Polskich Artyst\u00f3w Plastyk\u00f3w. W 1973 obj\u0119\u0142a posad\u0119 nauczyciela akademickiego w PWSSP we Wroc\u0142awiu, w 1995 roku uzyska\u0142a [&hellip;]<\/p>\n","protected":false},"featured_media":5545,"template":"","meta":[],"_links":{"self":[{"href":"http:\/\/ludzie.fundacja-pih.pl\/index.php\/wp-json\/wp\/v2\/product\/2308"}],"collection":[{"href":"http:\/\/ludzie.fundacja-pih.pl\/index.php\/wp-json\/wp\/v2\/product"}],"about":[{"href":"http:\/\/ludzie.fundacja-pih.pl\/index.php\/wp-json\/wp\/v2\/types\/product"}],"wp:featuredmedia":[{"embeddable":true,"href":"http:\/\/ludzie.fundacja-pih.pl\/index.php\/wp-json\/wp\/v2\/media\/5545"}],"wp:attachment":[{"href":"http:\/\/ludzie.fundacja-pih.pl\/index.php\/wp-json\/wp\/v2\/media?parent=2308"}],"curies":[{"name":"wp","href":"https:\/\/api.w.org\/{rel}","templated":true}]}}