{"id":2309,"date":"2021-03-21T16:09:50","date_gmt":"2021-03-21T16:09:50","guid":{"rendered":"http:\/\/ludzie.fundacja-pih.pl\/?post_type=product&#038;p=2309"},"modified":"2025-05-16T14:18:33","modified_gmt":"2025-05-16T14:18:33","slug":"poznanski-jerzy","status":"publish","type":"product","link":"http:\/\/ludzie.fundacja-pih.pl\/index.php\/product\/poznanski-jerzy\/","title":{"rendered":"Pozna\u0144ski J\u00f3zef"},"content":{"rendered":"<p>Urodzi\u0142 si\u0119 27 marca 1936 roku w Makowie.<\/p>\n<p>By\u0142 cz\u0142onkiem \u201eSolidarno\u015bci Walcz\u0105cej\u201d. W ramach dzia\u0142alno\u015bci w niej zajmowa\u0142 si\u0119 kolporta\u017cem prasy podziemnej i ulotek, przekazywaniem sk\u0142adek pieni\u0119\u017cnych zarz\u0105dowi SW, udost\u0119pnia\u0142 tak\u017ce swoje mieszkanie ukrywaj\u0105cemu si\u0119 Kornelowi Morawieckiemu oraz jako miejsce spotka\u0144 konspiracyjnych. Organizowa\u0142 paliwo potrzebne do transportu samochodowego na potrzeby SW.<\/p>\n","protected":false},"excerpt":{"rendered":"<p>Urodzi\u0142 si\u0119 27 marca 1936 roku w Makowie. By\u0142 cz\u0142onkiem \u201eSolidarno\u015bci Walcz\u0105cej\u201d. W ramach dzia\u0142alno\u015bci w niej zajmowa\u0142 si\u0119 kolporta\u017cem prasy podziemnej i ulotek, przekazywaniem sk\u0142adek pieni\u0119\u017cnych zarz\u0105dowi SW, udost\u0119pnia\u0142 tak\u017ce swoje mieszkanie ukrywaj\u0105cemu si\u0119 Kornelowi Morawieckiemu oraz jako miejsce spotka\u0144 konspiracyjnych. Organizowa\u0142 paliwo potrzebne do transportu samochodowego na potrzeby SW.<\/p>\n","protected":false},"featured_media":3023,"template":"","meta":[],"_links":{"self":[{"href":"http:\/\/ludzie.fundacja-pih.pl\/index.php\/wp-json\/wp\/v2\/product\/2309"}],"collection":[{"href":"http:\/\/ludzie.fundacja-pih.pl\/index.php\/wp-json\/wp\/v2\/product"}],"about":[{"href":"http:\/\/ludzie.fundacja-pih.pl\/index.php\/wp-json\/wp\/v2\/types\/product"}],"wp:featuredmedia":[{"embeddable":true,"href":"http:\/\/ludzie.fundacja-pih.pl\/index.php\/wp-json\/wp\/v2\/media\/3023"}],"wp:attachment":[{"href":"http:\/\/ludzie.fundacja-pih.pl\/index.php\/wp-json\/wp\/v2\/media?parent=2309"}],"curies":[{"name":"wp","href":"https:\/\/api.w.org\/{rel}","templated":true}]}}