{"id":2312,"date":"2021-03-21T16:13:34","date_gmt":"2021-03-21T16:13:34","guid":{"rendered":"http:\/\/ludzie.fundacja-pih.pl\/?post_type=product&#038;p=2312"},"modified":"2025-05-16T14:18:35","modified_gmt":"2025-05-16T14:18:35","slug":"przystawa-jerzy","status":"publish","type":"product","link":"http:\/\/ludzie.fundacja-pih.pl\/index.php\/product\/przystawa-jerzy\/","title":{"rendered":"Przystawa Jerzy"},"content":{"rendered":"<p>Urodzi\u0142 si\u0119\u00a029 kwietnia 1939 roku w Czortkowie, zm. 3 listopada 2012 roku we Wroc\u0142awiu. <\/p>\n<p>W 1962 roku uko\u0144czy\u0142 studia na Wydziale Matematyki, Fizyki i Chemii Uniwersytetu Wroc\u0142awskiego, w 1968 roku zdoby\u0142 stopie\u0144 doktora, w 1976 roku uzyska\u0142 habilitacj\u0119, w 1998 roku zosta\u0142 profesorem. W latach 1960 \u2013 1962 pracowa\u0142 jako nauczyciel LO w Jeleniej G\u00f3rze oraz jako kierownik laboratorium w Jeleniog\u00f3rskiej Wytw\u00f3rni Optycznej. Od 1962 roku by\u0142 pracownikiem naukowym na Uniwersytecie Wroc\u0142awskim. Od lat siedemdziesiatych wyk\u0142ada\u0142 m.in. w Stony Brook State University w Stanach Zjednaczonych, na Uniwersytecie Paryskim w Orsay, na Uniwersytecie Dundee, na Uniwersytecie w Zagrzebiu, Chalmers University of Technology w G\u00f6teborgu, International Centre for Theoretical Physics w Trie\u015bcie, Uniwersytecie w Palermo i w Zjednoczonym Instytucie Bada\u0144 J\u0105drowych w Dubnej pod Moskw\u0105. 22 pa\u017adziernika 1956 roku bra\u0142 udzia\u0142 w wiecu i manifestacji studenckiej we Wroc\u0142awiu. W marcu 1968 roku uczestniczy\u0142 w strajku studenckim Uniwersytecie Wroc\u0142awskim. We wrze\u015bniu 1980 roku wst\u0105pi\u0142 do NSZZ \u201eSolidarno\u015b\u0107\u201d. 8 wrze\u015bnia 1980 roku zosta\u0142 cz\u0142onkiem Komitetu Za\u0142o\u017cycielskiego. Od stycznia 1981roku nale\u017ca\u0142 do KZ. W 1981 roku pe\u0142ni\u0142 rol\u0119 \u0142\u0105cznika mi\u0119dzy KZ a ZR Dolny \u015al\u0105sk. Po wprowadzeniu stanu wojennego, od 13 do 15 grudnia 1981 roku, wsp\u00f3\u0142organizowa\u0142, a nast\u0119pnie zosta\u0142 cz\u0142onkiem KS na Uniwersytecie Wroc\u0142awskim. Od 14 do 24 grudnia 1981 roku dzia\u0142a\u0142 w RKS Dolny \u015al\u0105sk. Tak\u017ce w grudniu tego samego roku wszed\u0142 w sk\u0142ad KOS na Dolnym \u015al\u0105sku. 4 marca 1982 roku zosta\u0142 zatrzymany, 6 marca internowany i osadzony w O\u015brodku Odosobnienia w Nysie. 3 lipca 1982 roku zosta\u0142 zwolniony. W latach 1982 \u2013 1989 by\u0142 autorem (ps.: A. \u0141aszcz, Andrzej \u0141aszcz, J\u00f3zef Put, Czes\u0142aw Odrow\u0105\u017c, A.\u0141.) w podziemnych czasopismach w tym m.in. w \u201eAspekcie\u201d, \u201eObecno\u015bci\u201d, \u201eSolidarno\u015bci Walcz\u0105cej\u201d, \u201eBiuletynie Dolno\u015bl\u0105skim\u201d, \u201eZ Dnia na Dzie\u0144\u201d, a tak\u017ce na \u0142amach \u201eBazy\u201d, \u201eKultury Niezale\u017cnej\u201d, \u201eKr\u0119gu\u201d, \u201eWalki\u201d i \u201eCDN\u201d. W latch 1983 \u2013 1988 by\u0142 autorem odczyt\u00f3w i wyk\u0142ad\u00f3w na tematy spo\u0142eczno-polityczne wyg\u0142aszanych w pomieszczeniach ko\u015bcielnych i prywatnych mieszkaniach. W latach 1982 \u2013 1989 by\u0142 wielokrotnie przes\u0142uchiwany. W roku 1982 i w roku 1989 odm\u00f3wi\u0142 przyj\u0119cia tytu\u0142u profesorskiego w prote\u015bcie przeciwko polityce w\u0142adz wobec \u015brodowiska naukowego. W latach 1987 \u2013 1989 szefowa\u0142 podziemnej Oficynie Niepokornych we Wroc\u0142awiu, kt\u00f3r\u0105 r\u00f3wnie\u017c za\u0142o\u017cy\u0142. W maju 1988 roku bra\u0142 udzia\u0142 w strajku student\u00f3w i pracownik\u00f3w Uniwersytetu Wroc\u0142awskiego. By\u0142 przeciwnikiem porozumie\u0144 Okr\u0105g\u0142\u0119go Sto\u0142u. <\/p>\n","protected":false},"excerpt":{"rendered":"<p>Urodzi\u0142 si\u0119\u00a029 kwietnia 1939 roku w Czortkowie, zm. 3 listopada 2012 roku we Wroc\u0142awiu. W 1962 roku uko\u0144czy\u0142 studia na Wydziale Matematyki, Fizyki i Chemii Uniwersytetu Wroc\u0142awskiego, w 1968 roku zdoby\u0142 stopie\u0144 doktora, w 1976 roku uzyska\u0142 habilitacj\u0119, w 1998 roku zosta\u0142 profesorem. W latach 1960 \u2013 1962 pracowa\u0142 jako nauczyciel LO w Jeleniej G\u00f3rze [&hellip;]<\/p>\n","protected":false},"featured_media":2950,"template":"","meta":[],"_links":{"self":[{"href":"http:\/\/ludzie.fundacja-pih.pl\/index.php\/wp-json\/wp\/v2\/product\/2312"}],"collection":[{"href":"http:\/\/ludzie.fundacja-pih.pl\/index.php\/wp-json\/wp\/v2\/product"}],"about":[{"href":"http:\/\/ludzie.fundacja-pih.pl\/index.php\/wp-json\/wp\/v2\/types\/product"}],"wp:featuredmedia":[{"embeddable":true,"href":"http:\/\/ludzie.fundacja-pih.pl\/index.php\/wp-json\/wp\/v2\/media\/2950"}],"wp:attachment":[{"href":"http:\/\/ludzie.fundacja-pih.pl\/index.php\/wp-json\/wp\/v2\/media?parent=2312"}],"curies":[{"name":"wp","href":"https:\/\/api.w.org\/{rel}","templated":true}]}}