{"id":2314,"date":"2021-03-21T16:16:36","date_gmt":"2021-03-21T16:16:36","guid":{"rendered":"http:\/\/ludzie.fundacja-pih.pl\/?post_type=product&#038;p=2314"},"modified":"2025-05-16T14:18:36","modified_gmt":"2025-05-16T14:18:36","slug":"sipowicz-andrzej","status":"publish","type":"product","link":"http:\/\/ludzie.fundacja-pih.pl\/index.php\/product\/sipowicz-andrzej\/","title":{"rendered":"Sipowicz Andrzej"},"content":{"rendered":"<p>ur. w 1956 r. we Wroc\u0142awiu<\/p>\n<p>Mieszka\u0142 na ul. Kamiennog\u00f3rskiej. Drukarz SW w kontakcie ze mn\u0105. Odbiera\u0142 matryce SW z ul. \u015awieradowskiej od Naskr\u0119ta. Bibu\u0142\u0119 odbiera\u0142 od niego Chyczewski i zawozi\u0142 do ko\u015bcio\u0142a na ul. Sudeckiej do siostry Lucyny. Aresztowany w roku 1984, siedzia\u0142 w celi ze Zbyszkiem Oziewiczem.<\/p>\n","protected":false},"excerpt":{"rendered":"<p>ur. w 1956 r. we Wroc\u0142awiu Mieszka\u0142 na ul. Kamiennog\u00f3rskiej. Drukarz SW w kontakcie ze mn\u0105. Odbiera\u0142 matryce SW z ul. \u015awieradowskiej od Naskr\u0119ta. Bibu\u0142\u0119 odbiera\u0142 od niego Chyczewski i zawozi\u0142 do ko\u015bcio\u0142a na ul. Sudeckiej do siostry Lucyny. Aresztowany w roku 1984, siedzia\u0142 w celi ze Zbyszkiem Oziewiczem.<\/p>\n","protected":false},"featured_media":906,"template":"","meta":[],"_links":{"self":[{"href":"http:\/\/ludzie.fundacja-pih.pl\/index.php\/wp-json\/wp\/v2\/product\/2314"}],"collection":[{"href":"http:\/\/ludzie.fundacja-pih.pl\/index.php\/wp-json\/wp\/v2\/product"}],"about":[{"href":"http:\/\/ludzie.fundacja-pih.pl\/index.php\/wp-json\/wp\/v2\/types\/product"}],"wp:featuredmedia":[{"embeddable":true,"href":"http:\/\/ludzie.fundacja-pih.pl\/index.php\/wp-json\/wp\/v2\/media\/906"}],"wp:attachment":[{"href":"http:\/\/ludzie.fundacja-pih.pl\/index.php\/wp-json\/wp\/v2\/media?parent=2314"}],"curies":[{"name":"wp","href":"https:\/\/api.w.org\/{rel}","templated":true}]}}