{"id":2317,"date":"2021-03-21T16:19:52","date_gmt":"2021-03-21T16:19:52","guid":{"rendered":"http:\/\/ludzie.fundacja-pih.pl\/?post_type=product&#038;p=2317"},"modified":"2025-05-16T14:18:38","modified_gmt":"2025-05-16T14:18:38","slug":"sokolowski-jan-maksymilian","status":"publish","type":"product","link":"http:\/\/ludzie.fundacja-pih.pl\/index.php\/product\/sokolowski-jan-maksymilian\/","title":{"rendered":"Soko\u0142owski Jan Maksymilian"},"content":{"rendered":"<p>Urodzi\u0142 si\u0119 12 pa\u017adziernika 1895 roku w Warszawie, zm. 13 listopada 1986 roku we Wroc\u0142awiu.<\/p>\n<p>Pu\u0142kownik dyplomowany Wojska Polskiego.<br \/>\nPrzed wybuchem II wojny \u015bwiatowej by\u0142 zwi\u0105zany m.in. z Polsk\u0105 Organizacj\u0105 Wojskow\u0105 i I Brygad\u0105 Legion\u00f3w Polskich. Zosta\u0142 odznaczony Krzy\u017cem Virtutti Militari. W pierwszej po\u0142owie lat dwudziestych XX uko\u0144czy\u0142 studia w Wy\u017cszej Szkole Wojennej w Warszawie. W styczniu 1939 przeszed\u0142 w stan spoczynku i rozpocz\u0105\u0142 prac\u0119 w Polskim Radiu. Uczestniczy\u0142 w kampanii wrze\u015bniowej 1939 roku, by\u0142 \u017co\u0142nierzem ZWZ i AK. W sierpniu 1945 roku zosta\u0142 aresztowany przez funkcjonariuszy Urz\u0119du Bezpiecze\u0144stwa w Krakowie. Dzi\u0119ki fa\u0142szywym dokumentom pozosta\u0142 nierozpoznany. Jako szeregowego cz\u0142onka podziemia skazano go na 6 lat wi\u0119zienia. W pa\u017adzierniku 1946 roku zosta\u0142 zwolniony z wi\u0119zienia na mocy amnestii. Po wyj\u015bciu na wolno\u015b\u0107 zamieszka\u0142 we Wroc\u0142awiu pod nazwiskiem Ludwik \u017belichowski. Ujawni\u0142 si\u0119 w 1947 roku, nast\u0119pnie do 1956 roku inwigilowany przez UBP. W 1985 roku przy\u0142\u0105czy\u0142 si\u0119 do \u201eSolidarno\u015bci Walcz\u0105cej\u201d, w kt\u00f3rej dzia\u0142a\u0142 do \u015bmierci. Udost\u0119pnia\u0142 swoje mieszkanie dla konspiracyjnych cel\u00f3w Kornelowi Morawieckiemu, a nast\u0119pnie na tzw. punkt kolporta\u017cowy. Jest autorem wydanej przez \u201eSolidarno\u015b\u0107 Walcz\u0105c\u0105\u201d ksi\u0105\u017cki pt. \u201eTak by\u0142o \u2013 zapiski z lat okupacji\u201d.<\/p>\n","protected":false},"excerpt":{"rendered":"<p>Urodzi\u0142 si\u0119 12 pa\u017adziernika 1895 roku w Warszawie, zm. 13 listopada 1986 roku we Wroc\u0142awiu. Pu\u0142kownik dyplomowany Wojska Polskiego. Przed wybuchem II wojny \u015bwiatowej by\u0142 zwi\u0105zany m.in. z Polsk\u0105 Organizacj\u0105 Wojskow\u0105 i I Brygad\u0105 Legion\u00f3w Polskich. Zosta\u0142 odznaczony Krzy\u017cem Virtutti Militari. W pierwszej po\u0142owie lat dwudziestych XX uko\u0144czy\u0142 studia w Wy\u017cszej Szkole Wojennej w Warszawie. [&hellip;]<\/p>\n","protected":false},"featured_media":3032,"template":"","meta":[],"_links":{"self":[{"href":"http:\/\/ludzie.fundacja-pih.pl\/index.php\/wp-json\/wp\/v2\/product\/2317"}],"collection":[{"href":"http:\/\/ludzie.fundacja-pih.pl\/index.php\/wp-json\/wp\/v2\/product"}],"about":[{"href":"http:\/\/ludzie.fundacja-pih.pl\/index.php\/wp-json\/wp\/v2\/types\/product"}],"wp:featuredmedia":[{"embeddable":true,"href":"http:\/\/ludzie.fundacja-pih.pl\/index.php\/wp-json\/wp\/v2\/media\/3032"}],"wp:attachment":[{"href":"http:\/\/ludzie.fundacja-pih.pl\/index.php\/wp-json\/wp\/v2\/media?parent=2317"}],"curies":[{"name":"wp","href":"https:\/\/api.w.org\/{rel}","templated":true}]}}