{"id":2325,"date":"2021-03-21T16:29:11","date_gmt":"2021-03-21T16:29:11","guid":{"rendered":"http:\/\/ludzie.fundacja-pih.pl\/?post_type=product&#038;p=2325"},"modified":"2025-05-16T14:18:43","modified_gmt":"2025-05-16T14:18:43","slug":"szumiejko-eugeniusz","status":"publish","type":"product","link":"http:\/\/ludzie.fundacja-pih.pl\/index.php\/product\/szumiejko-eugeniusz\/","title":{"rendered":"Szumiejko Eugeniusz"},"content":{"rendered":"<p>Urodzi\u0142 si\u0119 9 wrze\u015bnia 1946 roku w Wierobiejkach\/k Grodna, zm. 5 lipca 2020 roku we Wroc\u0142awiu.<\/p>\n<p>Astronom. W latach sze\u015b\u0107dziesi\u0105tych XX wieku studiowa\u0142 astronomi\u0119 na Uniwersytecie Wroc\u0142awskim. W marcu 1968 roku zosta\u0142 jednym z organizator\u00f3w strajku studenckiego na tej uczelni. W tym samym okresie Eugeniusz Szumiejko zetkn\u0105\u0142 si\u0119 ze strajkuj\u0105cym na tym samym wydziale Kornelem Morawieckim. Kilka lat p\u00f3\u017aniej udost\u0119pni\u0142 mu swoje mieszkanie dla potrzeb tajnej drukarni i zaanga\u017cowa\u0142 si\u0119 w kolporta\u017c \u201eBiuletynu Dolno\u015bl\u0105skiego\u201d. W 1980 roku wszed\u0142 w sk\u0142ad prezydium Zarz\u0105du Regionu, by\u0142 te\u017c delegatem na pierwszy krajowy zjazd i cz\u0142onkiem Komisji Krajowej NSZZ \u201eSolidarno\u015b\u0107\u201d. Po wprowadzeniu stanu wojennego, kt\u00f3ry zasta\u0142 go w Gda\u0144sku, wzi\u0105\u0142 w udzia\u0142 organizowaniu strajku w porcie, a nast\u0119pnie w stoczni. Jako pierwszy doprowadzi\u0142 do sformowania gremium, maj\u0105cego na celu koordynowanie dzia\u0142ania \u201eSolidarno\u015bci\u201d w skali ca\u0142ego kraju. Organizowa\u0142 struktury podziemne, wszed\u0142 w sk\u0142ad Tymczasowej Komisji Koordynacyjnej. W po\u0142owie lat osiemdziesi\u0105tych stan\u0105\u0142 na czele Regionalnego Komitetu Strajkowego. Z \u201eSolidarno\u015bci\u0105 Walcz\u0105c\u0105\u201d wsp\u00f3\u0142tworzy\u0142 \u201eGazet\u0119 Uliczn\u0105\u201d. Eugeniusz Szumiejko zosta\u0142 odznaczony Krzy\u017cem Komandorskim z Gwiazd\u0105 Orderu Odrodzenia Polski oraz Medalem Komisji Edukacji Narodowej. <\/p>\n","protected":false},"excerpt":{"rendered":"<p>Urodzi\u0142 si\u0119 9 wrze\u015bnia 1946 roku w Wierobiejkach\/k Grodna, zm. 5 lipca 2020 roku we Wroc\u0142awiu. Astronom. W latach sze\u015b\u0107dziesi\u0105tych XX wieku studiowa\u0142 astronomi\u0119 na Uniwersytecie Wroc\u0142awskim. W marcu 1968 roku zosta\u0142 jednym z organizator\u00f3w strajku studenckiego na tej uczelni. W tym samym okresie Eugeniusz Szumiejko zetkn\u0105\u0142 si\u0119 ze strajkuj\u0105cym na tym samym wydziale Kornelem [&hellip;]<\/p>\n","protected":false},"featured_media":3662,"template":"","meta":[],"_links":{"self":[{"href":"http:\/\/ludzie.fundacja-pih.pl\/index.php\/wp-json\/wp\/v2\/product\/2325"}],"collection":[{"href":"http:\/\/ludzie.fundacja-pih.pl\/index.php\/wp-json\/wp\/v2\/product"}],"about":[{"href":"http:\/\/ludzie.fundacja-pih.pl\/index.php\/wp-json\/wp\/v2\/types\/product"}],"wp:featuredmedia":[{"embeddable":true,"href":"http:\/\/ludzie.fundacja-pih.pl\/index.php\/wp-json\/wp\/v2\/media\/3662"}],"wp:attachment":[{"href":"http:\/\/ludzie.fundacja-pih.pl\/index.php\/wp-json\/wp\/v2\/media?parent=2325"}],"curies":[{"name":"wp","href":"https:\/\/api.w.org\/{rel}","templated":true}]}}