{"id":2328,"date":"2021-03-21T16:31:58","date_gmt":"2021-03-21T16:31:58","guid":{"rendered":"http:\/\/ludzie.fundacja-pih.pl\/?post_type=product&#038;p=2328"},"modified":"2025-05-16T14:18:45","modified_gmt":"2025-05-16T14:18:45","slug":"szulc-jerzy-walbrzych","status":"publish","type":"product","link":"http:\/\/ludzie.fundacja-pih.pl\/index.php\/product\/szulc-jerzy-walbrzych\/","title":{"rendered":"Szulc Jerzy (Wa\u0142brzych)"},"content":{"rendered":"<p>Urodzi\u0142 si\u0119 29 sierpnia 1954 roku w Wa\u0142brzychu, zm. 28 lutego 2012 roku w Wa\u0142brzychu.<\/p>\n<p>W 1975 roku uko\u0144czy\u0142 Technikum Mechaniczne w Wa\u0142brzychu. W tym samym roku rozpocz\u0105\u0142 prac\u0119 jako specjalista ds. transportu w Sp\u00f3\u0142dzielni Transportu Wiejskiego w Wa\u0142brzychu. W latach 1975-1985 by\u0142 zatrudniony kolejno jako \u015blusarz, g\u00f3rnik, g\u00f3rnik ratownik w Kopalni W\u0119gla Kamiennego \u201eWa\u0142brzych\u201d. W latach 1976 &#8211; 1979 pe\u0142ni\u0142 funkcj\u0119 wiceprzewodnicz\u0105cego ZSMP w KWK \u201eWa\u0142brzych\u201d. W 1980 roku wst\u0105pi\u0142 do PZPR. W dniach 28 &#8211; 31 sierpnia 1980 roku organizowa\u0142 strajk w szybie Chrobry KWK \u201eWa\u0142brzych\u201d, by\u0142 przewodnicz\u0105cym KS i przewodnicz\u0105cym MKS Wa\u0142brzych w KWK \u201eThorez\u201d tam\u017ce. 29 sierpnia tego samego roku wszed\u0142 w sk\u0142ad  delegacji do wroc\u0142awskiego MKS. 2 wrze\u015bnia 1980 roku zosta\u0142 g\u0142\u00f3wnym sygnatariuszem porozumienia z przedstawicielami ministra g\u00f3rnictwa. We wrze\u015bniu 1980 roku wst\u0105pi\u0142 do NSZZ \u201eSolidarno\u015b\u0107\u201d. Wsp\u00f3\u0142organizowa\u0142 Komitet Za\u0142o\u017cycielski w KWK \u201eWa\u0142brzych\u201d, nast\u0119pnie wszed\u0142 w sk\u0142ad KZ, a od 2 wrze\u015bnia pe\u0142ni\u0142 funkcj\u0119 przewodnicz\u0105cego Komitetu Za\u0142o\u017cycielskiego Wojew\u00f3dzkiej Mi\u0119dzyzak\u0142adowej Komisji Zwi\u0105zkowej Niezale\u017cnych Zwi\u0105zk\u00f3w Zawodowych w Wa\u0142brzychu. Nast\u0119pnie MKZ tam\u017ce. W latach 1980 &#8211; 1981 nale\u017ca\u0142 do KKP i KKK Sekcji G\u00f3rnictwa z siedzib\u0105 w Katowicach. W maju 1981 roku zosta\u0142 wsp\u00f3\u0142za\u0142o\u017cycielem wa\u0142brzyskiego KOWzP. W czerwcu 1981 roku zosta\u0142 delegatem na I WZD Regionu Dolny \u015al\u0105sk. Zosta\u0142 wiceprzewodnicz\u0105cym ZR oraz  przewodnicz\u0105cym Zarz\u0105du Oddzia\u0142u Wojew\u00f3dzkiego \u201eS\u201d w Wa\u0142brzychu. Na prze\u0142omie wrze\u015bnia i pa\u017adziernika 1981 roku by\u0142 delegatem na I KZD. Od dnia wprowadzenia stanu wojennego pozostawa\u0142 w ukryciu. 15 grudnia 1981 roku zosta\u0142 zatrzymany, a nast\u0119pnie internowany i osadzony kolejno w KW MO w Wa\u0142brzychu, Areszcie \u015aledczym w \u015awidnicy oraz O\u015brodkach Odosobnienia w Kamiennej G\u00f3rze, G\u0142ogowie, Grodkowie i Uhercach. 7 grudnia 1982 roku zosta\u0142 zwolniony. By\u0142 cz\u0142onkiem i wiceprzewodnicz\u0105cym nieformalnej grupy opozycyjnej, od 1983 roku Tajnej\/Tymczasowej Komisji Oddzia\u0142u \u201eS\u201d Wojew\u00f3dztwa Wa\u0142brzyskiego, zwi\u0105zanej z Mieczys\u0142awem Tarnowskim. W latach 1982 &#8211; 1989 kolportowa\u0142 ulotki, znaczki poczt podziemnych oraz inne materia\u0142y \u201eS\u201d i \u201eSolidarno\u015bci Walcz\u0105cej\u201d. W latach 1983 &#8211; 1989 wsp\u00f3\u0142organizowa\u0142 Msze za Ojczyzn\u0119 w wa\u0142brzyskich ko\u015bcio\u0142ach \u015bw. J\u00f3zefa Robotnika, \u015bw. Anio\u0142\u00f3w Str\u00f3\u017c\u00f3w i \u015bw. Franciszka z Asy\u017cu, dzia\u0142a\u0142 w KIK w Wa\u0142brzychu. W latach 1983 &#8211; 1985 nale\u017ca\u0142 do Komitetu Pomocy Wi\u0119zionym i ich Rodzinom. W latach 1984 &#8211; 1989 nale\u017ca\u0142 do Duszpasterstwa Ludzi Pracy w Wa\u0142brzychu. W latach 1985 &#8211; 1989 pracowa\u0142 jako ajent wa\u0142brzyskiego Zak\u0142adu Us\u0142ug Wysoko\u015bciowych przy Klubie Sportowym \u201eG\u00f3rnik\u201d. W latach 1989 &#8211; 1995 by\u0142 wsp\u00f3\u0142w\u0142a\u015bcicielem firmy Agma w Wa\u0142brzychu. W 2012 roku Jerzy Szulc zosta\u0142 odznaczony po\u015bmiertnie Krzy\u017cem Kawalerskim Orderu Odrodzenia Polski.<br \/>\n10 X 1980 \u2013 17 I 1983 rozpracowywany przez Wydz. V KW MO w Wa\u0142brzychu w ramach SOR krypt. Solidarno\u015b\u0107\/SOS krypt. Sierota; 18 II 1983 \u2013 7 III 1985 przez Wydz. V KW MO\/WUSW w Wa\u0142brzychu w ramach SOR; 1988 \u2013 16 X 1989 przez Wydz. III WUSW w Wa\u0142brzychu w ramach SOR.<\/p>\n","protected":false},"excerpt":{"rendered":"<p>Urodzi\u0142 si\u0119 29 sierpnia 1954 roku w Wa\u0142brzychu, zm. 28 lutego 2012 roku w Wa\u0142brzychu. W 1975 roku uko\u0144czy\u0142 Technikum Mechaniczne w Wa\u0142brzychu. W tym samym roku rozpocz\u0105\u0142 prac\u0119 jako specjalista ds. transportu w Sp\u00f3\u0142dzielni Transportu Wiejskiego w Wa\u0142brzychu. W latach 1975-1985 by\u0142 zatrudniony kolejno jako \u015blusarz, g\u00f3rnik, g\u00f3rnik ratownik w Kopalni W\u0119gla Kamiennego \u201eWa\u0142brzych\u201d. [&hellip;]<\/p>\n","protected":false},"featured_media":3409,"template":"","meta":[],"_links":{"self":[{"href":"http:\/\/ludzie.fundacja-pih.pl\/index.php\/wp-json\/wp\/v2\/product\/2328"}],"collection":[{"href":"http:\/\/ludzie.fundacja-pih.pl\/index.php\/wp-json\/wp\/v2\/product"}],"about":[{"href":"http:\/\/ludzie.fundacja-pih.pl\/index.php\/wp-json\/wp\/v2\/types\/product"}],"wp:featuredmedia":[{"embeddable":true,"href":"http:\/\/ludzie.fundacja-pih.pl\/index.php\/wp-json\/wp\/v2\/media\/3409"}],"wp:attachment":[{"href":"http:\/\/ludzie.fundacja-pih.pl\/index.php\/wp-json\/wp\/v2\/media?parent=2328"}],"curies":[{"name":"wp","href":"https:\/\/api.w.org\/{rel}","templated":true}]}}