{"id":2329,"date":"2021-03-21T16:32:56","date_gmt":"2021-03-21T16:32:56","guid":{"rendered":"http:\/\/ludzie.fundacja-pih.pl\/?post_type=product&#038;p=2329"},"modified":"2025-05-16T14:18:45","modified_gmt":"2025-05-16T14:18:45","slug":"swiderek-marta","status":"publish","type":"product","link":"http:\/\/ludzie.fundacja-pih.pl\/index.php\/product\/swiderek-marta\/","title":{"rendered":"\u015awiderek Marta"},"content":{"rendered":"<p>Urodzi\u0142a si\u0119 26 lutego 1954 roku we Wroc\u0142awiu, zm. 18 czerwca 2003 roku tam\u017ce.<\/p>\n<p>Dzia\u0142a\u0142a pod pseudonimem \u201eKrakowianka\u201d. By\u0142a \u0142\u0105czniczk\u0105 Radia \u201eSolidarno\u015b\u0107 Walcz\u0105ca\u201d z Hann\u0105 \u0141ukowsk\u0105-Karniej. Od 1986 roku dwa razy w miesi\u0105cu podr\u00f3\u017cowa\u0142a autobusem do Gorzowa Wielkopolskiego z wydawnictwami SW, a tak\u017ce innymi wydawnictwami podziemnymi. Po 1991 roku pracowa\u0142a w prywatnym wydawnictwie os\u00f3b zwi\u0105zanych wcze\u015bniej z \u201eSolidarno\u015bci\u0105 Walcz\u0105c\u0105\u201d<\/p>\n","protected":false},"excerpt":{"rendered":"<p>Urodzi\u0142a si\u0119 26 lutego 1954 roku we Wroc\u0142awiu, zm. 18 czerwca 2003 roku tam\u017ce. Dzia\u0142a\u0142a pod pseudonimem \u201eKrakowianka\u201d. By\u0142a \u0142\u0105czniczk\u0105 Radia \u201eSolidarno\u015b\u0107 Walcz\u0105ca\u201d z Hann\u0105 \u0141ukowsk\u0105-Karniej. Od 1986 roku dwa razy w miesi\u0105cu podr\u00f3\u017cowa\u0142a autobusem do Gorzowa Wielkopolskiego z wydawnictwami SW, a tak\u017ce innymi wydawnictwami podziemnymi. Po 1991 roku pracowa\u0142a w prywatnym wydawnictwie os\u00f3b zwi\u0105zanych [&hellip;]<\/p>\n","protected":false},"featured_media":3042,"template":"","meta":[],"_links":{"self":[{"href":"http:\/\/ludzie.fundacja-pih.pl\/index.php\/wp-json\/wp\/v2\/product\/2329"}],"collection":[{"href":"http:\/\/ludzie.fundacja-pih.pl\/index.php\/wp-json\/wp\/v2\/product"}],"about":[{"href":"http:\/\/ludzie.fundacja-pih.pl\/index.php\/wp-json\/wp\/v2\/types\/product"}],"wp:featuredmedia":[{"embeddable":true,"href":"http:\/\/ludzie.fundacja-pih.pl\/index.php\/wp-json\/wp\/v2\/media\/3042"}],"wp:attachment":[{"href":"http:\/\/ludzie.fundacja-pih.pl\/index.php\/wp-json\/wp\/v2\/media?parent=2329"}],"curies":[{"name":"wp","href":"https:\/\/api.w.org\/{rel}","templated":true}]}}