{"id":2333,"date":"2021-03-21T16:37:37","date_gmt":"2021-03-21T16:37:37","guid":{"rendered":"http:\/\/ludzie.fundacja-pih.pl\/?post_type=product&#038;p=2333"},"modified":"2025-05-16T14:18:48","modified_gmt":"2025-05-16T14:18:48","slug":"wertka-edward-lubin","status":"publish","type":"product","link":"http:\/\/ludzie.fundacja-pih.pl\/index.php\/product\/wertka-edward-lubin\/","title":{"rendered":"Wertka Edward (Lubin)"},"content":{"rendered":"<p>Urodzi\u0142 si\u0119 11 pa\u017adziernika 1937 roku.<\/p>\n<p>W 1980 roku wst\u0105pi\u0142 do NSZZ \u201eSolidarno\u015b\u0107\u201d. Po wprowadzeniu stanu wojennego organizowa\u0142 zbi\u00f3rki dla rodzin os\u00f3b internowanych. Podczas jednej z licznych manifestacji antyre\u017cimowych w jakich bra\u0142 udzia\u0142, zosta\u0142 postrzelony w r\u0119k\u0119. W 1982 roku w zwi\u0105zku z tym przeszed\u0142 na rent\u0119 inwalidzk\u0105. Zaanga\u017cowa\u0142 si\u0119 w druk wydawnictw podziemnych redagowanych na terenie Lubina, a tak\u017ce wydawnictw \u201eSolidarno\u015bci Walcz\u0105cej\u201d z Wroc\u0142awia. Zajmowa\u0142 si\u0119 r\u00f3wnie\u017c ich kolporta\u017cem. <\/p>\n","protected":false},"excerpt":{"rendered":"<p>Urodzi\u0142 si\u0119 11 pa\u017adziernika 1937 roku. W 1980 roku wst\u0105pi\u0142 do NSZZ \u201eSolidarno\u015b\u0107\u201d. Po wprowadzeniu stanu wojennego organizowa\u0142 zbi\u00f3rki dla rodzin os\u00f3b internowanych. Podczas jednej z licznych manifestacji antyre\u017cimowych w jakich bra\u0142 udzia\u0142, zosta\u0142 postrzelony w r\u0119k\u0119. W 1982 roku w zwi\u0105zku z tym przeszed\u0142 na rent\u0119 inwalidzk\u0105. Zaanga\u017cowa\u0142 si\u0119 w druk wydawnictw podziemnych redagowanych [&hellip;]<\/p>\n","protected":false},"featured_media":906,"template":"","meta":[],"_links":{"self":[{"href":"http:\/\/ludzie.fundacja-pih.pl\/index.php\/wp-json\/wp\/v2\/product\/2333"}],"collection":[{"href":"http:\/\/ludzie.fundacja-pih.pl\/index.php\/wp-json\/wp\/v2\/product"}],"about":[{"href":"http:\/\/ludzie.fundacja-pih.pl\/index.php\/wp-json\/wp\/v2\/types\/product"}],"wp:featuredmedia":[{"embeddable":true,"href":"http:\/\/ludzie.fundacja-pih.pl\/index.php\/wp-json\/wp\/v2\/media\/906"}],"wp:attachment":[{"href":"http:\/\/ludzie.fundacja-pih.pl\/index.php\/wp-json\/wp\/v2\/media?parent=2333"}],"curies":[{"name":"wp","href":"https:\/\/api.w.org\/{rel}","templated":true}]}}