{"id":2336,"date":"2021-03-21T20:38:09","date_gmt":"2021-03-21T20:38:09","guid":{"rendered":"http:\/\/ludzie.fundacja-pih.pl\/?post_type=product&#038;p=2336"},"modified":"2025-05-16T14:18:49","modified_gmt":"2025-05-16T14:18:49","slug":"wierzejski-leszek","status":"publish","type":"product","link":"http:\/\/ludzie.fundacja-pih.pl\/index.php\/product\/wierzejski-leszek\/","title":{"rendered":"Wierzejski Leszek"},"content":{"rendered":"<p>Urodzi\u0142 si\u0119 24 lipca 1929 roku w Stanis\u0142awowie, zm. 23 wrze\u015bnia 1995 roku. <\/p>\n<p>W 1952 roku uko\u0144czy\u0142 studia w zakresie historii na Uniwersytecie Wroc\u0142awskim.  Przed wybuchem II wojny \u015bwiatowej nale\u017ca\u0142 do ZHP. W latach 1950 &#8211; 1954 pracowa\u0142 jako asystent na Wydziale Humanistycznym Uniwersytetu Wroc\u0142awskiego. W latach 1954 &#8211; 1956 by\u0142 zatrudniony jako nauczyciel historii w Oficerskim Technikum Po\u017carnictwa we Wroc\u0142awiu. Od roku 1956 do marca 1983 roku pracowa\u0142 jako bibliotekarz, kustosz i kierownik w Bibliotece G\u0142\u00f3wnej Akademii Ekonomicznej we Wroc\u0142awiu. Przed 1980 roku pracowa\u0142 r\u00f3wnie\u017c jako nauczyciel historii w X LO oraz jako wyk\u0142adowca w Mi\u0119dzyzak\u0142adowym Uniwersytecie Robotniczym ZZ we Wroc\u0142awiu. W latach 1983 &#8211; 1994 przebywa\u0142 na rencie. W latach 1950-1980 nale\u017ca\u0142 do ZNP. W latach 1979 &#8211; 1981 by\u0142 autorem w niezale\u017cnym \u201eBiuletynie Dolno\u015bl\u0105skim\u201d (ps. Czytelnik z Kres\u00f3w). We wrze\u015bniu 1980 roku wst\u0105pi\u0142 do NSZZ \u201eSolidarno\u015b\u0107\u201d, wszed\u0142 w sk\u0142ad KZ we wroc\u0142awskiej AE. Do 1989 roku by\u0142 wyk\u0142adowc\u0105 w grupach samokszta\u0142ceniowych. Do 1989 roku inicjowa\u0142 tworzenie tablic upami\u0119tniaj\u0105cych J\u00f3zefa Pi\u0142sudskiego, bohater\u00f3w powsta\u0144 narodowych i innych. W 1981 roku by\u0142 autorem w niezale\u017cnym pi\u015bmie \u201eSolidarno\u015b\u0107 Nauczycielska\u201d. W listopadzie i grudniu  1981 by\u0142 r\u00f3wnie\u017c redaktorem i autorem w pi\u015bmie kolejarzy \u201eSemafor\u201d. Po wprowadzeniu stanu wojennego, 14 grudnia 1981 roku, wraz z Andrzejem Ory\u0144skim, wsp\u00f3\u0142zak\u0142ada\u0142 podziemne pismo \u201eWiadomo\u015bci Bie\u017c\u0105ce\u201d. Do grudnia 1982 roku by\u0142 redaktorem, przepisywa\u0142 i pisa\u0142 teksty (ps. Obserwator, Joanna). Wsp\u00f3\u0142organizowa\u0142 kolporta\u017c i sie\u0107 informator\u00f3w. 7 grudnia 1982 roku zosta\u0142 zatrzymany, 9 grudnia internowany, 11 grudnia aresztowany, 11 kwietnia 1983 roku zwolniony. 10 marca 1983 roku zosta\u0142 zwolniony z pracy. 18 maja 1983 roku skazany na kar\u0119 1,5 roku pozbawienia wolno\u015bci w zawieszeniu na 3 lata oraz zwolniony z pracy. Od lipca 1983 roku do czerwca 1989 roku pe\u0142ni\u0142 rol\u0119 redaktora. Od listopada 1985 roku do sierpnia 1986 roku pe\u0142ni\u0142 funkcj\u0119 redaktora naczelnego \u201eWiadomo\u015bci Bie\u017c\u0105cych\u201d. Na pocz\u0105tku 1982 roku razem z Andrzejem Ory\u0144skim by\u0142 wsp\u00f3\u0142autorem wyboru informacji i artyku\u0142\u00f3w z prasy podziemnej w ramach kom\u00f3rki Rafineria dla kierownictwa RKS \u201eS\u201d Dolny \u015al\u0105sk i \u201eSolidarno\u015bci Walcz\u0105cej\u201d, nast\u0119pnie redakcji podziemnego pisma \u201ePrzegl\u0105d Prasy\u201d. Od marca 1984 roku do roku 1988 wsp\u00f3\u0142pracowa\u0142 z miesi\u0119cznikiem \u201ePrawda\u201d wydawanym przez RKS Dolny \u015al\u0105sk. W latach 1984 &#8211; 1989 by\u0142 wyk\u0142adowc\u0105 na Chrze\u015bcija\u0144skim Uniwersytecie Robotniczym przy Duszpasterstwie Ludzi Pracy przy parafii \u015bw. Klemensa Dworzaka we Wroc\u0142awiu. Po 1989 roku by\u0142 autorem w prasie katolickiej. Od 17 wrze\u015bnia 1982 roku by\u0142 rozpracowywany przez Wydz. V\/V-1 KW MO\/ WUSW we Wroc\u0142awiu w ramach SOR o kryptonimie \u201eKropla\u201d.<\/p>\n","protected":false},"excerpt":{"rendered":"<p>Urodzi\u0142 si\u0119 24 lipca 1929 roku w Stanis\u0142awowie, zm. 23 wrze\u015bnia 1995 roku. W 1952 roku uko\u0144czy\u0142 studia w zakresie historii na Uniwersytecie Wroc\u0142awskim. Przed wybuchem II wojny \u015bwiatowej nale\u017ca\u0142 do ZHP. W latach 1950 &#8211; 1954 pracowa\u0142 jako asystent na Wydziale Humanistycznym Uniwersytetu Wroc\u0142awskiego. W latach 1954 &#8211; 1956 by\u0142 zatrudniony jako nauczyciel historii [&hellip;]<\/p>\n","protected":false},"featured_media":906,"template":"","meta":[],"_links":{"self":[{"href":"http:\/\/ludzie.fundacja-pih.pl\/index.php\/wp-json\/wp\/v2\/product\/2336"}],"collection":[{"href":"http:\/\/ludzie.fundacja-pih.pl\/index.php\/wp-json\/wp\/v2\/product"}],"about":[{"href":"http:\/\/ludzie.fundacja-pih.pl\/index.php\/wp-json\/wp\/v2\/types\/product"}],"wp:featuredmedia":[{"embeddable":true,"href":"http:\/\/ludzie.fundacja-pih.pl\/index.php\/wp-json\/wp\/v2\/media\/906"}],"wp:attachment":[{"href":"http:\/\/ludzie.fundacja-pih.pl\/index.php\/wp-json\/wp\/v2\/media?parent=2336"}],"curies":[{"name":"wp","href":"https:\/\/api.w.org\/{rel}","templated":true}]}}