{"id":2337,"date":"2021-03-21T20:39:09","date_gmt":"2021-03-21T20:39:09","guid":{"rendered":"http:\/\/ludzie.fundacja-pih.pl\/?post_type=product&#038;p=2337"},"modified":"2025-05-16T14:18:50","modified_gmt":"2025-05-16T14:18:50","slug":"winciorek-roland","status":"publish","type":"product","link":"http:\/\/ludzie.fundacja-pih.pl\/index.php\/product\/winciorek-roland\/","title":{"rendered":"Winciorek Roland"},"content":{"rendered":"<p>Urodzi\u0142 si\u0119 4 kwietnia 1920 roku w Lipcach Reymontowskich, zm. 10 pa\u017adziernika 2004 roku we Wroc\u0142awiu<\/p>\n<p>W czasie II wojny \u015bwiatowej przy\u0142\u0105czy\u0142 si\u0119 do dzia\u0142alno\u015bci konspiracyjnej. Nale\u017ca\u0142 do S\u0142u\u017cby Zwyci\u0119stwu Polsce, Zwi\u0105zku Walki Zbrojnej i Armii Krajowej. Nawi\u0105za\u0142 tak\u017ce wsp\u00f3\u0142prac\u0119 z Rad\u0105 Pomocy \u017bydom \u2013 \u201e\u017begot\u0105\u201d. Pe\u0142ni\u0142 rol\u0119 \u0142\u0105cznika AK z \u017cydowskim podziemiem, przekazywa\u0142 informacje, pomaga\u0142 tak\u017ce ukrywaj\u0105cym si\u0119 \u017bydom. Wraz z bratem dostarcza\u0142 do getta r\u00f3wnie\u017c bro\u0144. Walczy\u0142 w oddzia\u0142ach wile\u0144skich AK, bra\u0142 udzia\u0142 w operacji \u201eOstra Brama\u201d. Dzia\u0142a\u0142 w Zrzeszeniu \u201eWolno\u015b\u0107 i Niezawis\u0142o\u015b\u0107\u201d. Pod koniec lat czterdziestych osiedli\u0142 si\u0119 wraz z rodzin\u0105 w Wilczynie Le\u015bnej. W latach osiemdziesi\u0105tych nale\u017ca\u0142 do \u201eSolidarno\u015bci Walcz\u0105cej\u201d. W ramach tej przynale\u017cno\u015bci zajmowa\u0142 si\u0119 drukiem wydawnictw podziemnych i kolporta\u017cem. Cz\u0142onkom SW s\u0142u\u017cy\u0142 wiedz\u0105 i do\u015bwiadczeniem konspiracyjnym. W trakcie dzia\u0142alno\u015bci w SW zdarzy\u0142o si\u0119, \u017ce Roland Winciorek ukrywa\u0142 dezertera z armii sowieckiej. <\/p>\n","protected":false},"excerpt":{"rendered":"<p>Urodzi\u0142 si\u0119 4 kwietnia 1920 roku w Lipcach Reymontowskich, zm. 10 pa\u017adziernika 2004 roku we Wroc\u0142awiu W czasie II wojny \u015bwiatowej przy\u0142\u0105czy\u0142 si\u0119 do dzia\u0142alno\u015bci konspiracyjnej. Nale\u017ca\u0142 do S\u0142u\u017cby Zwyci\u0119stwu Polsce, Zwi\u0105zku Walki Zbrojnej i Armii Krajowej. Nawi\u0105za\u0142 tak\u017ce wsp\u00f3\u0142prac\u0119 z Rad\u0105 Pomocy \u017bydom \u2013 \u201e\u017begot\u0105\u201d. Pe\u0142ni\u0142 rol\u0119 \u0142\u0105cznika AK z \u017cydowskim podziemiem, przekazywa\u0142 informacje, [&hellip;]<\/p>\n","protected":false},"featured_media":906,"template":"","meta":[],"_links":{"self":[{"href":"http:\/\/ludzie.fundacja-pih.pl\/index.php\/wp-json\/wp\/v2\/product\/2337"}],"collection":[{"href":"http:\/\/ludzie.fundacja-pih.pl\/index.php\/wp-json\/wp\/v2\/product"}],"about":[{"href":"http:\/\/ludzie.fundacja-pih.pl\/index.php\/wp-json\/wp\/v2\/types\/product"}],"wp:featuredmedia":[{"embeddable":true,"href":"http:\/\/ludzie.fundacja-pih.pl\/index.php\/wp-json\/wp\/v2\/media\/906"}],"wp:attachment":[{"href":"http:\/\/ludzie.fundacja-pih.pl\/index.php\/wp-json\/wp\/v2\/media?parent=2337"}],"curies":[{"name":"wp","href":"https:\/\/api.w.org\/{rel}","templated":true}]}}