{"id":2338,"date":"2021-03-21T20:40:01","date_gmt":"2021-03-21T20:40:01","guid":{"rendered":"http:\/\/ludzie.fundacja-pih.pl\/?post_type=product&#038;p=2338"},"modified":"2025-05-16T14:18:50","modified_gmt":"2025-05-16T14:18:50","slug":"wojczynska-danuta","status":"publish","type":"product","link":"http:\/\/ludzie.fundacja-pih.pl\/index.php\/product\/wojczynska-danuta\/","title":{"rendered":"Wojczy\u0144ska Danuta"},"content":{"rendered":"<p>ur. w 1926 r.<\/p>\n<p>Matka Ewy Grzegorzewskiej, wspiera\u0142a c\u00f3rk\u0119 w dzia\u0142alno\u015bci podziemnej.<\/p>\n","protected":false},"excerpt":{"rendered":"<p>ur. w 1926 r. Matka Ewy Grzegorzewskiej, wspiera\u0142a c\u00f3rk\u0119 w dzia\u0142alno\u015bci podziemnej.<\/p>\n","protected":false},"featured_media":906,"template":"","meta":[],"_links":{"self":[{"href":"http:\/\/ludzie.fundacja-pih.pl\/index.php\/wp-json\/wp\/v2\/product\/2338"}],"collection":[{"href":"http:\/\/ludzie.fundacja-pih.pl\/index.php\/wp-json\/wp\/v2\/product"}],"about":[{"href":"http:\/\/ludzie.fundacja-pih.pl\/index.php\/wp-json\/wp\/v2\/types\/product"}],"wp:featuredmedia":[{"embeddable":true,"href":"http:\/\/ludzie.fundacja-pih.pl\/index.php\/wp-json\/wp\/v2\/media\/906"}],"wp:attachment":[{"href":"http:\/\/ludzie.fundacja-pih.pl\/index.php\/wp-json\/wp\/v2\/media?parent=2338"}],"curies":[{"name":"wp","href":"https:\/\/api.w.org\/{rel}","templated":true}]}}