{"id":2339,"date":"2021-03-21T20:41:23","date_gmt":"2021-03-21T20:41:23","guid":{"rendered":"http:\/\/ludzie.fundacja-pih.pl\/?post_type=product&#038;p=2339"},"modified":"2025-05-16T14:18:51","modified_gmt":"2025-05-16T14:18:51","slug":"wojtasik-ryszard","status":"publish","type":"product","link":"http:\/\/ludzie.fundacja-pih.pl\/index.php\/product\/wojtasik-ryszard\/","title":{"rendered":"Wojtasik Ryszard"},"content":{"rendered":"<p>Urodzi\u0142 si\u0119 13 grudnia 1948 roku w Jaros\u0142awiu.<\/p>\n<p>W okresie stanu wojennego wsp\u00f3\u0142pracowa\u0142 z osobami tworz\u0105cymi Radio \u201eSolidarno\u015b\u0107\u201d. Konstruowa\u0142 podzespo\u0142y do nadajnik\u00f3w radiowych. Od 3 czerwca 1983 roku, w ramach Sprawy Operacyjnego Rozpracowania o kryptonimie \u201ePismo\u201d, inwigilowany i rozpracowywany. Wobec Ryszarda Wojtasika wszcz\u0119te by\u0142o post\u0119powanie prokuratorskie za dzia\u0142alno\u015b\u0107 w Radiu \u201eSolidarno\u015b\u0107 Walcz\u0105ca\u201d we Wroc\u0142awiu. W wyniku z\u0142o\u017cenia dobrowolnych zezna\u0144, odst\u0105piono od kontynuowania post\u0119powania.<\/p>\n","protected":false},"excerpt":{"rendered":"<p>Urodzi\u0142 si\u0119 13 grudnia 1948 roku w Jaros\u0142awiu. W okresie stanu wojennego wsp\u00f3\u0142pracowa\u0142 z osobami tworz\u0105cymi Radio \u201eSolidarno\u015b\u0107\u201d. Konstruowa\u0142 podzespo\u0142y do nadajnik\u00f3w radiowych. Od 3 czerwca 1983 roku, w ramach Sprawy Operacyjnego Rozpracowania o kryptonimie \u201ePismo\u201d, inwigilowany i rozpracowywany. Wobec Ryszarda Wojtasika wszcz\u0119te by\u0142o post\u0119powanie prokuratorskie za dzia\u0142alno\u015b\u0107 w Radiu \u201eSolidarno\u015b\u0107 Walcz\u0105ca\u201d we Wroc\u0142awiu. W [&hellip;]<\/p>\n","protected":false},"featured_media":906,"template":"","meta":[],"_links":{"self":[{"href":"http:\/\/ludzie.fundacja-pih.pl\/index.php\/wp-json\/wp\/v2\/product\/2339"}],"collection":[{"href":"http:\/\/ludzie.fundacja-pih.pl\/index.php\/wp-json\/wp\/v2\/product"}],"about":[{"href":"http:\/\/ludzie.fundacja-pih.pl\/index.php\/wp-json\/wp\/v2\/types\/product"}],"wp:featuredmedia":[{"embeddable":true,"href":"http:\/\/ludzie.fundacja-pih.pl\/index.php\/wp-json\/wp\/v2\/media\/906"}],"wp:attachment":[{"href":"http:\/\/ludzie.fundacja-pih.pl\/index.php\/wp-json\/wp\/v2\/media?parent=2339"}],"curies":[{"name":"wp","href":"https:\/\/api.w.org\/{rel}","templated":true}]}}