{"id":2340,"date":"2021-03-21T20:42:15","date_gmt":"2021-03-21T20:42:15","guid":{"rendered":"http:\/\/ludzie.fundacja-pih.pl\/?post_type=product&#038;p=2340"},"modified":"2025-05-16T14:18:51","modified_gmt":"2025-05-16T14:18:51","slug":"wojtowicz-antoni","status":"publish","type":"product","link":"http:\/\/ludzie.fundacja-pih.pl\/index.php\/product\/wojtowicz-antoni\/","title":{"rendered":"W\u00f3jtowicz Antoni"},"content":{"rendered":"<p>Urodzi\u0142 si\u0119 17 wrze\u015bnia 1954 roku w Namys\u0142owie, zm. 16 listopada 2020 roku we Wroc\u0142awiu.<\/p>\n<p>W 1978 roku uko\u0144czy\u0142 studia historyczne na Uniwersytecie Wroc\u0142awskim. W latach 1978 &#8211; 1982 by\u0142 studentem Instytutu Nauk Politycznych tej samej uczelni. W 1980 roku zosta\u0142 za\u0142o\u017cycielem Niezale\u017cnego Zrzeszenia Student\u00f3w w INP Uniwersytetu Wroc\u0142awskiego. W 1981 roku wszed\u0142 w sk\u0142ad Zarz\u0105du Uczelnianego NZS tej uczelni. W latach 1980 &#8211; 1981 redagowa\u0142 niezale\u017cny studencki miesi\u0119cznik spo\u0142eczno-polityczny \u201eWoda na M\u0142yn\u201d. W 1981 roku za\u0142o\u017cy\u0142 i koordynowa\u0142 dzia\u0142alno\u015b\u0107 wydawnictwa NZS Uniwersytetu Wroc\u0142awskiego \u201eUniversitas\u201d. Wsp\u00f3\u0142organizowa\u0142 strajki studenckie na uniwersytecie w tym: w lutym 1981 roku strajk ws. rejestracji NZS i na prze\u0142omie listopada i grudnia tego samego roku, strajk solidarno\u015bciowy ze studentami radomskiej WSI. W czasie strajku radomskiego nale\u017ca\u0142 do Uczelnianego KS. Po wprowadzeniu stanu wojennego wzi\u0105\u0142 udzia\u0142 w strajku w Gmachu G\u0142\u00f3wnym Uniwersytetu Wroc\u0142awskiego. Z 14\/15 grudnia 1981 roku zosta\u0142 internowany i osadzony  w O\u015brodkach Odosobnienia we Wroc\u0142awiu, a nast\u0119pnie w Grodkowie. 25 maja 1982 roku zosta\u0142 zwolniony. 7 listopada 1982 roku zosta\u0142 ponownie internowany i osadzony w O\u015brodku Odosobnienia w Strzelinie. 21 listopada 1982 roku zosta\u0142 zwolniony. Od lutego 1983 roku do roku 1989 by\u0142 zatrudniony w Zak\u0142adzie Produkcji Uszczelnie\u0144 Technicznych we Wroc\u0142awiu. Do listopada 1983 roku wsp\u00f3\u0142pracowa\u0142 z podziemnym zak\u0142adowym pismem \u201eJedno\u015bci\u0105 Silni\u201d. W latach 1983 &#8211; 1986 by\u0142 doktorantem w Instytucie Historii PAN. W latach 1984 &#8211; 1989 szefowa\u0142 podziemnemu wydawnictwu Sp\u00f3\u0142dzielnia Wydawnicza Profil. W tym te\u017c czasie nawi\u0105za\u0142 wsp\u00f3\u0142prac\u0119 z Solidarno\u015bci\u0105 Walcz\u0105c\u0105. W 1990 roku zosta\u0142 w\u0142a\u015bcicielem Wydawnictwa Profil. Za swoj\u0105 dzia\u0142alno\u015b\u0107 zosta\u0142 odznaczony Krzy\u017cem Oficerskim Orderu Odrodzenia Polski (2011), Krzy\u017cem Wolno\u015bci i Solidarno\u015bci (2016). Zosta\u0142 r\u00f3wnie\u017c laureatem Dolno\u015bl\u0105skiej Nagrody Kulturalnej Silesia (2009).<\/p>\n","protected":false},"excerpt":{"rendered":"<p>Urodzi\u0142 si\u0119 17 wrze\u015bnia 1954 roku w Namys\u0142owie, zm. 16 listopada 2020 roku we Wroc\u0142awiu. W 1978 roku uko\u0144czy\u0142 studia historyczne na Uniwersytecie Wroc\u0142awskim. W latach 1978 &#8211; 1982 by\u0142 studentem Instytutu Nauk Politycznych tej samej uczelni. W 1980 roku zosta\u0142 za\u0142o\u017cycielem Niezale\u017cnego Zrzeszenia Student\u00f3w w INP Uniwersytetu Wroc\u0142awskiego. W 1981 roku wszed\u0142 w sk\u0142ad [&hellip;]<\/p>\n","protected":false},"featured_media":3537,"template":"","meta":[],"_links":{"self":[{"href":"http:\/\/ludzie.fundacja-pih.pl\/index.php\/wp-json\/wp\/v2\/product\/2340"}],"collection":[{"href":"http:\/\/ludzie.fundacja-pih.pl\/index.php\/wp-json\/wp\/v2\/product"}],"about":[{"href":"http:\/\/ludzie.fundacja-pih.pl\/index.php\/wp-json\/wp\/v2\/types\/product"}],"wp:featuredmedia":[{"embeddable":true,"href":"http:\/\/ludzie.fundacja-pih.pl\/index.php\/wp-json\/wp\/v2\/media\/3537"}],"wp:attachment":[{"href":"http:\/\/ludzie.fundacja-pih.pl\/index.php\/wp-json\/wp\/v2\/media?parent=2340"}],"curies":[{"name":"wp","href":"https:\/\/api.w.org\/{rel}","templated":true}]}}