{"id":2347,"date":"2021-03-21T20:48:49","date_gmt":"2021-03-21T20:48:49","guid":{"rendered":"http:\/\/ludzie.fundacja-pih.pl\/?post_type=product&#038;p=2347"},"modified":"2025-05-16T14:18:56","modified_gmt":"2025-05-16T14:18:56","slug":"zolynski-waclaw","status":"publish","type":"product","link":"http:\/\/ludzie.fundacja-pih.pl\/index.php\/product\/zolynski-waclaw\/","title":{"rendered":"\u017bo\u0142y\u0144ski Wac\u0142aw"},"content":{"rendered":"<p>Urodzi\u0142 si\u0119 w 1956 roku w K\u0119dzierzynie-Ko\u017alu, zm. 23 kwietnia 2016 roku we Wroc\u0142awiu.<\/p>\n<p>W latach 1978 &#8211; 1980 wsp\u00f3\u0142pracowa\u0142 ze Studenckim Komitetem Solidarno\u015bci we Wroc\u0142awiu, b\u0119d\u0105c g\u0142\u00f3wnie kolporterem jego niezale\u017cnych wydawnictw. Od roku 1980 by\u0142 cz\u0142onkiem Zarz\u0105du Uniwersyteckiego Niezale\u017cnego Zrzeszenia Student\u00f3w Uniwersytetu Wroc\u0142awskiego. W maju 1981 roku zorganizowa\u0142 we Wroc\u0142awiu demonstracj\u0119 na rzecz uwolnienia wi\u0119\u017ani\u00f3w politycznych, a jesieni\u0105 tego samego roku uczestniczy\u0142 w strajku Niezale\u017cnego Zrzeszenia Student\u00f3w. W marcu 1982 roku zosta\u0142 internowany i osadzony w O\u015brodku Odosobnienia w Grodkowie, gdzie, pomimo z\u0142ego stanu zdrowia, przebywa\u0142 do lipca tego samego roku. W latach osiemdziesi\u0105tych wsp\u00f3\u0142organizowa\u0142 i uczestniczy\u0142 w wielu manifestacjach antyre\u017cimowych, w akcjach ulotkowych oraz zbi\u00f3rkach pieni\u0119dzy dla os\u00f3b prze\u015bladowanych z powod\u00f3w politycznych. Kolportowa\u0142 pras\u0119 \u201eSolidarno\u015bci Walcz\u0105cej\u201d. W 2016 roku na podstawie postanowienia Prezydenta RP \u2013 nr 294\/2016 &#8211;  nadano mu Krzy\u017c Wolno\u015bci i Solidarno\u015bci.<\/p>\n","protected":false},"excerpt":{"rendered":"<p>Urodzi\u0142 si\u0119 w 1956 roku w K\u0119dzierzynie-Ko\u017alu, zm. 23 kwietnia 2016 roku we Wroc\u0142awiu. W latach 1978 &#8211; 1980 wsp\u00f3\u0142pracowa\u0142 ze Studenckim Komitetem Solidarno\u015bci we Wroc\u0142awiu, b\u0119d\u0105c g\u0142\u00f3wnie kolporterem jego niezale\u017cnych wydawnictw. Od roku 1980 by\u0142 cz\u0142onkiem Zarz\u0105du Uniwersyteckiego Niezale\u017cnego Zrzeszenia Student\u00f3w Uniwersytetu Wroc\u0142awskiego. W maju 1981 roku zorganizowa\u0142 we Wroc\u0142awiu demonstracj\u0119 na rzecz uwolnienia [&hellip;]<\/p>\n","protected":false},"featured_media":906,"template":"","meta":[],"_links":{"self":[{"href":"http:\/\/ludzie.fundacja-pih.pl\/index.php\/wp-json\/wp\/v2\/product\/2347"}],"collection":[{"href":"http:\/\/ludzie.fundacja-pih.pl\/index.php\/wp-json\/wp\/v2\/product"}],"about":[{"href":"http:\/\/ludzie.fundacja-pih.pl\/index.php\/wp-json\/wp\/v2\/types\/product"}],"wp:featuredmedia":[{"embeddable":true,"href":"http:\/\/ludzie.fundacja-pih.pl\/index.php\/wp-json\/wp\/v2\/media\/906"}],"wp:attachment":[{"href":"http:\/\/ludzie.fundacja-pih.pl\/index.php\/wp-json\/wp\/v2\/media?parent=2347"}],"curies":[{"name":"wp","href":"https:\/\/api.w.org\/{rel}","templated":true}]}}