{"id":2350,"date":"2021-03-21T20:54:36","date_gmt":"2021-03-21T20:54:36","guid":{"rendered":"http:\/\/ludzie.fundacja-pih.pl\/?post_type=product&#038;p=2350"},"modified":"2025-05-16T14:18:56","modified_gmt":"2025-05-16T14:18:56","slug":"antosiewicz-t","status":"publish","type":"product","link":"http:\/\/ludzie.fundacja-pih.pl\/index.php\/product\/antosiewicz-t\/","title":{"rendered":"Antosiewicz Tomasz"},"content":{"rendered":"<p>Urodzi\u0142 si\u0119 w\u00a01968\u00a0roku w m.\u00a0Warszawa<\/p>\n<p>W 1986 roku wsp\u00f3\u0142pracowa\u0142 z nieformaln\u0105 grup\u0105 opozycyjn\u0105 w Zasadniczej Szkole Budowlanej nr 2 w Warszawie. Kolportowa\u0142 ulotki i bra\u0142 udzia\u0142 w antyre\u017cimowych manifestacjach. W 1987 roku przyst\u0105pi\u0142 do Ruchu Politycznego \u201eWyzwolenie\u201d. W latach 1987 &#8211; 1989 zajmowa\u0142 si\u0119 kolporta\u017cem nielegalnych wydawnictw w tym m.in. czasopism: \u201eWyzwolenie\u201d, \u201eKontakt\u201d, \u201eDekada Polska\u201d, \u201eSolidarno\u015b\u0107 Walcz\u0105ca\u201d. Pomaga\u0142 r\u00f3wnie\u017c w pracach drukarskich. W 2019 roku  na podstawie postanowienia Prezydenta RP \u2013 nr 567\/2019 &#8211;  nadano mu Krzy\u017c Wolno\u015bci i Solidarno\u015bci.<\/p>\n","protected":false},"excerpt":{"rendered":"<p>Urodzi\u0142 si\u0119 w\u00a01968\u00a0roku w m.\u00a0Warszawa W 1986 roku wsp\u00f3\u0142pracowa\u0142 z nieformaln\u0105 grup\u0105 opozycyjn\u0105 w Zasadniczej Szkole Budowlanej nr 2 w Warszawie. Kolportowa\u0142 ulotki i bra\u0142 udzia\u0142 w antyre\u017cimowych manifestacjach. W 1987 roku przyst\u0105pi\u0142 do Ruchu Politycznego \u201eWyzwolenie\u201d. W latach 1987 &#8211; 1989 zajmowa\u0142 si\u0119 kolporta\u017cem nielegalnych wydawnictw w tym m.in. czasopism: \u201eWyzwolenie\u201d, \u201eKontakt\u201d, \u201eDekada Polska\u201d, [&hellip;]<\/p>\n","protected":false},"featured_media":2351,"template":"","meta":[],"_links":{"self":[{"href":"http:\/\/ludzie.fundacja-pih.pl\/index.php\/wp-json\/wp\/v2\/product\/2350"}],"collection":[{"href":"http:\/\/ludzie.fundacja-pih.pl\/index.php\/wp-json\/wp\/v2\/product"}],"about":[{"href":"http:\/\/ludzie.fundacja-pih.pl\/index.php\/wp-json\/wp\/v2\/types\/product"}],"wp:featuredmedia":[{"embeddable":true,"href":"http:\/\/ludzie.fundacja-pih.pl\/index.php\/wp-json\/wp\/v2\/media\/2351"}],"wp:attachment":[{"href":"http:\/\/ludzie.fundacja-pih.pl\/index.php\/wp-json\/wp\/v2\/media?parent=2350"}],"curies":[{"name":"wp","href":"https:\/\/api.w.org\/{rel}","templated":true}]}}