{"id":2352,"date":"2021-03-21T20:55:43","date_gmt":"2021-03-21T20:55:43","guid":{"rendered":"http:\/\/ludzie.fundacja-pih.pl\/?post_type=product&#038;p=2352"},"modified":"2025-05-16T14:18:57","modified_gmt":"2025-05-16T14:18:57","slug":"bogumil-j","status":"publish","type":"product","link":"http:\/\/ludzie.fundacja-pih.pl\/index.php\/product\/bogumil-j\/","title":{"rendered":"Bogumi\u0142 Jerzy"},"content":{"rendered":"<ol>\n<li>w\u00a01947\u00a0roku w m.\u00a0Warszawa<\/li>\n<\/ol>\n<p>Odznaczenie KWiS zosta\u0142o nadane postanowieniem Prezydenta RP nr\u00a028\/2016<\/p>\n<p><strong>Biogram<\/strong><\/p>\n<p>W latach 1965-1976 pracowa\u0142 jako brygadzista w Hucie Warszawa. W 1976 r. by\u0142 zmuszony odej\u015b\u0107 z tego zak\u0142adu, gdy\u017c zainicjowa\u0142 powstanie petycji w sprawach p\u0142acowych, kt\u00f3r\u0105 skierowano do dyrekcji huty, by\u0142 wsp\u00f3\u0142autorem jej tre\u015bci oraz zbiera\u0142 podpisy w\u015br\u00f3d pracownik\u00f3w. Od 1980 r. dzia\u0142a\u0142 w strukturach Niezale\u017cnego Samorz\u0105dnego Zwi\u0105zku Zawodowego \u201eSolidarno\u015b\u0107\u201d. Pe\u0142ni\u0142 funkcj\u0119 wiceprzewodnicz\u0105cego Komisji Zak\u0142adowej w Centrum Naukowo-Produkcyjnym Materia\u0142\u00f3w Elektronicznych w Warszawie.<\/p>\n<p>Po wprowadzeniu stanu wojennego nie zaprzesta\u0142 prowadzenia dzia\u0142alno\u015bci zwi\u0105zkowej, ale w\u0142\u0105czy\u0142 si\u0119 aktywnie w prace podziemnych struktur opozycyjnych. W lutym 1982 r. wsp\u00f3\u0142tworzy\u0142 Mi\u0119dzyzak\u0142adowy Robotniczy Komitet Samoobrony Spo\u0142ecznej \u201eSolidarno\u015b\u0107\u201d. W kwietniu 1982 r. wszed\u0142 do \u015bcis\u0142ego kierownictwa (tzw. \u201ePi\u0105tki\u201d) MRKS. Uczestniczy\u0142 w konspiracyjnych spotkaniach, kolporta\u017cu nielegalnych wydawnictw, gromadzeniu sk\u0142adek na cele organizacji oraz spektakularnej akcji uwolnienia Jana Naro\u017cniaka. Zosta\u0142 aresztowany 8 czerwca, i by\u0142 przetrzymywany bez postawienia zarzut\u00f3w do 21 lipca 1982 r. W dniu 7 pa\u017adziernika 1982 r. zosta\u0142 ponownie aresztowany i osadzony w Areszcie \u015aledczym Warszawa-Mokot\u00f3w. Ostatecznie zosta\u0142 skazany 19 maja 1983 r. na dwa lata pozbawienia wolno\u015bci za kierowanie i dzia\u0142alno\u015b\u0107 w konspiracyjnej organizacji zwi\u0105zkowej. Osadzono go w Zak\u0142adzie Karnym w Hrubieszowie, gdzie przebywa\u0142 do czasu zwolnienia, na podstawie przepis\u00f3w ustawy o amnestii, do 18 sierpnia 1983 r.<\/p>\n<p>Po wyj\u015bciu na wolno\u015b\u0107 ponownie zaanga\u017cowa\u0142 si\u0119 podziemn\u0105 dzia\u0142alno\u015b\u0107, wszed\u0142 do kierownictwa tzw. drugiego MRKS oraz wsp\u00f3\u0142organizowa\u0142 emisje Radia \u201eSolidarno\u015b\u0107\u201d.<\/p>\n<p><strong>Biogram opracowano na podstawie:<\/strong><\/p>\n<ul>\n<li>materia\u0142\u00f3w archiwalnych Instytutu Pami\u0119ci Narodowej<\/li>\n<\/ul>\n","protected":false},"excerpt":{"rendered":"<p>w\u00a01947\u00a0roku w m.\u00a0Warszawa Odznaczenie KWiS zosta\u0142o nadane postanowieniem Prezydenta RP nr\u00a028\/2016 Biogram W latach 1965-1976 pracowa\u0142 jako brygadzista w Hucie Warszawa. W 1976 r. by\u0142 zmuszony odej\u015b\u0107 z tego zak\u0142adu, gdy\u017c zainicjowa\u0142 powstanie petycji w sprawach p\u0142acowych, kt\u00f3r\u0105 skierowano do dyrekcji huty, by\u0142 wsp\u00f3\u0142autorem jej tre\u015bci oraz zbiera\u0142 podpisy w\u015br\u00f3d pracownik\u00f3w. Od 1980 r. dzia\u0142a\u0142 [&hellip;]<\/p>\n","protected":false},"featured_media":2353,"template":"","meta":[],"_links":{"self":[{"href":"http:\/\/ludzie.fundacja-pih.pl\/index.php\/wp-json\/wp\/v2\/product\/2352"}],"collection":[{"href":"http:\/\/ludzie.fundacja-pih.pl\/index.php\/wp-json\/wp\/v2\/product"}],"about":[{"href":"http:\/\/ludzie.fundacja-pih.pl\/index.php\/wp-json\/wp\/v2\/types\/product"}],"wp:featuredmedia":[{"embeddable":true,"href":"http:\/\/ludzie.fundacja-pih.pl\/index.php\/wp-json\/wp\/v2\/media\/2353"}],"wp:attachment":[{"href":"http:\/\/ludzie.fundacja-pih.pl\/index.php\/wp-json\/wp\/v2\/media?parent=2352"}],"curies":[{"name":"wp","href":"https:\/\/api.w.org\/{rel}","templated":true}]}}