{"id":2356,"date":"2021-03-21T20:58:08","date_gmt":"2021-03-21T20:58:08","guid":{"rendered":"http:\/\/ludzie.fundacja-pih.pl\/?post_type=product&#038;p=2356"},"modified":"2025-05-16T14:18:57","modified_gmt":"2025-05-16T14:18:57","slug":"gorska-j","status":"publish","type":"product","link":"http:\/\/ludzie.fundacja-pih.pl\/index.php\/product\/gorska-j\/","title":{"rendered":"G\u00f3rska Jolanta El\u017cbieta"},"content":{"rendered":"<p>Urodzi\u0142a si\u0119\u00a026 lutego 1965 roku w Warszawie.<\/p>\n<p>By\u0142a dzia\u0142aczk\u0105 opozycji antykomunistycznej, wsp\u00f3\u0142pracowa\u0142a z Mi\u0119dzyzak\u0142adowym Robotniczym Komitetem \u201eSolidarno\u015bci\u201d i Solidarno\u015bci\u0105 Walcz\u0105c\u0105. Organizowa\u0142a kolporta\u017c prasy i wydawnictw antykomunistycznych, uczestniczy\u0142a w manifestacjach antysystemowych. Przeciwniczka Okr\u0105g\u0142ego Sto\u0142u i zawartego tam porozumienia z komunistami, zwolenniczka pe\u0142nej lustracji i rozliczenia stanu wojennego<\/p>\n<p>Krzy\u017c Wolno\u015bci i Solidarno\u015bci postanowieniem Prezydenta RP nr 106\/2017. Otrzyma\u0142a tak\u017ce Krzy\u017c Za Zas\u0142ugi Dla Niepodleg\u0142o\u015bci, nadany uchwa\u0142\u0105 Kapitu\u0142y nr 18\/21 z dnia 26.11.2021r. &#8211; Posiada status dzia\u0142acza opozycji antykomunistycznej.<\/p>\n","protected":false},"excerpt":{"rendered":"<p>Urodzi\u0142a si\u0119\u00a026 lutego 1965 roku w Warszawie. By\u0142a dzia\u0142aczk\u0105 opozycji antykomunistycznej, wsp\u00f3\u0142pracowa\u0142a z Mi\u0119dzyzak\u0142adowym Robotniczym Komitetem \u201eSolidarno\u015bci\u201d i Solidarno\u015bci\u0105 Walcz\u0105c\u0105. Organizowa\u0142a kolporta\u017c prasy i wydawnictw antykomunistycznych, uczestniczy\u0142a w manifestacjach antysystemowych. Przeciwniczka Okr\u0105g\u0142ego Sto\u0142u i zawartego tam porozumienia z komunistami, zwolenniczka pe\u0142nej lustracji i rozliczenia stanu wojennego Krzy\u017c Wolno\u015bci i Solidarno\u015bci postanowieniem Prezydenta RP nr 106\/2017. [&hellip;]<\/p>\n","protected":false},"featured_media":2357,"template":"","meta":[],"_links":{"self":[{"href":"http:\/\/ludzie.fundacja-pih.pl\/index.php\/wp-json\/wp\/v2\/product\/2356"}],"collection":[{"href":"http:\/\/ludzie.fundacja-pih.pl\/index.php\/wp-json\/wp\/v2\/product"}],"about":[{"href":"http:\/\/ludzie.fundacja-pih.pl\/index.php\/wp-json\/wp\/v2\/types\/product"}],"wp:featuredmedia":[{"embeddable":true,"href":"http:\/\/ludzie.fundacja-pih.pl\/index.php\/wp-json\/wp\/v2\/media\/2357"}],"wp:attachment":[{"href":"http:\/\/ludzie.fundacja-pih.pl\/index.php\/wp-json\/wp\/v2\/media?parent=2356"}],"curies":[{"name":"wp","href":"https:\/\/api.w.org\/{rel}","templated":true}]}}