{"id":2358,"date":"2021-03-21T20:59:17","date_gmt":"2021-03-21T20:59:17","guid":{"rendered":"http:\/\/ludzie.fundacja-pih.pl\/?post_type=product&#038;p=2358"},"modified":"2025-05-16T14:18:58","modified_gmt":"2025-05-16T14:18:58","slug":"gorski-w","status":"publish","type":"product","link":"http:\/\/ludzie.fundacja-pih.pl\/index.php\/product\/gorski-w\/","title":{"rendered":"G\u00f3rski Waldemar"},"content":{"rendered":"<p>Urodzi\u0142 si\u0119 26 sierpie\u0144 1961 roku w m. Warszawa.<\/p>\n<p>By\u0142 dzia\u0142aczem opozycji antykomunistycznej, kolporterem wydawnictw podziemnych, organizatorem farb i odczynnik\u00f3w do poligrafii. Wsp\u00f3\u0142pracowa\u0142 z Mi\u0119dzyzak\u0142adowego Robotniczego Komitetu \u201eSolidarno\u015b\u0107\u201d i Solidarno\u015bci Walcz\u0105cej. W 1983 r. nawi\u0105za\u0142 sta\u0142\u0105 wsp\u00f3\u0142prac\u0119 z najwi\u0119kszym zak\u0142adem pracy w Cz\u0119stochowie Hut\u0105 Bieruta. Do huty poprzez sie\u0107 kurier\u00f3w regularnie dostarcza\u0142 hurtowe ilo\u015bci wydawnictw, kt\u00f3re trafia\u0142y r\u00f3wnie\u017c do innych cz\u0119stochowskich zak\u0142ad\u00f3w pracy. Owocna wsp\u00f3\u0142praca bez \u017cadnej wpadki trwa\u0142a 6 lat do ko\u0144ca konspiry. W okresie transformacji ustrojowej przeciwnik Okr\u0105g\u0142ego Sto\u0142u i zawartego tam porozumienia z komunistami, zwolennik pe\u0142nej lustracji i rozliczenia okresu stanu wojennego. Po obaleniu w czerwcu 1992 r. rz\u0105du premiera Jana Olszewskiego wsp\u00f3\u0142organizator i uczestnik kilku demonstracji precz z Wa\u0142\u0119s\u0105 i Bolek do Moskwy. Cz\u0142onek Partii Wolno\u015bci w przedterminowych wyborach do Sejmu w 1993 r. pe\u0142nomocnik w woj. leszczy\u0144skim Komitetu Wyborczego Jana Olszewskiego Ruch dla Rzeczypospolitej. Posiada status dzia\u0142acza opozycji antykomunistycznej.<\/p>\n<p>Za swoj\u0105 dzia\u0142alno\u015b\u0107 otrzyma\u0142 Krzy\u017c Wolno\u015bci i Solidarno\u015bci oraz Krzy\u017c Solidarno\u015bci Walcz\u0105cej. Posiada status dzia\u0142acza opozycji antykomunistycznej.<\/p>\n","protected":false},"excerpt":{"rendered":"<p>Urodzi\u0142 si\u0119 26 sierpie\u0144 1961 roku w m. Warszawa. By\u0142 dzia\u0142aczem opozycji antykomunistycznej, kolporterem wydawnictw podziemnych, organizatorem farb i odczynnik\u00f3w do poligrafii. Wsp\u00f3\u0142pracowa\u0142 z Mi\u0119dzyzak\u0142adowego Robotniczego Komitetu \u201eSolidarno\u015b\u0107\u201d i Solidarno\u015bci Walcz\u0105cej. W 1983 r. nawi\u0105za\u0142 sta\u0142\u0105 wsp\u00f3\u0142prac\u0119 z najwi\u0119kszym zak\u0142adem pracy w Cz\u0119stochowie Hut\u0105 Bieruta. Do huty poprzez sie\u0107 kurier\u00f3w regularnie dostarcza\u0142 hurtowe ilo\u015bci wydawnictw, [&hellip;]<\/p>\n","protected":false},"featured_media":2359,"template":"","meta":[],"_links":{"self":[{"href":"http:\/\/ludzie.fundacja-pih.pl\/index.php\/wp-json\/wp\/v2\/product\/2358"}],"collection":[{"href":"http:\/\/ludzie.fundacja-pih.pl\/index.php\/wp-json\/wp\/v2\/product"}],"about":[{"href":"http:\/\/ludzie.fundacja-pih.pl\/index.php\/wp-json\/wp\/v2\/types\/product"}],"wp:featuredmedia":[{"embeddable":true,"href":"http:\/\/ludzie.fundacja-pih.pl\/index.php\/wp-json\/wp\/v2\/media\/2359"}],"wp:attachment":[{"href":"http:\/\/ludzie.fundacja-pih.pl\/index.php\/wp-json\/wp\/v2\/media?parent=2358"}],"curies":[{"name":"wp","href":"https:\/\/api.w.org\/{rel}","templated":true}]}}