{"id":2368,"date":"2021-03-21T21:05:00","date_gmt":"2021-03-21T21:05:00","guid":{"rendered":"http:\/\/ludzie.fundacja-pih.pl\/?post_type=product&#038;p=2368"},"modified":"2025-05-16T14:19:01","modified_gmt":"2025-05-16T14:19:01","slug":"kuligowski-w","status":"publish","type":"product","link":"http:\/\/ludzie.fundacja-pih.pl\/index.php\/product\/kuligowski-w\/","title":{"rendered":"Kuligowski W\u0142odzimierz"},"content":{"rendered":"<p>Scenarzysta, re\u017cyser film\u00f3w dokumentalnych i reklamowych, prozaik, poeta. W latach osiemdziesi\u0105tych by\u0142 kolporterem, redaktorem i autorem tekst\u00f3w w wydawnictwach podziemnych. Po 1990 roku otrzyma\u0142 kilka znacz\u0105cych nagr\u00f3d filmowych i literackich. Jest autorem filmu pt. \u201eSolidarno\u015b\u0107 Walcz\u0105ca\u201d.<\/p>\n","protected":false},"excerpt":{"rendered":"<p>Scenarzysta, re\u017cyser film\u00f3w dokumentalnych i reklamowych, prozaik, poeta. W latach osiemdziesi\u0105tych by\u0142 kolporterem, redaktorem i autorem tekst\u00f3w w wydawnictwach podziemnych. Po 1990 roku otrzyma\u0142 kilka znacz\u0105cych nagr\u00f3d filmowych i literackich. Jest autorem filmu pt. \u201eSolidarno\u015b\u0107 Walcz\u0105ca\u201d.<\/p>\n","protected":false},"featured_media":2369,"template":"","meta":[],"_links":{"self":[{"href":"http:\/\/ludzie.fundacja-pih.pl\/index.php\/wp-json\/wp\/v2\/product\/2368"}],"collection":[{"href":"http:\/\/ludzie.fundacja-pih.pl\/index.php\/wp-json\/wp\/v2\/product"}],"about":[{"href":"http:\/\/ludzie.fundacja-pih.pl\/index.php\/wp-json\/wp\/v2\/types\/product"}],"wp:featuredmedia":[{"embeddable":true,"href":"http:\/\/ludzie.fundacja-pih.pl\/index.php\/wp-json\/wp\/v2\/media\/2369"}],"wp:attachment":[{"href":"http:\/\/ludzie.fundacja-pih.pl\/index.php\/wp-json\/wp\/v2\/media?parent=2368"}],"curies":[{"name":"wp","href":"https:\/\/api.w.org\/{rel}","templated":true}]}}