{"id":2379,"date":"2021-03-21T21:11:14","date_gmt":"2021-03-21T21:11:14","guid":{"rendered":"http:\/\/ludzie.fundacja-pih.pl\/?post_type=product&#038;p=2379"},"modified":"2025-05-16T14:19:03","modified_gmt":"2025-05-16T14:19:03","slug":"skupinski-p","status":"publish","type":"product","link":"http:\/\/ludzie.fundacja-pih.pl\/index.php\/product\/skupinski-p\/","title":{"rendered":"Skupi\u0144ski Pawe\u0142"},"content":{"rendered":"<ol>\n<li>18 VIII\u00a01970\u00a0roku w m.\u00a0Warszawa<\/li>\n<\/ol>\n<p>W po\u0142owie lat 80. by\u0142 uczniem Zespo\u0142u Szk\u00f3\u0142 Mechanicznych nr 4 w Warszawie w tym czasie w\u0142\u0105czy\u0142 si\u0119 aktywnie w dzia\u0142alno\u015b\u0107 opozycyjn\u0105. Kolportowa\u0142 nielegalne wydawnictwa i ulotki na terenie warszawskich zak\u0142ad\u00f3w pracy, uczestniczy\u0142 w malowaniu napis\u00f3w na murach (Federacja M\u0142odzie\u017cy Walcz\u0105cej), bra\u0142 udzia\u0142 w licznych demonstracjach i uroczysto\u015bciach patriotycznych. W 1984 roku ze starszym o rok Andrzejem G\u00f3rskim z racji internowania ojca Andrzeja zainteresowali si\u0119 dzia\u0142alno\u015bci\u0105 podziemn\u0105, a g\u0142\u00f3wnym bod\u017acem by\u0142a \u015bmier\u0107 Ks. Jerzego Popie\u0142uszki. S\u0142uchaj\u0105c wyk\u0142ad\u00f3w spo\u0142ecznych Seweryna Jaworskiego kolportowali mi\u0119dzy s\u0142uchaczy ulotki SW w czasie pielgrzymek na Jasn\u0105 G\u00f3r\u0119.\u00a0\u00a0Edward Mizikowski w wyniku obserwacji dzia\u0142alno\u015bci og\u00f3lnej zwerbowa\u0142 Paw\u0142a Skupi\u0144skiego do SW.<\/p>\n<p>W 1987 r. nawi\u0105za\u0142 wsp\u00f3\u0142prac\u0119 z Solidarno\u015bci\u0105 Walcz\u0105c\u0105 i Mi\u0119dzyzak\u0142adowym Komitetem Robotniczym \u201eSolidarno\u015b\u0107\u201d w Hucie Warszawa. 3 marca 1988 r. zosta\u0142 zatrzymany w trakcie kolporta\u017cu ulotek i pr\u00f3by zorganizowania nielegalnej manifestacji w pobli\u017cu Huty Warszawa (akcja zorganizowana wraz z Grzegorzem Ilk\u0105, Piotrem Ikonowiczem z PPS). Zatrzymano go na 48 godzin, a nast\u0119pnie ukarano grzywn\u0105 w przez Kolegium ds. Wykrocze\u0144 przy Naczelniku Dzielnicy Warszawa \u017boliborz. Dodatkowo w ramach represji zastrze\u017cono mu na rok mo\u017cliwo\u015b\u0107 wyjazd\u00f3w zagranicznych.<\/p>\n<p>&nbsp;<\/p>\n<p>Odznaczenie KWiS zosta\u0142o nadane postanowieniem Prezydenta RP nr\u00a028\/2016<\/p>\n<p>&nbsp;<\/p>\n<p>Biogram opracowano na podstawie:<\/p>\n<ul>\n<li>materia\u0142\u00f3w archiwalnych Instytutu Pami\u0119ci Narodowej<\/li>\n<\/ul>\n","protected":false},"excerpt":{"rendered":"<p>18 VIII\u00a01970\u00a0roku w m.\u00a0Warszawa W po\u0142owie lat 80. by\u0142 uczniem Zespo\u0142u Szk\u00f3\u0142 Mechanicznych nr 4 w Warszawie w tym czasie w\u0142\u0105czy\u0142 si\u0119 aktywnie w dzia\u0142alno\u015b\u0107 opozycyjn\u0105. Kolportowa\u0142 nielegalne wydawnictwa i ulotki na terenie warszawskich zak\u0142ad\u00f3w pracy, uczestniczy\u0142 w malowaniu napis\u00f3w na murach (Federacja M\u0142odzie\u017cy Walcz\u0105cej), bra\u0142 udzia\u0142 w licznych demonstracjach i uroczysto\u015bciach patriotycznych. W 1984 [&hellip;]<\/p>\n","protected":false},"featured_media":2380,"template":"","meta":[],"_links":{"self":[{"href":"http:\/\/ludzie.fundacja-pih.pl\/index.php\/wp-json\/wp\/v2\/product\/2379"}],"collection":[{"href":"http:\/\/ludzie.fundacja-pih.pl\/index.php\/wp-json\/wp\/v2\/product"}],"about":[{"href":"http:\/\/ludzie.fundacja-pih.pl\/index.php\/wp-json\/wp\/v2\/types\/product"}],"wp:featuredmedia":[{"embeddable":true,"href":"http:\/\/ludzie.fundacja-pih.pl\/index.php\/wp-json\/wp\/v2\/media\/2380"}],"wp:attachment":[{"href":"http:\/\/ludzie.fundacja-pih.pl\/index.php\/wp-json\/wp\/v2\/media?parent=2379"}],"curies":[{"name":"wp","href":"https:\/\/api.w.org\/{rel}","templated":true}]}}