{"id":2381,"date":"2021-03-21T21:12:14","date_gmt":"2021-03-21T21:12:14","guid":{"rendered":"http:\/\/ludzie.fundacja-pih.pl\/?post_type=product&#038;p=2381"},"modified":"2025-05-16T14:19:04","modified_gmt":"2025-05-16T14:19:04","slug":"sokolski-z","status":"publish","type":"product","link":"http:\/\/ludzie.fundacja-pih.pl\/index.php\/product\/sokolski-z\/","title":{"rendered":"Sok\u00f3lski Zygmunt"},"content":{"rendered":"<p>Urodzi\u0142 si\u0119 28 maja 1946 roku w Warszawie.<\/p>\n<p>By\u0142 wsp\u00f3\u0142organizatorem i wiceprzewodnicz\u0105cym NSZZ Solidarno\u015b\u0107\u201d w przedsi\u0119biorstwie Budowalano &#8211; Remontowym \u201eBudrem\u201d w Warszawie. W stanie wojennym nale\u017ca\u0142 do Porozumienia C.D.N.<br \/>\nOd kwietnia 1982 roku wchodzi\u0142 w sk\u0142ad MRKS.<br \/>\nW porozumieniu z B. Go\u0142\u0119biowskim, wraz z L. Maciejewskim wsp\u00f3\u0142tworzy\u0142 struktur\u0119 pi\u0105tkow\u0105 zak\u0142ad\u00f3w pracy i instytucji w pionie P.Z.O. Organizowa\u0142 szeroko rozwini\u0119t\u0105 sie\u0107 kolporta\u017cu prasy podziemnej, ksi\u0105\u017cek, ulotek, znaczk\u00f3w, kaset magnetofonowych itp. Wsp\u00f3\u0142pracowa\u0142 z wroc\u0142awskim oddzia\u0142em \u201eSolidarno\u015bci Walcz\u0105cej\u201d i otrzymywa\u0142 stamt\u0105d czasopisma \u201eBiuletyn Dolno\u015bl\u0105ski\u201d, \u201eSolidarno\u015b\u0107 Walcz\u0105ca\u201d, a tak\u017ce ksi\u0105\u017cki i znaczki SW. Wsp\u00f3\u0142organizowa\u0142 sie\u0107 kontakt\u00f3w i wymiany prasy z Krakowem, Now\u0105 Hut\u0105 i Poznaniem. W 1982 roku za sw\u0105 dzia\u0142alno\u015b\u0107 podziemn\u0105 zosta\u0142 zwolniony z pracy.<br \/>\nKilkakrotnie by\u0142 zatrzymany i \u015bledzony przez SB. Zosta\u0142 odznaczony<br \/>\nKrzy\u017cem Kawalerskim Orderu Odrodzenia Polski,<br \/>\nKrzy\u017cem Wolno\u015bci i Solidarno\u015bci, Medalem Stulecia Odzyskanej Niepodleg\u0142o\u015bci. Odznak\u0105 Dzia\u0142acza Opozycji Antykomunistycznej.<\/p>\n","protected":false},"excerpt":{"rendered":"<p>Urodzi\u0142 si\u0119 28 maja 1946 roku w Warszawie. By\u0142 wsp\u00f3\u0142organizatorem i wiceprzewodnicz\u0105cym NSZZ Solidarno\u015b\u0107\u201d w przedsi\u0119biorstwie Budowalano &#8211; Remontowym \u201eBudrem\u201d w Warszawie. W stanie wojennym nale\u017ca\u0142 do Porozumienia C.D.N. Od kwietnia 1982 roku wchodzi\u0142 w sk\u0142ad MRKS. W porozumieniu z B. Go\u0142\u0119biowskim, wraz z L. Maciejewskim wsp\u00f3\u0142tworzy\u0142 struktur\u0119 pi\u0105tkow\u0105 zak\u0142ad\u00f3w pracy i instytucji w pionie [&hellip;]<\/p>\n","protected":false},"featured_media":2382,"template":"","meta":[],"_links":{"self":[{"href":"http:\/\/ludzie.fundacja-pih.pl\/index.php\/wp-json\/wp\/v2\/product\/2381"}],"collection":[{"href":"http:\/\/ludzie.fundacja-pih.pl\/index.php\/wp-json\/wp\/v2\/product"}],"about":[{"href":"http:\/\/ludzie.fundacja-pih.pl\/index.php\/wp-json\/wp\/v2\/types\/product"}],"wp:featuredmedia":[{"embeddable":true,"href":"http:\/\/ludzie.fundacja-pih.pl\/index.php\/wp-json\/wp\/v2\/media\/2382"}],"wp:attachment":[{"href":"http:\/\/ludzie.fundacja-pih.pl\/index.php\/wp-json\/wp\/v2\/media?parent=2381"}],"curies":[{"name":"wp","href":"https:\/\/api.w.org\/{rel}","templated":true}]}}