{"id":2669,"date":"2021-04-19T19:40:37","date_gmt":"2021-04-19T19:40:37","guid":{"rendered":"http:\/\/ludzie.fundacja-pih.pl\/?post_type=product&#038;p=2669"},"modified":"2025-05-16T14:19:07","modified_gmt":"2025-05-16T14:19:07","slug":"aszkielowicz-pawel-2","status":"publish","type":"product","link":"http:\/\/ludzie.fundacja-pih.pl\/index.php\/product\/aszkielowicz-pawel-2\/","title":{"rendered":"Aszkie\u0142owicz Pawe\u0142"},"content":{"rendered":"<p>Urodzi\u0142 si\u0119 2 marca 1965 roku we Wroc\u0142awiu<\/p>\n<p>Politolog. W latach 1982 &#8211; 1984 bra\u0142 udzia\u0142, a nast\u0119pnie organizowa\u0142 &#8211; wraz z dzia\u0142aczami \u201eSolidarno\u015bci Walcz\u0105cej\u201d i \u201eRegionalnym Komitetem Strajkowym Dolny \u015al\u0105sk\u201d &#8211; grupy samokszta\u0142ceniowe w\u015br\u00f3d m\u0142odzie\u017cy szk\u00f3\u0142 \u015brednich oraz akcje ulotkowe we Wroc\u0142awiu. W latach 1984 &#8211; 1989 nale\u017ca\u0142 do \u201eSolidarno\u015bci Walcz\u0105cej\u201d. By\u0142 jej zaprzysi\u0119\u017conym cz\u0142onkiem. Jednocze\u015bnie w tym samym okresie wsp\u00f3\u0142pracownikiem \u201eNiezale\u017cnego Zwi\u0105zku Student\u00f3w\u201d. R\u00f3wnie\u017c z latach 1984 &#8211; 1989 dzia\u0142a\u0142 jako wroc\u0142awski kolporter podziemnych czasopism w tym m.in. \u201eSolidarno\u015bci Walcz\u0105cej\u201d, \u201eSolidarno\u015bci Dolno\u015bl\u0105skiej\u201d, \u201eZ Dnia na Dzie\u0144\u201d, \u201eWiadomo\u015bci Bie\u017c\u0105cych\u201d, \u201eWalki\u201d, \u201eTygodnika Mazowsze\u201d czy \u201ePWA. Przegl\u0105du Wiadomo\u015bci Agencyjnych\u201d oraz ulotek, plakat\u00f3w, znaczk\u00f3w pocztowych, podziemnych, kalendarzy, ksi\u0105\u017cek i kaset magnetofonowych z zapisem wyst\u0105pie\u0144 dzia\u0142aczy opozycji. By\u0142 tak\u017ce kurierem mi\u0119dzy Wroc\u0142awiem a Warszaw\u0105. W latach 1986 &#8211; 1987 wsp\u00f3\u0142organizowa\u0142 kilka emisji audycji podziemnego radia \u201eSolidarno\u015b\u0107 Walcz\u0105ca\u201d (grupa Jana Krusi\u0144skiego). W 1987 roku zosta\u0142 dwukrotnie zatrzymany i ukarany grzywn\u0105 przez kolegium ds. wykrocze\u0144. W latach 1988 &#8211; 1989 wsp\u00f3\u0142pracowa\u0142 z podziemnym pismem \u201dInformator. Pismo TKS\u201d. W dniach 6 &#8211; 7 maja 1988 roku, uczestniczy\u0142 w strajku na Uniwersytecie Wroc\u0142awskim, zorganizowanym w ge\u015bcie solidarno\u015bci ze spacyfikowan\u0105 przez w\u0142adze Hut\u0105 im. Lenina w Krakowie &#8211; Nowej Hucie. W latach 1989-1992 roku nale\u017ca\u0142 do Niezale\u017cnego Zrzeszenia Student\u00f3w. W latach 1987 &#8211; 1989 by\u0142 rozpracowany przez Inspektorat II WUSW we Wroc\u0142awiu w ramach SOR o kryptonimie \u201eKefir\u201d. W roku 2011 zosta\u0142 odznaczony Z\u0142otym Krzy\u017cem Zas\u0142ugi, w 2012 roku Medalem Pro Memoria.<\/p>\n","protected":false},"excerpt":{"rendered":"<p>Urodzi\u0142 si\u0119 2 marca 1965 roku we Wroc\u0142awiu Politolog. W latach 1982 &#8211; 1984 bra\u0142 udzia\u0142, a nast\u0119pnie organizowa\u0142 &#8211; wraz z dzia\u0142aczami \u201eSolidarno\u015bci Walcz\u0105cej\u201d i \u201eRegionalnym Komitetem Strajkowym Dolny \u015al\u0105sk\u201d &#8211; grupy samokszta\u0142ceniowe w\u015br\u00f3d m\u0142odzie\u017cy szk\u00f3\u0142 \u015brednich oraz akcje ulotkowe we Wroc\u0142awiu. W latach 1984 &#8211; 1989 nale\u017ca\u0142 do \u201eSolidarno\u015bci Walcz\u0105cej\u201d. By\u0142 jej zaprzysi\u0119\u017conym [&hellip;]<\/p>\n","protected":false},"featured_media":2670,"template":"","meta":[],"_links":{"self":[{"href":"http:\/\/ludzie.fundacja-pih.pl\/index.php\/wp-json\/wp\/v2\/product\/2669"}],"collection":[{"href":"http:\/\/ludzie.fundacja-pih.pl\/index.php\/wp-json\/wp\/v2\/product"}],"about":[{"href":"http:\/\/ludzie.fundacja-pih.pl\/index.php\/wp-json\/wp\/v2\/types\/product"}],"wp:featuredmedia":[{"embeddable":true,"href":"http:\/\/ludzie.fundacja-pih.pl\/index.php\/wp-json\/wp\/v2\/media\/2670"}],"wp:attachment":[{"href":"http:\/\/ludzie.fundacja-pih.pl\/index.php\/wp-json\/wp\/v2\/media?parent=2669"}],"curies":[{"name":"wp","href":"https:\/\/api.w.org\/{rel}","templated":true}]}}