{"id":2684,"date":"2021-04-29T11:17:48","date_gmt":"2021-04-29T11:17:48","guid":{"rendered":"http:\/\/ludzie.fundacja-pih.pl\/?post_type=product&#038;p=2684"},"modified":"2025-05-16T14:19:10","modified_gmt":"2025-05-16T14:19:10","slug":"borowiec-andrzej","status":"publish","type":"product","link":"http:\/\/ludzie.fundacja-pih.pl\/index.php\/product\/borowiec-andrzej\/","title":{"rendered":"Borowiec Andrzej"},"content":{"rendered":"<p>Pracownik naukowy Instytutu Fizyki Teoretycznej Uniwersytetu Wroc\u0142awskiego. Od 1976 r. zajmowa\u0142 si\u0119 kolporta\u017cem niezale\u017cnej prasy. Przed wprowadzeniem stanu wojennego wsp\u00f3\u0142pracowa\u0142 z redakcj\u0105 miesi\u0119cznika \u201eBiuletynu Dolno\u015bl\u0105skiego\u201d. W latach 1982-1983, w ramach podziemnych struktur NSZZ \u201eSolidarno\u015b\u0107\u201d na UWr, wsp\u00f3lnie z \u017con\u0105, w swoim mieszkaniu, drukowa\u0142 pismo \u201eZ Dnia na Dzie\u0144\u201d oraz tygodnik \u201eSolidarno\u015b\u0107 Walcz\u0105ca\u201d. Andrzej Borowiec by\u0142 cz\u0142onkiem \u2013 za\u0142o\u017cycielem Solidarno\u015bci Walcz\u0105cej, gdzie specjalizowa\u0142 si\u0119 w wykrywaniu zamontowanych w gniazdkach elektrycznych urz\u0105dze\u0144 pods\u0142uchowych. Wsp\u00f3\u0142pracowa\u0142 z kontrwywiadem SW i bra\u0142 bezpo\u015bredni udzia\u0142 w obs\u0142udze kana\u0142\u00f3w przerzutowych na Zach\u00f3d (odbi\u00f3r transport\u00f3w i wysy\u0142anie przesy\u0142ek).  By\u0142 wsp\u00f3\u0142odpowiedzialny za funkcjonowanie Agencji Fotograficznej Solidarno\u015bci Walcz\u0105cej, kt\u00f3ra przygotowywa\u0142a  okoliczno\u015bciowe albumy oraz zdj\u0119cia dzia\u0142aczy podziemia. G\u0142\u00f3wnym zadaniem Agencji by\u0142o mikrofilmowanie podziemnej prasy w celu przekazywania do o\u015brodk\u00f3w zagranicznych. Uczestnik wielu demonstracji, fotoreporter. Kilkukrotnie zatrzymywany. Przeprowadzano r\u00f3wnie\u017c rewizje domowe i w miejscu pracy. W drugiej po\u0142owie lat osiemdziesi\u0105tych, w ramach dzia\u0142alno\u015bci w strukturach Solidarno\u015bci Walcz\u0105cej, dostarcza\u0142 podziemne wydawnictwa do Pa\u0144stwowej Fabryki Wagon\u00f3w \u201ePafawag\u201d oraz do Zak\u0142ad\u00f3w Naprawczych Taboru Kolejowego we Wroc\u0142awiu. Od 2007 cz\u0142onek-za\u0142o\u017cyciel Stowarzyszenia Solidarno\u015b\u0107 Walcz\u0105ca we Wroc\u0142awiu.<\/p>\n","protected":false},"excerpt":{"rendered":"<p>Pracownik naukowy Instytutu Fizyki Teoretycznej Uniwersytetu Wroc\u0142awskiego. Od 1976 r. zajmowa\u0142 si\u0119 kolporta\u017cem niezale\u017cnej prasy. Przed wprowadzeniem stanu wojennego wsp\u00f3\u0142pracowa\u0142 z redakcj\u0105 miesi\u0119cznika \u201eBiuletynu Dolno\u015bl\u0105skiego\u201d. W latach 1982-1983, w ramach podziemnych struktur NSZZ \u201eSolidarno\u015b\u0107\u201d na UWr, wsp\u00f3lnie z \u017con\u0105, w swoim mieszkaniu, drukowa\u0142 pismo \u201eZ Dnia na Dzie\u0144\u201d oraz tygodnik \u201eSolidarno\u015b\u0107 Walcz\u0105ca\u201d. Andrzej Borowiec by\u0142 [&hellip;]<\/p>\n","protected":false},"featured_media":2685,"template":"","meta":[],"_links":{"self":[{"href":"http:\/\/ludzie.fundacja-pih.pl\/index.php\/wp-json\/wp\/v2\/product\/2684"}],"collection":[{"href":"http:\/\/ludzie.fundacja-pih.pl\/index.php\/wp-json\/wp\/v2\/product"}],"about":[{"href":"http:\/\/ludzie.fundacja-pih.pl\/index.php\/wp-json\/wp\/v2\/types\/product"}],"wp:featuredmedia":[{"embeddable":true,"href":"http:\/\/ludzie.fundacja-pih.pl\/index.php\/wp-json\/wp\/v2\/media\/2685"}],"wp:attachment":[{"href":"http:\/\/ludzie.fundacja-pih.pl\/index.php\/wp-json\/wp\/v2\/media?parent=2684"}],"curies":[{"name":"wp","href":"https:\/\/api.w.org\/{rel}","templated":true}]}}