{"id":2688,"date":"2021-04-29T11:20:09","date_gmt":"2021-04-29T11:20:09","guid":{"rendered":"http:\/\/ludzie.fundacja-pih.pl\/?post_type=product&#038;p=2688"},"modified":"2025-05-16T14:19:11","modified_gmt":"2025-05-16T14:19:11","slug":"cichocki-zdzislaw","status":"publish","type":"product","link":"http:\/\/ludzie.fundacja-pih.pl\/index.php\/product\/cichocki-zdzislaw\/","title":{"rendered":"Cichocki Zdzis\u0142aw"},"content":{"rendered":"<p>Urodzi\u0142 si\u0119 2 wrze\u015bnia 1948 roku w Bielawie.<\/p>\n<p>Od wrze\u015bnia 1980 roku do 1989 roku nale\u017ca\u0142 do Komisji Zak\u0142adowej \u201eSolidarno\u015bci\u201d w Instytucie Kszta\u0142towania \u015arodowiska we Wroc\u0142awiu. Od stycznia 1981 roku pe\u0142ni\u0142 funkcj\u0119 II zast\u0119pcy przewodnicz\u0105cego KZ \u201eS\u201d. W czasie stanu wojennego nawi\u0105za\u0142 kontakty z \u201eSolidarno\u015bci\u0105 Walcz\u0105c\u0105\u201d. Przez d\u0142ugi czas ukrywa\u0142 dwoje cz\u0142onk\u00f3w SW &#8211; Kornela Morawieckiego oraz Hann\u0119 \u0141ukowsk\u0105-Karniej. Udost\u0119pnia\u0142 swoje mieszkanie na spotkania konspiracyjne,  bra\u0142 udzia\u0142 w kolporta\u017cu nielegalnych druk\u00f3w i wydawnictw. Zosta\u0142 dwukrotnie aresztowany. W 1983 roku zosta\u0142 skazany przez S\u0105d Rejonowy Wydzia\u0142 Karny we Wroc\u0142awiu za \u201ekontynuowanie dzia\u0142alno\u015bci zwi\u0105zkowej i udost\u0119pnianie mieszkania dzia\u0142aczom podziemnych struktur dla organizowania w nim nielegalnych spotka\u0144\u201d. Zosta\u0142 uznany winnym czynu zrzucanego mu w akcie oskar\u017cenia i skazany na 10 miesi\u0119cy pozbawienia wolno\u015bci w zawieszeniu na trzy lata, z zaliczeniem na poczet orzeczonej kary okresu tymczasowego aresztowania od 15 do 28.02.1983. Po tym fakcie, by\u0142 ca\u0142y czas inwigilowany.<\/p>\n","protected":false},"excerpt":{"rendered":"<p>Urodzi\u0142 si\u0119 2 wrze\u015bnia 1948 roku w Bielawie. Od wrze\u015bnia 1980 roku do 1989 roku nale\u017ca\u0142 do Komisji Zak\u0142adowej \u201eSolidarno\u015bci\u201d w Instytucie Kszta\u0142towania \u015arodowiska we Wroc\u0142awiu. Od stycznia 1981 roku pe\u0142ni\u0142 funkcj\u0119 II zast\u0119pcy przewodnicz\u0105cego KZ \u201eS\u201d. W czasie stanu wojennego nawi\u0105za\u0142 kontakty z \u201eSolidarno\u015bci\u0105 Walcz\u0105c\u0105\u201d. Przez d\u0142ugi czas ukrywa\u0142 dwoje cz\u0142onk\u00f3w SW &#8211; Kornela [&hellip;]<\/p>\n","protected":false},"featured_media":2689,"template":"","meta":[],"_links":{"self":[{"href":"http:\/\/ludzie.fundacja-pih.pl\/index.php\/wp-json\/wp\/v2\/product\/2688"}],"collection":[{"href":"http:\/\/ludzie.fundacja-pih.pl\/index.php\/wp-json\/wp\/v2\/product"}],"about":[{"href":"http:\/\/ludzie.fundacja-pih.pl\/index.php\/wp-json\/wp\/v2\/types\/product"}],"wp:featuredmedia":[{"embeddable":true,"href":"http:\/\/ludzie.fundacja-pih.pl\/index.php\/wp-json\/wp\/v2\/media\/2689"}],"wp:attachment":[{"href":"http:\/\/ludzie.fundacja-pih.pl\/index.php\/wp-json\/wp\/v2\/media?parent=2688"}],"curies":[{"name":"wp","href":"https:\/\/api.w.org\/{rel}","templated":true}]}}