{"id":2695,"date":"2021-04-29T11:23:14","date_gmt":"2021-04-29T11:23:14","guid":{"rendered":"http:\/\/ludzie.fundacja-pih.pl\/?post_type=product&#038;p=2695"},"modified":"2025-05-16T14:19:12","modified_gmt":"2025-05-16T14:19:12","slug":"domaradzki-andrzej","status":"publish","type":"product","link":"http:\/\/ludzie.fundacja-pih.pl\/index.php\/product\/domaradzki-andrzej\/","title":{"rendered":"Domaradzki Andrzej"},"content":{"rendered":"<p>Urodzi\u0142 si\u0119 8 wrze\u015bnia 1958 r. we Wroc\u0142awiu.<\/p>\n<p>Drukarz i organizator druku wydawnictw podziemnych. Zorganizowa\u0142 w\u0142asn\u0105, kilkuosobow\u0105 grup\u0119 drukarzy, kt\u00f3rymi kierowa\u0142. Dzia\u0142a\u0142 pod pseudonim \u201eStawek\u201d, do\u0142\u0105czy\u0142 do grupy Zofii Maciejewskiej. Jego grupa drukowa\u0142a pocz\u0105tkowo pismo \u201eZ Dnia na Dzie\u0144\u201d, nast\u0119pnie \u201eSolidarno\u015b\u0107 Walcz\u0105c\u0105\u201d, p\u00f3\u017aniej sporadycznie inne niezale\u017cne tytu\u0142y dla zak\u0142ad\u00f3w takich zak\u0142ad\u00f3w jak: Archimedes, Hutmen czy Dolmel. Przez pewien czas drukowa\u0142 tak\u017ce \u201eBiuletyn Dolno\u015bl\u0105ski\u201d. Kontaktowa\u0142 si\u0119 z Ew\u0105 Grzegorzewsk\u0105. Matryce pobiera\u0142 w mieszkaniu Zdzis\u0142awa Naskr\u0119ta na ulicy \u015awieradowskiej. Gotowe czasopisma dostarcza\u0142 do skrytki znajduj\u0105cej si\u0119 na ulicy Sanockiej, nale\u017c\u0105cej do Pani Wandy Dryll, sk\u0105d zabierali je kolporterzy. Wszystkie wydruki by\u0142y dostarczane terminowo w ilo\u015bci oko\u0142o 10 tysi\u0119cy sztuk. Andrzej Domaradzki wykonywa\u0142 r\u00f3wnie\u017c liczne naprawy powielaczy. 14 grudnia 1983 roku zosta\u0142 aresztowany. Zwolniony na mocy amnestii z dnia 22 lipca 1984 roku.<\/p>\n","protected":false},"excerpt":{"rendered":"<p>Urodzi\u0142 si\u0119 8 wrze\u015bnia 1958 r. we Wroc\u0142awiu. Drukarz i organizator druku wydawnictw podziemnych. Zorganizowa\u0142 w\u0142asn\u0105, kilkuosobow\u0105 grup\u0119 drukarzy, kt\u00f3rymi kierowa\u0142. Dzia\u0142a\u0142 pod pseudonim \u201eStawek\u201d, do\u0142\u0105czy\u0142 do grupy Zofii Maciejewskiej. Jego grupa drukowa\u0142a pocz\u0105tkowo pismo \u201eZ Dnia na Dzie\u0144\u201d, nast\u0119pnie \u201eSolidarno\u015b\u0107 Walcz\u0105c\u0105\u201d, p\u00f3\u017aniej sporadycznie inne niezale\u017cne tytu\u0142y dla zak\u0142ad\u00f3w takich zak\u0142ad\u00f3w jak: Archimedes, Hutmen czy [&hellip;]<\/p>\n","protected":false},"featured_media":2696,"template":"","meta":[],"_links":{"self":[{"href":"http:\/\/ludzie.fundacja-pih.pl\/index.php\/wp-json\/wp\/v2\/product\/2695"}],"collection":[{"href":"http:\/\/ludzie.fundacja-pih.pl\/index.php\/wp-json\/wp\/v2\/product"}],"about":[{"href":"http:\/\/ludzie.fundacja-pih.pl\/index.php\/wp-json\/wp\/v2\/types\/product"}],"wp:featuredmedia":[{"embeddable":true,"href":"http:\/\/ludzie.fundacja-pih.pl\/index.php\/wp-json\/wp\/v2\/media\/2696"}],"wp:attachment":[{"href":"http:\/\/ludzie.fundacja-pih.pl\/index.php\/wp-json\/wp\/v2\/media?parent=2695"}],"curies":[{"name":"wp","href":"https:\/\/api.w.org\/{rel}","templated":true}]}}