{"id":2710,"date":"2021-04-29T11:31:24","date_gmt":"2021-04-29T11:31:24","guid":{"rendered":"http:\/\/ludzie.fundacja-pih.pl\/?post_type=product&#038;p=2710"},"modified":"2025-05-16T14:19:15","modified_gmt":"2025-05-16T14:19:15","slug":"gebski-miroslaw","status":"publish","type":"product","link":"http:\/\/ludzie.fundacja-pih.pl\/index.php\/product\/gebski-miroslaw\/","title":{"rendered":"G\u0119bski Miros\u0142aw"},"content":{"rendered":"<p>Urodzi\u0142 si\u0119 24 lutego 1970 roku w Kielcach.<\/p>\n<p>Absolwent wydzia\u0142u politologii Akademii \u015awi\u0119tokrzyskiej w Kielcach.<br \/>\nJako nastolatek wsp\u00f3\u0142tworzy\u0142 w Kielcach i w \u00f3wczesnym wojew\u00f3dztwie kieleckim, struktury \u201eSolidarno\u015bci Walcz\u0105cej\u201d oraz r\u00f3wnolegle struktury organizacji m\u0142odzie\u017cowej wchodz\u0105cej w sk\u0142ad Federacji M\u0142odzie\u017cy Walcz\u0105cej. Jego dzia\u0142alno\u015b\u0107 skupia\u0142a si\u0119 na tworzeniu i rozbudowie struktur ww. organizacji w Kielcach i \u00f3wczesnym wojew\u00f3dztwie kieleckim. Uczestniczy\u0142 w licznych wiecach, demonstracjach i protestach w Kielcach i Krakowie. Wsp\u00f3\u0142organizowa\u0142 spotkanie z Andrzejem Gwiazd\u0105 na terenie Politechniki \u015awi\u0119tokrzyskiej w kwietniu 1989 roku. Pod pseudonimem Jerzy M. Gro\u0144ski tworzy\u0142 i redagowa\u0142 pismo regionalne FMW w Kielcach pt. \u201eJod\u0142a\u201d. Kultywowa\u0142 czynnie pami\u0119\u0107 o zbrodni katy\u0144skiej i o J\u00f3zefie Pi\u0142sudskim. W 1990 r. wraz z dzia\u0142aczami NZS-u uczestniczy\u0142 w okupacji budynku Komitetu Wojew\u00f3dzkiego PZPR w Kielcach. W trakcie okupacji namalowa\u0142 napis \u201eFMW\u201d na frontowej \u015bcianie budynku. Uczestniczy\u0142 tak\u017ce w okupacji kieleckiej redakcji \u201eGazety Wyborczej\u201d. Nale\u017ca\u0142 do Krajowej Rady Koordynacyjnej FMW. W zwi\u0105zku ze sw\u0105 dzia\u0142alno\u015bci\u0105 antykomunistyczn\u0105 w latach 1989-1990 zosta\u0142 trzykrotnie pobity. W 2019 roku otrzyma\u0142 Odznak\u0119 Honorow\u0105 \u201eDzia\u0142acza opozycji antykomunistycznej lub osoby represjonowanej z powod\u00f3w politycznych\u201d, w 2020 roku zosta\u0142 odznaczony Medalem Stulecia odzyskania Niepodleg\u0142o\u015bci.<\/p>\n","protected":false},"excerpt":{"rendered":"<p>Urodzi\u0142 si\u0119 24 lutego 1970 roku w Kielcach. Absolwent wydzia\u0142u politologii Akademii \u015awi\u0119tokrzyskiej w Kielcach. Jako nastolatek wsp\u00f3\u0142tworzy\u0142 w Kielcach i w \u00f3wczesnym wojew\u00f3dztwie kieleckim, struktury \u201eSolidarno\u015bci Walcz\u0105cej\u201d oraz r\u00f3wnolegle struktury organizacji m\u0142odzie\u017cowej wchodz\u0105cej w sk\u0142ad Federacji M\u0142odzie\u017cy Walcz\u0105cej. Jego dzia\u0142alno\u015b\u0107 skupia\u0142a si\u0119 na tworzeniu i rozbudowie struktur ww. organizacji w Kielcach i \u00f3wczesnym wojew\u00f3dztwie [&hellip;]<\/p>\n","protected":false},"featured_media":2711,"template":"","meta":[],"_links":{"self":[{"href":"http:\/\/ludzie.fundacja-pih.pl\/index.php\/wp-json\/wp\/v2\/product\/2710"}],"collection":[{"href":"http:\/\/ludzie.fundacja-pih.pl\/index.php\/wp-json\/wp\/v2\/product"}],"about":[{"href":"http:\/\/ludzie.fundacja-pih.pl\/index.php\/wp-json\/wp\/v2\/types\/product"}],"wp:featuredmedia":[{"embeddable":true,"href":"http:\/\/ludzie.fundacja-pih.pl\/index.php\/wp-json\/wp\/v2\/media\/2711"}],"wp:attachment":[{"href":"http:\/\/ludzie.fundacja-pih.pl\/index.php\/wp-json\/wp\/v2\/media?parent=2710"}],"curies":[{"name":"wp","href":"https:\/\/api.w.org\/{rel}","templated":true}]}}