{"id":2714,"date":"2021-04-29T11:33:03","date_gmt":"2021-04-29T11:33:03","guid":{"rendered":"http:\/\/ludzie.fundacja-pih.pl\/?post_type=product&#038;p=2714"},"modified":"2025-05-16T14:19:17","modified_gmt":"2025-05-16T14:19:17","slug":"gluchowska-maria","status":"publish","type":"product","link":"http:\/\/ludzie.fundacja-pih.pl\/index.php\/product\/gluchowska-maria\/","title":{"rendered":"G\u0142uchowska Maria"},"content":{"rendered":"<p>Dzia\u0142aczka Solidarno\u015bci Walcz\u0105cej odzia\u0142 Wroc\u0142aw.<\/p>\n","protected":false},"excerpt":{"rendered":"<p>Dzia\u0142aczka Solidarno\u015bci Walcz\u0105cej odzia\u0142 Wroc\u0142aw.<\/p>\n","protected":false},"featured_media":2715,"template":"","meta":[],"_links":{"self":[{"href":"http:\/\/ludzie.fundacja-pih.pl\/index.php\/wp-json\/wp\/v2\/product\/2714"}],"collection":[{"href":"http:\/\/ludzie.fundacja-pih.pl\/index.php\/wp-json\/wp\/v2\/product"}],"about":[{"href":"http:\/\/ludzie.fundacja-pih.pl\/index.php\/wp-json\/wp\/v2\/types\/product"}],"wp:featuredmedia":[{"embeddable":true,"href":"http:\/\/ludzie.fundacja-pih.pl\/index.php\/wp-json\/wp\/v2\/media\/2715"}],"wp:attachment":[{"href":"http:\/\/ludzie.fundacja-pih.pl\/index.php\/wp-json\/wp\/v2\/media?parent=2714"}],"curies":[{"name":"wp","href":"https:\/\/api.w.org\/{rel}","templated":true}]}}