{"id":2719,"date":"2021-04-29T11:36:51","date_gmt":"2021-04-29T11:36:51","guid":{"rendered":"http:\/\/ludzie.fundacja-pih.pl\/?post_type=product&#038;p=2719"},"modified":"2025-05-16T14:19:18","modified_gmt":"2025-05-16T14:19:18","slug":"grabowski-mariusz","status":"publish","type":"product","link":"http:\/\/ludzie.fundacja-pih.pl\/index.php\/product\/grabowski-mariusz\/","title":{"rendered":"Grabowski Mariusz (Wroc\u0142aw &#8211; Wa\u0142brzych)"},"content":{"rendered":"<p>Urodzi\u0142 si\u0119 16 maja 1967 w Wa\u0142brzychu.<\/p>\n<p>W 1985 roku uko\u0144czy\u0142 II LO w Wa\u0142brzychu. 31 sierpnia 1982 roku uczestniczy\u0142 w manifestacji w Wa\u0142brzychu zorganizowanej w zwi\u0105zku z rocznic\u0105 Porozumie\u0144 Sierpniowych. W latach 1983 &#8211; 1989 by\u0142 w Wa\u0142brzychu kolporterem podziemnych czasopism takich jak: \u201eWyrostek\u201d, \u201eCo u Nas\u201d i \u201eSolidarno\u015b\u0107 Walcz\u0105ca\u201d odbieranych od Dariusza Kr\u00f3la, ucznia III LO we Wroc\u0142awiu. W latach 1983 &#8211; 1989 wsp\u00f3\u0142organizowa\u0142 i koordynowa\u0142 struktury kolporta\u017cowe i dzia\u0142alno\u015b\u0107 podziemnych drukarni we Wroc\u0142awiu, Wa\u0142brzychu, Dzie\u0107morowicach, \u015awiebodzicach, \u015awidnicy i Kamiennej-G\u00f3rze. W 1984 roku by\u0142 organizatorem \u0142\u0105czno\u015bci z warszawskim M\u0142odzie\u017cowym Komitetem Oporu \u2013 oddzia\u0142em \u201eSolidarno\u015bci Walcz\u0105cej\u201d w Warszawie. W latach 1986 &#8211; 1989 nale\u017ca\u0142 do Mi\u0119dzyszkolnego Komitetu Oporu we Wroc\u0142awiu oraz organizowa\u0142 MKO w Wa\u0142brzychu. W latach 1986 &#8211; 1989 by\u0142 tak\u017ce wsp\u00f3\u0142pracownikiem Niezale\u017cnego Zrzeszenia Student\u00f3w Uniwersytetu Wroc\u0142awskiego i Politechniki Wroc\u0142awskiej. W latach 1986 &#8211; 1987 studiowa\u0142 chemi\u0119 na Politechnice Wroc\u0142awskiej, w latach 1987 &#8211; 1989 histori\u0119 na Uniwersytecie Wroc\u0142awskim, w latach 1989 \u2013 1990 by\u0142 studentem prawa tego samego uniwersytetu. W czerwcu 1987 roku zosta\u0142 zatrzymany za kolporta\u017c w Gda\u0144sku i pobity. By\u0142 zastraszany. 13 lipca tego samego roku zosta\u0142 ukarany grzywn\u0105 przez kolegium ds. wykrocze\u0144. 16 grudnia 1987 roku Mariusza Grabowskiego zatrzymano za kolporta\u017c wydawnictw podziemnych we Wroc\u0142awiu. 7 marca 1988 roku zosta\u0142 ukarany grzywn\u0105 przez kolegium ds. wykrocze\u0144. W 1987 roku wsp\u00f3\u0142zak\u0142ada\u0142 Inicjatyw\u0119 Walki Czynnej (z Arkadiuszem Urbanem, Wojciechem Stando, Jaros\u0142awem Ward\u0119g\u0105, Adamem Cymborskim i Jackiem Guzowskim), skupionej wok\u00f3\u0142 podziemnego pisma \u201eWolny Strzelec\u201d, kt\u00f3rej celem by\u0142o stworzenie grup paramilitarnych, gotowych walczy\u0107 czynnie w przypadku zaostrzenia represji wobec opozycji. W latach 1988 &#8211; 1990 wsp\u00f3\u0142tworzy\u0142 i wydawa\u0142 podziemne pisma: \u201eSzkolny Biuletyn\u201d, \u201eUczniowski Biuletyn\u201d, \u201eW\u0119gielki Wa\u0142brzyskie\u201d, \u201ePrawda\u201d, \u201eStra\u017ca\u201d, \u201eHej\u201d, \u201eSzko\u0142a\u201d, wa\u0142brzyskich edycji pism: \u201eSolidarno\u015b\u0107 Walcz\u0105ca\u201d i \u201eRegion\u201d oraz wydawnictw Poczty SW i druk\u00f3w okoliczno\u015bciowych. W dniach 6 &#8211; 7 maja 1988 roku bra\u0142 udzia\u0142 w strajku okupacyjnym na Uniwersytecie Wroc\u0142awskim zorganizowanym w ge\u015bcie solidarno\u015bci ze spacyfikowan\u0105 Hut\u0105 im. Lenina w Krakowie-Nowej Hucie. W 1988 roku by\u0142 te\u017c inicjatorem powo\u0142ania Ruchu M\u0142odzie\u017cy Niezale\u017cnej w Wa\u0142brzychu. W grudniu 1988 roku zainicjowa\u0142 i koordynowa\u0142 RMN Dolny \u015al\u0105sk, kt\u00f3ry obj\u0105\u0142 swym zasi\u0119giem obszar Polski po\u0142udniowej i po\u0142udniowo-zachodniej od Bielska-Bia\u0142ej po Zielon\u0105 G\u00f3r\u0119. W latach 1988 \u2013 1989 Mariusz Grabowski by\u0142 dzia\u0142aczem \u201eSolidarno\u015bci Walcz\u0105cej\u201d oraz organizatorem jej struktur w Wa\u0142brzychu i regionie (m.in. w \u015awidnicy, \u015awiebodzice, Kamiennej G\u00f3rze, Brzegu, \u017bar\u00f3wie i Strzelinie). W 1989 roku zosta\u0142 cz\u0142onkiem Rady Oddzia\u0142u SW Dolny \u015al\u0105sk i redaktorem podziemnego pisma \u201eSolidarno\u015b\u0107 Dolno\u015bl\u0105ska\u201d. W latach 1988 &#8211; 1989 wsp\u00f3\u0142organizowa\u0142 obozy szkoleniowe dla uczestnik\u00f3w m\u0142odzie\u017cowej konspiracji, przy wsp\u00f3\u0142pracy zaprzyja\u017anionych parafii katolickich (m.in. w Walimiu, Kotlinie K\u0142odzkiej, na Mazurach) w zakresie obrony przed dzia\u0142aniami S\u0142u\u017cby Bezpiecze\u0144stwa, dzia\u0142a\u0144 drukarskich, redakcyjnych i spotka\u0144 z liderami opozycji. R\u00f3wnie\u017c w latach 1988 -1989 uczestniczy\u0142 w strajkach w wa\u0142brzyskich kopalniach w\u0119gla kamiennego \u201eWa\u0142brzych\u201d i \u201eVictoria\u201d. By\u0142 doradc\u0105 KS, organizatorem \u0142\u0105czno\u015bci i dostawc\u0105 wydawnictw wroc\u0142awskich RKS Dolny \u015al\u0105sk i RKW Dolny \u015al\u0105sk. 31 maja 1989 roku wzi\u0105\u0142 udzia\u0142 w strajku na Uniwersytecie Wroc\u0142awskim po odmowie przez S\u0105d Wojew\u00f3dzki w Warszawie rejestracji Niezale\u017cnego Zrzeszenia Student\u00f3w. Od 1991 roku prowadzi w\u0142asn\u0105 dzia\u0142alno\u015b\u0107 gospodarcz\u0105. W 2007 roku zosta\u0142 odznaczony Krzy\u017cem Kawalerskim Orderu Odrodzenia Polski. W okresie od 22 marca 1989 roku do 21 maja 1990 roku by\u0142 rozpracowywany przez Wydz. III\/WO-KPP  WUSW w Wa\u0142brzychu w ramach SOR o kryptonimie \u201eM\u0142odzi\u201d.<\/p>\n","protected":false},"excerpt":{"rendered":"<p>Urodzi\u0142 si\u0119 16 maja 1967 w Wa\u0142brzychu. W 1985 roku uko\u0144czy\u0142 II LO w Wa\u0142brzychu. 31 sierpnia 1982 roku uczestniczy\u0142 w manifestacji w Wa\u0142brzychu zorganizowanej w zwi\u0105zku z rocznic\u0105 Porozumie\u0144 Sierpniowych. W latach 1983 &#8211; 1989 by\u0142 w Wa\u0142brzychu kolporterem podziemnych czasopism takich jak: \u201eWyrostek\u201d, \u201eCo u Nas\u201d i \u201eSolidarno\u015b\u0107 Walcz\u0105ca\u201d odbieranych od Dariusza Kr\u00f3la, [&hellip;]<\/p>\n","protected":false},"featured_media":3257,"template":"","meta":[],"_links":{"self":[{"href":"http:\/\/ludzie.fundacja-pih.pl\/index.php\/wp-json\/wp\/v2\/product\/2719"}],"collection":[{"href":"http:\/\/ludzie.fundacja-pih.pl\/index.php\/wp-json\/wp\/v2\/product"}],"about":[{"href":"http:\/\/ludzie.fundacja-pih.pl\/index.php\/wp-json\/wp\/v2\/types\/product"}],"wp:featuredmedia":[{"embeddable":true,"href":"http:\/\/ludzie.fundacja-pih.pl\/index.php\/wp-json\/wp\/v2\/media\/3257"}],"wp:attachment":[{"href":"http:\/\/ludzie.fundacja-pih.pl\/index.php\/wp-json\/wp\/v2\/media?parent=2719"}],"curies":[{"name":"wp","href":"https:\/\/api.w.org\/{rel}","templated":true}]}}