{"id":2731,"date":"2021-04-29T11:45:29","date_gmt":"2021-04-29T11:45:29","guid":{"rendered":"http:\/\/ludzie.fundacja-pih.pl\/?post_type=product&#038;p=2731"},"modified":"2025-05-16T14:19:20","modified_gmt":"2025-05-16T14:19:20","slug":"jaskiewicz-jacek","status":"publish","type":"product","link":"http:\/\/ludzie.fundacja-pih.pl\/index.php\/product\/jaskiewicz-jacek\/","title":{"rendered":"Ja\u015bkiewicz Jacek"},"content":{"rendered":"<p>Urodzi\u0142 si\u0119 3 sierpnia 1958 roku we Wroc\u0142awiu.<\/p>\n<p>Jako student Pa\u0144stwowej Wy\u017cszej Szko\u0142y Sztuk Plastycznych we Wroc\u0142awiu (obecnie Akademia Sztuk Pi\u0119knych im. Eugeniusza Gepperta) zosta\u0142 cz\u0142onkiem \u201eSolidarno\u015bci\u201d. Materia\u0142y do dzia\u0142alno\u015bci dostawa\u0142 od Marka Stanielewicza. Kilka dni po wprowadzeniu stanu wojennego, zostali zatrzymany i aresztowany. W areszcie przy ul. Muzealnej we Wroc\u0142awiu, przebywa\u0142 do maja 1982 roku W okresie aresztowania pozna\u0142 m. in. Wojciecha My\u015bleckiego i Piotra Medonia, kt\u00f3rzy w niedalekiej przysz\u0142o\u015bci mia\u0142y wsp\u00f3\u0142tworzy\u0107 \u201eSolidarno\u015b\u0107 Walcz\u0105c\u0105\u201d. W latach 1982 \u2013 1988 Jacek Ja\u015bkiewicz by\u0142 cz\u0142onkiem wroc\u0142awskiego oddzia\u0142u \u201eSolidarno\u015bci Walcz\u0105cej\u201d. W ramach dzia\u0142alno\u015bci w niej zajmowa\u0142 si\u0119 projektowaniem i drukiem znaczk\u00f3w. Znaczki drukowa\u0142 w mieszkaniu, nara\u017caj\u0105c si\u0119 na dekonspiracj\u0119. Pod koniec lat osiemdziesi\u0105tych wyjecha\u0142 do Niemiec, a nast\u0119pnie do Holandii. W 1989 roku wr\u00f3ci\u0142 do Polski.<\/p>\n","protected":false},"excerpt":{"rendered":"<p>Urodzi\u0142 si\u0119 3 sierpnia 1958 roku we Wroc\u0142awiu. Jako student Pa\u0144stwowej Wy\u017cszej Szko\u0142y Sztuk Plastycznych we Wroc\u0142awiu (obecnie Akademia Sztuk Pi\u0119knych im. Eugeniusza Gepperta) zosta\u0142 cz\u0142onkiem \u201eSolidarno\u015bci\u201d. Materia\u0142y do dzia\u0142alno\u015bci dostawa\u0142 od Marka Stanielewicza. Kilka dni po wprowadzeniu stanu wojennego, zostali zatrzymany i aresztowany. W areszcie przy ul. Muzealnej we Wroc\u0142awiu, przebywa\u0142 do maja 1982 [&hellip;]<\/p>\n","protected":false},"featured_media":2732,"template":"","meta":[],"_links":{"self":[{"href":"http:\/\/ludzie.fundacja-pih.pl\/index.php\/wp-json\/wp\/v2\/product\/2731"}],"collection":[{"href":"http:\/\/ludzie.fundacja-pih.pl\/index.php\/wp-json\/wp\/v2\/product"}],"about":[{"href":"http:\/\/ludzie.fundacja-pih.pl\/index.php\/wp-json\/wp\/v2\/types\/product"}],"wp:featuredmedia":[{"embeddable":true,"href":"http:\/\/ludzie.fundacja-pih.pl\/index.php\/wp-json\/wp\/v2\/media\/2732"}],"wp:attachment":[{"href":"http:\/\/ludzie.fundacja-pih.pl\/index.php\/wp-json\/wp\/v2\/media?parent=2731"}],"curies":[{"name":"wp","href":"https:\/\/api.w.org\/{rel}","templated":true}]}}