{"id":2734,"date":"2021-04-29T11:46:54","date_gmt":"2021-04-29T11:46:54","guid":{"rendered":"http:\/\/ludzie.fundacja-pih.pl\/?post_type=product&#038;p=2734"},"modified":"2025-05-16T14:19:21","modified_gmt":"2025-05-16T14:19:21","slug":"jerzmanska-kinga","status":"publish","type":"product","link":"http:\/\/ludzie.fundacja-pih.pl\/index.php\/product\/jerzmanska-kinga\/","title":{"rendered":"Jerzma\u0144ska Kinga"},"content":{"rendered":"<p>Dzia\u0142aczka Solidarno\u015bci Walcz\u0105cej, odznaczona Krzy\u017cem Kawalerskim Orderu Odrodzenia Polski w 2007 r.<\/p>\n","protected":false},"excerpt":{"rendered":"<p>Dzia\u0142aczka Solidarno\u015bci Walcz\u0105cej, odznaczona Krzy\u017cem Kawalerskim Orderu Odrodzenia Polski w 2007 r.<\/p>\n","protected":false},"featured_media":2735,"template":"","meta":[],"_links":{"self":[{"href":"http:\/\/ludzie.fundacja-pih.pl\/index.php\/wp-json\/wp\/v2\/product\/2734"}],"collection":[{"href":"http:\/\/ludzie.fundacja-pih.pl\/index.php\/wp-json\/wp\/v2\/product"}],"about":[{"href":"http:\/\/ludzie.fundacja-pih.pl\/index.php\/wp-json\/wp\/v2\/types\/product"}],"wp:featuredmedia":[{"embeddable":true,"href":"http:\/\/ludzie.fundacja-pih.pl\/index.php\/wp-json\/wp\/v2\/media\/2735"}],"wp:attachment":[{"href":"http:\/\/ludzie.fundacja-pih.pl\/index.php\/wp-json\/wp\/v2\/media?parent=2734"}],"curies":[{"name":"wp","href":"https:\/\/api.w.org\/{rel}","templated":true}]}}