{"id":2736,"date":"2021-04-29T11:47:39","date_gmt":"2021-04-29T11:47:39","guid":{"rendered":"http:\/\/ludzie.fundacja-pih.pl\/?post_type=product&#038;p=2736"},"modified":"2025-05-16T14:19:21","modified_gmt":"2025-05-16T14:19:21","slug":"kaczoruk-ryszard","status":"publish","type":"product","link":"http:\/\/ludzie.fundacja-pih.pl\/index.php\/product\/kaczoruk-ryszard\/","title":{"rendered":"Kaczoruk Ryszard"},"content":{"rendered":"<p>Urodzi\u0142 si\u0119 20 lutego 1955 r. we Wroc\u0142awiu<\/p>\n<p>Dzia\u0142acz wroc\u0142askiego oddzia\u0142u \u201eSolidarno\u015bci Walcz\u0105cej\u201d. Wsp\u00f3\u0142tworzy\u0142 Serwis Agencji Informacyjnej SW, kt\u00f3rego zasadniczym celem by\u0142o dostarczanie redakcjom nielegalnych czasopism gotowego materia\u0142u do publikacji, zorientowanie ich w bie\u017c\u0105cych wydarzeniach oraz pewna edukacja polityczna. W latach 1979 \u2013 1980 wsp\u00f3\u0142pracowa\u0142 z Kornelem Morawieckim tworz\u0105c i uczestnicz\u0105c w druku niezale\u017cnych czasopism: \u201eBiuletyn Dolno\u015bl\u0105ski\u201d i \u201eNasze S\u0142owo\u201d. Po wprowadzeniu stanu wojennego, na polecenie Kornela Morawieckiego organizowa\u0142 sie\u0107 konspiracji w\u015br\u00f3d os\u00f3b zwi\u0105zanych z Politechnik\u0105 Wroc\u0142awsk\u0105 i wroc\u0142awskim \u015brodowiskiem fizyk\u00f3w. Przez 3 miesi\u0105ce ukrywa\u0142 si\u0119 przed S\u0142u\u017cb\u0105 Bezpiecze\u0144stwa. Razem z Hann\u0105 \u0141ukowsk\u0105 \u2013 Karniej gromadzi\u0142 sprz\u0119t radiowy na potrzeby pods\u0142uch\u00f3w SB. Dostarcza\u0142 sprzet komputerowy dla cel\u00f3w tworzenia \u201eSerwisu SW\u201d, kt\u00f3ry powstawa\u0142 w mieszkaniu Heleny i Romualda Lazarowicz\u00f3w.<\/p>\n","protected":false},"excerpt":{"rendered":"<p>Urodzi\u0142 si\u0119 20 lutego 1955 r. we Wroc\u0142awiu Dzia\u0142acz wroc\u0142askiego oddzia\u0142u \u201eSolidarno\u015bci Walcz\u0105cej\u201d. Wsp\u00f3\u0142tworzy\u0142 Serwis Agencji Informacyjnej SW, kt\u00f3rego zasadniczym celem by\u0142o dostarczanie redakcjom nielegalnych czasopism gotowego materia\u0142u do publikacji, zorientowanie ich w bie\u017c\u0105cych wydarzeniach oraz pewna edukacja polityczna. W latach 1979 \u2013 1980 wsp\u00f3\u0142pracowa\u0142 z Kornelem Morawieckim tworz\u0105c i uczestnicz\u0105c w druku niezale\u017cnych czasopism: [&hellip;]<\/p>\n","protected":false},"featured_media":2737,"template":"","meta":[],"_links":{"self":[{"href":"http:\/\/ludzie.fundacja-pih.pl\/index.php\/wp-json\/wp\/v2\/product\/2736"}],"collection":[{"href":"http:\/\/ludzie.fundacja-pih.pl\/index.php\/wp-json\/wp\/v2\/product"}],"about":[{"href":"http:\/\/ludzie.fundacja-pih.pl\/index.php\/wp-json\/wp\/v2\/types\/product"}],"wp:featuredmedia":[{"embeddable":true,"href":"http:\/\/ludzie.fundacja-pih.pl\/index.php\/wp-json\/wp\/v2\/media\/2737"}],"wp:attachment":[{"href":"http:\/\/ludzie.fundacja-pih.pl\/index.php\/wp-json\/wp\/v2\/media?parent=2736"}],"curies":[{"name":"wp","href":"https:\/\/api.w.org\/{rel}","templated":true}]}}