{"id":2755,"date":"2021-04-29T12:16:59","date_gmt":"2021-04-29T12:16:59","guid":{"rendered":"http:\/\/ludzie.fundacja-pih.pl\/?post_type=product&#038;p=2755"},"modified":"2025-05-16T14:19:24","modified_gmt":"2025-05-16T14:19:24","slug":"bafalukosz-andrzej","status":"publish","type":"product","link":"http:\/\/ludzie.fundacja-pih.pl\/index.php\/product\/bafalukosz-andrzej\/","title":{"rendered":"Bafalukosz Andrzej"},"content":{"rendered":"<p>Ur. 30-11-1954 we Wroc\u0142awiu ,w pa\u017adzierniku 1982 poprzez Jadzi\u0119 Tokarsk\u0105 pozna\u0142em Barbar\u0119 Sarapuk. Ju\u017c podczas pierwszego spotkania w mieszkaniu Basi na ul. Kruszwickiej wzi\u0105\u0142 udzia\u0142 w druku \u201eWiadomo\u015bci Bie\u017c\u0105cych\u201d, wsp\u00f3lnie z Albertem \u0141yjakiem, \u015bp. Waldkiem Bobnis i Andrzejem Wawrze\u0144. W grudniu 82 \u201ewpadka\u201d i na wiosn\u0119 proces i wyroki w zawieszeniu opr\u00f3cz wyroku uniewinniaj\u0105cego Hanny \u0141ukowskiej Karniej. Po wypuszczeniu Basi Sarapuk wsp\u00f3lna intensywna praca -druk, organizacja drukar\u0144, przyuczenie adept\u00f3w i r\u00f3wnocze\u015bnie kolporta\u017c. Podczas rozrzucania ulotek SW na rynku wroc\u0142awskim w dn.30 sierpnia 83 nawo\u0142uj\u0105cych do manifestacji zatrzymany wraz z koleg\u0105 z PKO. Nie przyznali si\u0119, odm\u00f3wili zezna\u0144 i otrzymali wyrok 8 m-cy z perspektyw\u0105 odwieszenia poprzedniego wyroku. W listopadzie przewieziony do ZK Strzelin gdzie pr\u00f3bowano zmusi\u0107 go do pracy w pobliskich kamienio\u0142omach. Po odmowie, ostatecznie przeniesiony na oddzia\u0142 kilkunastu wi\u0119\u017ani\u00f3w politycznych. Natychmiast przy\u0142\u0105czy\u0142 si\u0119 do trwaj\u0105cej G\u0142od\u00f3wki wi\u0119\u017ani\u00f3w politycznych w kt\u00f3rej uczestniczy\u0142 ok. miesi\u0105ca. W celi by\u0142 m.in.z Januszem Pa\u0142ubickim, Czes\u0142awem Lipk\u0105 Czes\u0142awem Stasiakiem i \u015bp. Brunonem Ponikiewskim. Z Wroc\u0142awia w tym samym wi\u0119zieniu by\u0142 W\u0142odzimierz M\u0119karski. W czerwcu obj\u0119ty amnesti\u0105. Dzia\u0142alno\u015b\u0107 kontynuowa\u0142 a\u017c do 1989r..W 1985 na wiosn\u0119 zosta\u0142em wraz z moim bratem Janem Bafalukoszem dzi\u0119ki inicjatywie B. Sarapuk zaprzysi\u0119\u017cony osobi\u015bcie przez ukrywaj\u0105cego si\u0119 Kornela Morawieckiego przewodnicz\u0105cego SW.W 1988 r. zostali\u015bmy zatrzymani i skazani przez Kolegium d\/s wykrocze\u00f1 i na grzywny oraz przepadek samochody \u201ema\u0142ego\u201d fiata w\u0142asno\u015b\u0107 Ewy Petry\u0144skiej u kt\u00f3rej w domu regularnie drukowali\u015bmy SW. Grzywny nie zap\u0142aci\u0142em. Wsp\u00f3\u0142pracowa\u0142em blisko z W\u0142odkiem M\u0119karskim wydaj\u0105c i drukuj\u0105c gazet\u0119 \u201dOgniwo\u201d. W p\u00f2\u017aniejszym czasie zosta\u0142 zaprzysi\u0119\u017cony mojej kuzynki m\u0105\u017c Stanis\u0142aw D\u0119bi\u0144ski \u201eAjek\u201d jako kolporter i kierowca. Pomaga\u0142a nam w drukowaniu moja przysz\u0142a \u017cona Wies\u0142awa Ry\u0142ko &#8211; Bafalukosz. W 1989 r. po tzw. wyborach zdecydowali\u015bmy si\u0119 na wyjazd z \u017con\u0105 do Grecji miejsca pochodzenia mojego \u015bp. ojca, w kt\u00f3rej mieszkam do dzisiaj. Oczywi\u015bcie mam cz\u0119sty kontakt z Polsk\u0105. W 2017 r. zosta\u0142em odznaczony przez Kornela Morawieckiego krzy\u017cem Solidarno\u015bci Walcz\u0105cej. Jestem te\u017c posiadaczem odznaki honorowej \u201eDzia\u0142acza opozycji antykomunistycznej \u00a0lub osoby represjonowanej z powod\u00f3w politycznych\u201d. Obecnie mam dobry kontakt z Gazet\u0105 obywatelsk\u0105\u201d i jej redaktorem naczelnym Albertem \u0141yjakiem. Do w\/w gazety pisz\u0119 nieregularnie artyku\u0142y dotycz\u0105ce sytuacji w Grecji. Pozdrawiam serdecznie i \u017cycz\u0119 aby powstaj\u0105ce Muzeum Solidarno\u015bci Walcz\u0105cej sta\u0142o si\u0119 nie tylko \u015bwiadectwem wspania\u0142ej historii patriotyzmu ale te\u017c drogowskazem dla przysz\u0142ych pokole\u0144. Andrzej Bafalukosz<\/p>\n","protected":false},"excerpt":{"rendered":"<p>Ur. 30-11-1954 we Wroc\u0142awiu ,w pa\u017adzierniku 1982 poprzez Jadzi\u0119 Tokarsk\u0105 pozna\u0142em Barbar\u0119 Sarapuk. Ju\u017c podczas pierwszego spotkania w mieszkaniu Basi na ul. Kruszwickiej wzi\u0105\u0142 udzia\u0142 w druku \u201eWiadomo\u015bci Bie\u017c\u0105cych\u201d, wsp\u00f3lnie z Albertem \u0141yjakiem, \u015bp. Waldkiem Bobnis i Andrzejem Wawrze\u0144. W grudniu 82 \u201ewpadka\u201d i na wiosn\u0119 proces i wyroki w zawieszeniu opr\u00f3cz wyroku uniewinniaj\u0105cego Hanny [&hellip;]<\/p>\n","protected":false},"featured_media":3597,"template":"","meta":[],"_links":{"self":[{"href":"http:\/\/ludzie.fundacja-pih.pl\/index.php\/wp-json\/wp\/v2\/product\/2755"}],"collection":[{"href":"http:\/\/ludzie.fundacja-pih.pl\/index.php\/wp-json\/wp\/v2\/product"}],"about":[{"href":"http:\/\/ludzie.fundacja-pih.pl\/index.php\/wp-json\/wp\/v2\/types\/product"}],"wp:featuredmedia":[{"embeddable":true,"href":"http:\/\/ludzie.fundacja-pih.pl\/index.php\/wp-json\/wp\/v2\/media\/3597"}],"wp:attachment":[{"href":"http:\/\/ludzie.fundacja-pih.pl\/index.php\/wp-json\/wp\/v2\/media?parent=2755"}],"curies":[{"name":"wp","href":"https:\/\/api.w.org\/{rel}","templated":true}]}}