{"id":2769,"date":"2021-04-29T12:25:39","date_gmt":"2021-04-29T12:25:39","guid":{"rendered":"http:\/\/ludzie.fundacja-pih.pl\/?post_type=product&#038;p=2769"},"modified":"2025-05-16T14:19:25","modified_gmt":"2025-05-16T14:19:25","slug":"linowska-wanda","status":"publish","type":"product","link":"http:\/\/ludzie.fundacja-pih.pl\/index.php\/product\/linowska-wanda\/","title":{"rendered":"Linowska Wanda"},"content":{"rendered":"<p>Urodzi\u0142a si\u0119 10 wrze\u015bnia 1933 roku w Ma\u0142kowie.<\/p>\n<p>W 1979 roku kolportowa\u0142a \u201eBiuletyn Dolno\u015bl\u0105ski\u201d. Od wrze\u015bnia 1980 roku nale\u017ca\u0142a do NSZZ \u201eSolidarno\u015b\u0107\u201d. Po wprowadzeniu stanu wojennego, dzia\u0142a\u0142a w podziemnej strukturze wydawniczo \u2013 kolporta\u017cowej RKS NSZZ \u201eSolidarno\u015b\u0107\u201d Dolny \u015al\u0105sk. Od czerwca 1982 roku aktywno\u015b\u0107 t\u0119 \u0142\u0105czy\u0142a z zaanga\u017cowaniem w \u201eSolidarno\u015b\u0107 Walcz\u0105c\u0105\u201d. Zajmowa\u0142a si\u0119 g\u0142\u00f3wnie kolporta\u017cem. W kwietniu 1984 roku SB przeprowadzi\u0142a w jej mieszkaniu rewizj\u0119, w trakcie kt\u00f3rej  wykryto du\u017ce ilo\u015bci wydawnictw podziemnych, co stanowi\u0142o podstaw\u0119 do jej aresztowania. W \u015bledztwie odmawia\u0142a udzielania jakichkolwiek informacji. Zosta\u0142a zwolniona na mocy amnestii w lipcu 1984 roku. Dzia\u0142alno\u015b\u0107 konspiracyjn\u0105 kontynuowa\u0142a do ko\u0144ca lat osiemdziesi\u0105tych. <\/p>\n","protected":false},"excerpt":{"rendered":"<p>Urodzi\u0142a si\u0119 10 wrze\u015bnia 1933 roku w Ma\u0142kowie. W 1979 roku kolportowa\u0142a \u201eBiuletyn Dolno\u015bl\u0105ski\u201d. Od wrze\u015bnia 1980 roku nale\u017ca\u0142a do NSZZ \u201eSolidarno\u015b\u0107\u201d. Po wprowadzeniu stanu wojennego, dzia\u0142a\u0142a w podziemnej strukturze wydawniczo \u2013 kolporta\u017cowej RKS NSZZ \u201eSolidarno\u015b\u0107\u201d Dolny \u015al\u0105sk. Od czerwca 1982 roku aktywno\u015b\u0107 t\u0119 \u0142\u0105czy\u0142a z zaanga\u017cowaniem w \u201eSolidarno\u015b\u0107 Walcz\u0105c\u0105\u201d. Zajmowa\u0142a si\u0119 g\u0142\u00f3wnie kolporta\u017cem. W [&hellip;]<\/p>\n","protected":false},"featured_media":2770,"template":"","meta":[],"_links":{"self":[{"href":"http:\/\/ludzie.fundacja-pih.pl\/index.php\/wp-json\/wp\/v2\/product\/2769"}],"collection":[{"href":"http:\/\/ludzie.fundacja-pih.pl\/index.php\/wp-json\/wp\/v2\/product"}],"about":[{"href":"http:\/\/ludzie.fundacja-pih.pl\/index.php\/wp-json\/wp\/v2\/types\/product"}],"wp:featuredmedia":[{"embeddable":true,"href":"http:\/\/ludzie.fundacja-pih.pl\/index.php\/wp-json\/wp\/v2\/media\/2770"}],"wp:attachment":[{"href":"http:\/\/ludzie.fundacja-pih.pl\/index.php\/wp-json\/wp\/v2\/media?parent=2769"}],"curies":[{"name":"wp","href":"https:\/\/api.w.org\/{rel}","templated":true}]}}