{"id":2773,"date":"2021-04-29T12:27:12","date_gmt":"2021-04-29T12:27:12","guid":{"rendered":"http:\/\/ludzie.fundacja-pih.pl\/?post_type=product&#038;p=2773"},"modified":"2025-05-16T14:19:26","modified_gmt":"2025-05-16T14:19:26","slug":"linowski-wojciech","status":"publish","type":"product","link":"http:\/\/ludzie.fundacja-pih.pl\/index.php\/product\/linowski-wojciech\/","title":{"rendered":"Linowski Wojciech"},"content":{"rendered":"<p>Dzia\u0142acz Solidarno\u015bci Walcz\u0105cej odzia\u0142 Wroc\u0142aw.<\/p>\n","protected":false},"excerpt":{"rendered":"<p>Dzia\u0142acz Solidarno\u015bci Walcz\u0105cej odzia\u0142 Wroc\u0142aw.<\/p>\n","protected":false},"featured_media":2774,"template":"","meta":[],"_links":{"self":[{"href":"http:\/\/ludzie.fundacja-pih.pl\/index.php\/wp-json\/wp\/v2\/product\/2773"}],"collection":[{"href":"http:\/\/ludzie.fundacja-pih.pl\/index.php\/wp-json\/wp\/v2\/product"}],"about":[{"href":"http:\/\/ludzie.fundacja-pih.pl\/index.php\/wp-json\/wp\/v2\/types\/product"}],"wp:featuredmedia":[{"embeddable":true,"href":"http:\/\/ludzie.fundacja-pih.pl\/index.php\/wp-json\/wp\/v2\/media\/2774"}],"wp:attachment":[{"href":"http:\/\/ludzie.fundacja-pih.pl\/index.php\/wp-json\/wp\/v2\/media?parent=2773"}],"curies":[{"name":"wp","href":"https:\/\/api.w.org\/{rel}","templated":true}]}}