{"id":2777,"date":"2021-04-29T12:29:17","date_gmt":"2021-04-29T12:29:17","guid":{"rendered":"http:\/\/ludzie.fundacja-pih.pl\/?post_type=product&#038;p=2777"},"modified":"2025-05-16T14:19:27","modified_gmt":"2025-05-16T14:19:27","slug":"latkowska-miroslawa","status":"publish","type":"product","link":"http:\/\/ludzie.fundacja-pih.pl\/index.php\/product\/latkowska-miroslawa\/","title":{"rendered":"\u0141\u0105tkowska Miros\u0142awa"},"content":{"rendered":"<p>Urodzi\u0142a si\u0119 3 grudnia 1952 roku we Wroc\u0142awiu. <\/p>\n<p>W 1976 roku uko\u0144czy\u0142a studia w Instytucie Kulturoznawstwa Uniwersytetu Wroc\u0142awskiego. W latach 1966 &#8211; 1971 nale\u017ca\u0142a do ZHP, pe\u0142ni\u0142a funkcj\u0119 instruktora. W latach 1976 &#8211; 1981 pracowa\u0142a jako nauczyciel akademicki w Wy\u017cszej Szkole Pedagogicznej w Kielcach. Nale\u017ca\u0142a do ZNP. W 1981 roku powr\u00f3ci\u0142a do Wroc\u0142awia. W 1984 roku zosta\u0142a kierownikiem Galerii M\u0142odego Widza w Biurze Wystaw Artystycznych, z kt\u00f3rej zwolniono j\u0105 po odmowie wsp\u00f3\u0142pracy z SB. W 1982 roku zosta\u0142a zaprzysi\u0119\u017conym cz\u0142onkiem \u201eSolidarno\u015bci Walcz\u0105cej\u201d. Uczestniczy\u0142a w antyre\u017cimowej demonstracji we Wroc\u0142awiu, w jej mieszkaniu odbywa\u0142y si\u0119 spotkania SW. W 1985 roku zosta\u0142a wsp\u00f3\u0142za\u0142o\u017cycielk\u0105 Niezale\u017cnego Wydawnictwa Ksi\u0105\u017ckowego \u201eWers\u201d. Zajmowa\u0142a si\u0119 tam m.in. redakcj\u0105 i maszynopisaniem. W 1986 roku pe\u0142ni\u0142a rol\u0119 kuriera K. Morawieckiego do Norwegii (Komitet Helsi\u0144ski) i Szwecji (Szwedzki Komitet Pomocy dla Solidarno\u015bci w Lundzie). Od 1987 roku dzia\u0142a\u0142a w warszawskich strukturach SW. W 1989 roku zosta\u0142a wsp\u00f3\u0142za\u0142o\u017cycielk\u0105 i wsp\u00f3\u0142w\u0142a\u015bcicielk\u0105 (z m\u0119\u017cem Adamem Borowskim) Oficyny Wydawniczej \u201eVolumen\u201d kontynuuj\u0105cej dzia\u0142alno\u015b\u0107 podziemnych wydawnictw \u201eWers\u201d i \u201ePrawy Margines\u201d. By\u0142a redaktorem, wydawc\u0105, tw\u00f3rczyni\u0105 serii wydawniczych r\u00f3wnolegle pracuj\u0105c jako nauczyciel akademicki. W 2001 roku zosta\u0142a wyr\u00f3\u017cniona medalem Zas\u0142u\u017cony Dzia\u0142acz Kultury.<\/p>\n","protected":false},"excerpt":{"rendered":"<p>Urodzi\u0142a si\u0119 3 grudnia 1952 roku we Wroc\u0142awiu. W 1976 roku uko\u0144czy\u0142a studia w Instytucie Kulturoznawstwa Uniwersytetu Wroc\u0142awskiego. W latach 1966 &#8211; 1971 nale\u017ca\u0142a do ZHP, pe\u0142ni\u0142a funkcj\u0119 instruktora. W latach 1976 &#8211; 1981 pracowa\u0142a jako nauczyciel akademicki w Wy\u017cszej Szkole Pedagogicznej w Kielcach. Nale\u017ca\u0142a do ZNP. W 1981 roku powr\u00f3ci\u0142a do Wroc\u0142awia. W 1984 [&hellip;]<\/p>\n","protected":false},"featured_media":2778,"template":"","meta":[],"_links":{"self":[{"href":"http:\/\/ludzie.fundacja-pih.pl\/index.php\/wp-json\/wp\/v2\/product\/2777"}],"collection":[{"href":"http:\/\/ludzie.fundacja-pih.pl\/index.php\/wp-json\/wp\/v2\/product"}],"about":[{"href":"http:\/\/ludzie.fundacja-pih.pl\/index.php\/wp-json\/wp\/v2\/types\/product"}],"wp:featuredmedia":[{"embeddable":true,"href":"http:\/\/ludzie.fundacja-pih.pl\/index.php\/wp-json\/wp\/v2\/media\/2778"}],"wp:attachment":[{"href":"http:\/\/ludzie.fundacja-pih.pl\/index.php\/wp-json\/wp\/v2\/media?parent=2777"}],"curies":[{"name":"wp","href":"https:\/\/api.w.org\/{rel}","templated":true}]}}