{"id":2809,"date":"2021-04-29T16:15:32","date_gmt":"2021-04-29T16:15:32","guid":{"rendered":"http:\/\/ludzie.fundacja-pih.pl\/?post_type=product&#038;p=2809"},"modified":"2025-05-16T14:19:33","modified_gmt":"2025-05-16T14:19:33","slug":"barys-edward","status":"publish","type":"product","link":"http:\/\/ludzie.fundacja-pih.pl\/index.php\/product\/barys-edward\/","title":{"rendered":"Bary\u015b Edward"},"content":{"rendered":"<p>Uczestnik wielu manifestacji oraz g\u0142od\u00f3wki protestacyjnej w Krakowie-Biezanowie. Kolporter m.in. gazetek Solidarno\u015bci Walcz\u0105cej<\/p>\n","protected":false},"excerpt":{"rendered":"<p>Uczestnik wielu manifestacji oraz g\u0142od\u00f3wki protestacyjnej w Krakowie-Biezanowie. Kolporter m.in. gazetek Solidarno\u015bci Walcz\u0105cej<\/p>\n","protected":false},"featured_media":2810,"template":"","meta":[],"_links":{"self":[{"href":"http:\/\/ludzie.fundacja-pih.pl\/index.php\/wp-json\/wp\/v2\/product\/2809"}],"collection":[{"href":"http:\/\/ludzie.fundacja-pih.pl\/index.php\/wp-json\/wp\/v2\/product"}],"about":[{"href":"http:\/\/ludzie.fundacja-pih.pl\/index.php\/wp-json\/wp\/v2\/types\/product"}],"wp:featuredmedia":[{"embeddable":true,"href":"http:\/\/ludzie.fundacja-pih.pl\/index.php\/wp-json\/wp\/v2\/media\/2810"}],"wp:attachment":[{"href":"http:\/\/ludzie.fundacja-pih.pl\/index.php\/wp-json\/wp\/v2\/media?parent=2809"}],"curies":[{"name":"wp","href":"https:\/\/api.w.org\/{rel}","templated":true}]}}