{"id":2811,"date":"2021-04-29T16:16:03","date_gmt":"2021-04-29T16:16:03","guid":{"rendered":"http:\/\/ludzie.fundacja-pih.pl\/?post_type=product&#038;p=2811"},"modified":"2025-05-16T14:19:33","modified_gmt":"2025-05-16T14:19:33","slug":"barys-maria","status":"publish","type":"product","link":"http:\/\/ludzie.fundacja-pih.pl\/index.php\/product\/barys-maria\/","title":{"rendered":"Bary\u015b Maria"},"content":{"rendered":"<p>Uczestniczka wi\u0119kszo\u015bci wroc\u0142awskich protest\u00f3w ulicznych oraz protestu g\u0142odowego w Krakowie-Biezanowie.<br \/>\nKolporterka prasy podziemnej m.in. Solidarno\u015bci Walcz\u0105cej.<\/p>\n","protected":false},"excerpt":{"rendered":"<p>Uczestniczka wi\u0119kszo\u015bci wroc\u0142awskich protest\u00f3w ulicznych oraz protestu g\u0142odowego w Krakowie-Biezanowie. Kolporterka prasy podziemnej m.in. Solidarno\u015bci Walcz\u0105cej.<\/p>\n","protected":false},"featured_media":2812,"template":"","meta":[],"_links":{"self":[{"href":"http:\/\/ludzie.fundacja-pih.pl\/index.php\/wp-json\/wp\/v2\/product\/2811"}],"collection":[{"href":"http:\/\/ludzie.fundacja-pih.pl\/index.php\/wp-json\/wp\/v2\/product"}],"about":[{"href":"http:\/\/ludzie.fundacja-pih.pl\/index.php\/wp-json\/wp\/v2\/types\/product"}],"wp:featuredmedia":[{"embeddable":true,"href":"http:\/\/ludzie.fundacja-pih.pl\/index.php\/wp-json\/wp\/v2\/media\/2812"}],"wp:attachment":[{"href":"http:\/\/ludzie.fundacja-pih.pl\/index.php\/wp-json\/wp\/v2\/media?parent=2811"}],"curies":[{"name":"wp","href":"https:\/\/api.w.org\/{rel}","templated":true}]}}