{"id":2822,"date":"2021-04-29T16:22:55","date_gmt":"2021-04-29T16:22:55","guid":{"rendered":"http:\/\/ludzie.fundacja-pih.pl\/?post_type=product&#038;p=2822"},"modified":"2025-05-16T14:19:35","modified_gmt":"2025-05-16T14:19:35","slug":"bielawska-celina","status":"publish","type":"product","link":"http:\/\/ludzie.fundacja-pih.pl\/index.php\/product\/bielawska-celina\/","title":{"rendered":"Bielawska Celina"},"content":{"rendered":"<p>Dzia\u0142aczka Solidarno\u015bci Walcz\u0105cej odzia\u0142 Wroc\u0142aw. Wsp\u00f3\u0142tworzy\u0142a  Robotnicze Wydawnictwo Feniks.<\/p>\n","protected":false},"excerpt":{"rendered":"<p>Dzia\u0142aczka Solidarno\u015bci Walcz\u0105cej odzia\u0142 Wroc\u0142aw. Wsp\u00f3\u0142tworzy\u0142a Robotnicze Wydawnictwo Feniks.<\/p>\n","protected":false},"featured_media":2823,"template":"","meta":[],"_links":{"self":[{"href":"http:\/\/ludzie.fundacja-pih.pl\/index.php\/wp-json\/wp\/v2\/product\/2822"}],"collection":[{"href":"http:\/\/ludzie.fundacja-pih.pl\/index.php\/wp-json\/wp\/v2\/product"}],"about":[{"href":"http:\/\/ludzie.fundacja-pih.pl\/index.php\/wp-json\/wp\/v2\/types\/product"}],"wp:featuredmedia":[{"embeddable":true,"href":"http:\/\/ludzie.fundacja-pih.pl\/index.php\/wp-json\/wp\/v2\/media\/2823"}],"wp:attachment":[{"href":"http:\/\/ludzie.fundacja-pih.pl\/index.php\/wp-json\/wp\/v2\/media?parent=2822"}],"curies":[{"name":"wp","href":"https:\/\/api.w.org\/{rel}","templated":true}]}}