{"id":2833,"date":"2021-04-29T16:31:10","date_gmt":"2021-04-29T16:31:10","guid":{"rendered":"http:\/\/ludzie.fundacja-pih.pl\/?post_type=product&#038;p=2833"},"modified":"2025-05-16T14:19:38","modified_gmt":"2025-05-16T14:19:38","slug":"brokos-czeslaw","status":"publish","type":"product","link":"http:\/\/ludzie.fundacja-pih.pl\/index.php\/product\/brokos-czeslaw\/","title":{"rendered":"Brokos Czes\u0142aw"},"content":{"rendered":"<p>Urodzi\u0142 si\u0119 5 lipca 1950 roku w Kretkach Ma\u0142ych.<\/p>\n<p>Dzia\u0142alno\u015b\u0107 opozycjn\u0105 ropocz\u0105\u0142 w czasie strajk\u00f3w, w sierpniu 1980 roku, b\u0119d\u0105c  w\u00f3wczas pracownikiemWroc\u0142awskiego Przedsi\u0119biorstwa Instalacji Przemys\u0142owych \u201eInstal\u201d. Nale\u017ca\u0142 w\u00f3wczas do inicjator\u00f3w protestu i stan\u0105\u0142 na czele komitetu strajkuj\u0105cego. Po strajkach wst\u0105pi\u0142 do NSZZ \u201eSolidarno\u015b\u0107\u201d i pe\u0142ni\u0142 funkcj\u0119 przewodnicz\u0105cego Tymczasowej Komisji Za\u0142o\u017cycielskiej  WPIP \u201eInstal\u201d. Z biegiem czasu zosta\u0142 etatowym dzia\u0142aczem zwi\u0105zkowym.<br \/>\nBy\u0142 jednym z pierwszych drukarzy \u201eSolidarno\u015bci Walcz\u0105cej\u201d. Zosta\u0142 odznaczony Krzy\u017c Solidarno\u015bci Walcz\u0105cej oraz Krzy\u017cem Za Zas\u0142ugi dla Niepodleg\u0142o\u015bci.<\/p>\n","protected":false},"excerpt":{"rendered":"<p>Urodzi\u0142 si\u0119 5 lipca 1950 roku w Kretkach Ma\u0142ych. Dzia\u0142alno\u015b\u0107 opozycjn\u0105 ropocz\u0105\u0142 w czasie strajk\u00f3w, w sierpniu 1980 roku, b\u0119d\u0105c w\u00f3wczas pracownikiemWroc\u0142awskiego Przedsi\u0119biorstwa Instalacji Przemys\u0142owych \u201eInstal\u201d. Nale\u017ca\u0142 w\u00f3wczas do inicjator\u00f3w protestu i stan\u0105\u0142 na czele komitetu strajkuj\u0105cego. Po strajkach wst\u0105pi\u0142 do NSZZ \u201eSolidarno\u015b\u0107\u201d i pe\u0142ni\u0142 funkcj\u0119 przewodnicz\u0105cego Tymczasowej Komisji Za\u0142o\u017cycielskiej WPIP \u201eInstal\u201d. Z biegiem czasu [&hellip;]<\/p>\n","protected":false},"featured_media":2834,"template":"","meta":[],"_links":{"self":[{"href":"http:\/\/ludzie.fundacja-pih.pl\/index.php\/wp-json\/wp\/v2\/product\/2833"}],"collection":[{"href":"http:\/\/ludzie.fundacja-pih.pl\/index.php\/wp-json\/wp\/v2\/product"}],"about":[{"href":"http:\/\/ludzie.fundacja-pih.pl\/index.php\/wp-json\/wp\/v2\/types\/product"}],"wp:featuredmedia":[{"embeddable":true,"href":"http:\/\/ludzie.fundacja-pih.pl\/index.php\/wp-json\/wp\/v2\/media\/2834"}],"wp:attachment":[{"href":"http:\/\/ludzie.fundacja-pih.pl\/index.php\/wp-json\/wp\/v2\/media?parent=2833"}],"curies":[{"name":"wp","href":"https:\/\/api.w.org\/{rel}","templated":true}]}}