{"id":2835,"date":"2021-04-29T16:31:57","date_gmt":"2021-04-29T16:31:57","guid":{"rendered":"http:\/\/ludzie.fundacja-pih.pl\/?post_type=product&#038;p=2835"},"modified":"2025-05-16T14:19:38","modified_gmt":"2025-05-16T14:19:38","slug":"brokos-malgorzata","status":"publish","type":"product","link":"http:\/\/ludzie.fundacja-pih.pl\/index.php\/product\/brokos-malgorzata\/","title":{"rendered":"Brokos Ma\u0142gorzata"},"content":{"rendered":"<p>Dzia\u0142aczka Solidarno\u015bci Walcz\u0105cej odzia\u0142 Wroc\u0142aw. Wsp\u00f3\u0142tworzy\u0142a  Robotnicze Wydawnictwo Feniks. W stanie wojennym ukrywa\u0142a Kornela Morawieckiego, szefa podziemnej Solidarno\u015bci Walcz\u0105cej<\/p>\n","protected":false},"excerpt":{"rendered":"<p>Dzia\u0142aczka Solidarno\u015bci Walcz\u0105cej odzia\u0142 Wroc\u0142aw. Wsp\u00f3\u0142tworzy\u0142a Robotnicze Wydawnictwo Feniks. W stanie wojennym ukrywa\u0142a Kornela Morawieckiego, szefa podziemnej Solidarno\u015bci Walcz\u0105cej<\/p>\n","protected":false},"featured_media":2836,"template":"","meta":[],"_links":{"self":[{"href":"http:\/\/ludzie.fundacja-pih.pl\/index.php\/wp-json\/wp\/v2\/product\/2835"}],"collection":[{"href":"http:\/\/ludzie.fundacja-pih.pl\/index.php\/wp-json\/wp\/v2\/product"}],"about":[{"href":"http:\/\/ludzie.fundacja-pih.pl\/index.php\/wp-json\/wp\/v2\/types\/product"}],"wp:featuredmedia":[{"embeddable":true,"href":"http:\/\/ludzie.fundacja-pih.pl\/index.php\/wp-json\/wp\/v2\/media\/2836"}],"wp:attachment":[{"href":"http:\/\/ludzie.fundacja-pih.pl\/index.php\/wp-json\/wp\/v2\/media?parent=2835"}],"curies":[{"name":"wp","href":"https:\/\/api.w.org\/{rel}","templated":true}]}}