{"id":2845,"date":"2021-04-29T16:41:49","date_gmt":"2021-04-29T16:41:49","guid":{"rendered":"http:\/\/ludzie.fundacja-pih.pl\/?post_type=product&#038;p=2845"},"modified":"2025-05-16T14:19:40","modified_gmt":"2025-05-16T14:19:40","slug":"chojnacki-adolf","status":"publish","type":"product","link":"http:\/\/ludzie.fundacja-pih.pl\/index.php\/product\/chojnacki-adolf\/","title":{"rendered":"Chojnacki Adolf"},"content":{"rendered":"<p>Urodzi\u0142 si\u0119 4 stycznia 1932 r. w Cichawie (gmina Gd\u00f3w w powiecie wielickim), a zmar\u0142 22 marca 2001 w Makowie Podhala\u0144skim. <\/p>\n<p>W 1956 roku przyj\u0105\u0142 \u015bwi\u0119cenia kap\u0142a\u0144skie. W ci\u0105gu trzynastu lat kap\u0142a\u0144stwa pos\u0142ugiwa\u0142 jako wikariusz na terenie o\u015bmiu miejscowo\u015bci: Rabka, Poronin, Bielsko-Bia\u0142a, Kozy, Chrzan\u00f3w, Skawina, Nowy Targ, Grabie. W 1969 roku rozpocz\u0105\u0142 prac\u0119 w Babicach, gdzie od 1973 roku realizowa\u0142 misj\u0119 budowy ko\u015bcio\u0142a w przynale\u017c\u0105cym do tej parafii Zag\u00f3rzu. W pa\u017adzierniku 1981 roku zosta\u0142 przeniesiony na stanowisko wikariusza ekonoma pe\u0142ni\u0105cego obowi\u0105zki administratora parafii w Krakowie-Bie\u017canowie Starym. Publicznie krytykowa\u0142 dzia\u0142ania w\u0142adz i nie stosowa\u0142 si\u0119 do rozporz\u0105dze\u0144 ograniczaj\u0105cych prac\u0119 duszpastersk\u0105 z m\u0142odzie\u017c\u0105 czy rozw\u00f3j budownictwa sakralnego. Terenowa administracja pa\u0144stwowa \u017c\u0105da\u0142a m.in. odebrania mu prawa nauczania religii, naciska\u0142a na usuni\u0119cie z Nowego Targu, z Krakowa i nie wyra\u017ca\u0142a zgody na mianowanie proboszczem. Z uwagi na dzia\u0142alno\u015b\u0107 i postaw\u0119 by\u0142 szykanowany i represjonowany przez SB. Jego \u017cycie by\u0142o realnie zagro\u017cone. Najbardziej spektakularnym przyk\u0142adem jego dzia\u0142alno\u015bci by\u0142 protest g\u0142odowy na terenie bie\u017canowskiej parafii w 1985 roku. Kap\u0142an odpowiedaj\u0105c na pro\u015bb\u0119 Anny Walentynowicz, wyra\u017con\u0105 w imieniu inicjator\u00f3w protestu przeciw represjom wobec dzia\u0142aczy \u201eSolidarno\u015bci\u201d i szkalowaniu ksi\u0119\u017cy, udost\u0119pni\u0142 pomieszczenia i wspom\u00f3g\u0142 organizator\u00f3w akcji. W p\u00f3\u0142rocznej g\u0142od\u00f3wce rotacyjnej uczestniczy\u0142o ponad 370 os\u00f3b z oko\u0142o 65 miejscowo\u015bci. W lutym 1986 roku ks. Chojnacki zosta\u0142 przeniesiony do Juszczyna niedaleko Makowa Podhala\u0144skiego. Usuni\u0119cie kap\u0142ana z Krakowa da\u0142o skutek odwrotny od oczekiwanego przez w\u0142adze, kt\u00f3re naciska\u0142y na kuri\u0119 w tej sprawie. Na peryferyjnej parafii ks. Chojnacki kontynuowa\u0142 dzia\u0142alno\u015b\u0107 religijno-patriotyczn\u0105, przyci\u0105gaj\u0105c tam \u015brodowiska niepodleg\u0142o\u015bciowe. W jego wiejskiej parafii pojawi\u0142a si\u0119 m.in. Anna Walentynowicz, Leszek Moczulski, a nawet delegacja zwi\u0105zk\u00f3w zawodowych z Francji. Pod wp\u0142ywem ks. Chojnackiego zmienia\u0142a si\u0119 \u015bwiadomo\u015b\u0107 i postawa mieszka\u0144c\u00f3w wioski i okolic. Mawia\u0142, \u017ce czu\u0142 si\u0119 zobowi\u0105zany do walki o polsko\u015b\u0107. Ochrania\u0142 pami\u0119\u0107 i to\u017csamo\u015b\u0107 narodow\u0105, przywraca\u0142 szacunek dla przesz\u0142o\u015bci i dla obro\u0144c\u00f3w ojczyzny. Publicznie m\u00f3wi\u0142 o fa\u0142szowanych przez komunist\u00f3w wydarzeniach z historii Polski. Przekazywa\u0142 prawd\u0119 m.in. o wojnie polsko-bolszewickiej, agresji sowieckiej na Polsk\u0119, wyw\u00f3zkach na Syberi\u0119, zbrodni katy\u0144skiej, \u017co\u0142nierzach powojennego podziemia niepodleg\u0142o\u015bciowego, Czerwcu \u201956, Marcu \u201968, Grudniu \u201970, zab\u00f3jstwie ks. Jerzego Popie\u0142uszki, niewyja\u015bnionych zgonach kap\u0142an\u00f3w zwi\u0105zanych ze \u015brodowiskami opozycyjno-niepodleg\u0142o\u015bciowymi. W 1993 roku zrezygnowa\u0142 z probostwa w Juszczynie i podj\u0105\u0142 prac\u0119 w\u015br\u00f3d Polak\u00f3w w Rumunii oraz na Ukrainie. W 1997 roku wr\u00f3ci\u0142 do kraju z uwagi na pogarszaj\u0105cy si\u0119 stan zdrowia. Zamieszka\u0142 w Domu Ksi\u0119\u017cy Emeryt\u00f3w w Makowie Podhala\u0144skim i tam przebywa\u0142 do \u015bmierci. Pochowany zosta\u0142 w Juszczynie. W 2007 roku po\u015bmiertnie otrzyma\u0142 Krzy\u017c Oficerski Orderu Odrodzenia Polski. <\/p>\n","protected":false},"excerpt":{"rendered":"<p>Urodzi\u0142 si\u0119 4 stycznia 1932 r. w Cichawie (gmina Gd\u00f3w w powiecie wielickim), a zmar\u0142 22 marca 2001 w Makowie Podhala\u0144skim. W 1956 roku przyj\u0105\u0142 \u015bwi\u0119cenia kap\u0142a\u0144skie. W ci\u0105gu trzynastu lat kap\u0142a\u0144stwa pos\u0142ugiwa\u0142 jako wikariusz na terenie o\u015bmiu miejscowo\u015bci: Rabka, Poronin, Bielsko-Bia\u0142a, Kozy, Chrzan\u00f3w, Skawina, Nowy Targ, Grabie. W 1969 roku rozpocz\u0105\u0142 prac\u0119 w Babicach, [&hellip;]<\/p>\n","protected":false},"featured_media":2846,"template":"","meta":[],"_links":{"self":[{"href":"http:\/\/ludzie.fundacja-pih.pl\/index.php\/wp-json\/wp\/v2\/product\/2845"}],"collection":[{"href":"http:\/\/ludzie.fundacja-pih.pl\/index.php\/wp-json\/wp\/v2\/product"}],"about":[{"href":"http:\/\/ludzie.fundacja-pih.pl\/index.php\/wp-json\/wp\/v2\/types\/product"}],"wp:featuredmedia":[{"embeddable":true,"href":"http:\/\/ludzie.fundacja-pih.pl\/index.php\/wp-json\/wp\/v2\/media\/2846"}],"wp:attachment":[{"href":"http:\/\/ludzie.fundacja-pih.pl\/index.php\/wp-json\/wp\/v2\/media?parent=2845"}],"curies":[{"name":"wp","href":"https:\/\/api.w.org\/{rel}","templated":true}]}}