{"id":2856,"date":"2021-04-29T16:50:19","date_gmt":"2021-04-29T16:50:19","guid":{"rendered":"http:\/\/ludzie.fundacja-pih.pl\/?post_type=product&#038;p=2856"},"modified":"2025-05-16T14:19:43","modified_gmt":"2025-05-16T14:19:43","slug":"dudek-tomasz","status":"publish","type":"product","link":"http:\/\/ludzie.fundacja-pih.pl\/index.php\/product\/dudek-tomasz\/","title":{"rendered":"Dudek Tomasz"},"content":{"rendered":"<p>W latach 1986 &#8211; 1990 by\u0142 zaprzysi\u0119\u017conym cz\u0142onkiem \u201eSolidarno\u015bci Walcz\u0105cej\u201d. \u015aci\u015ble wsp\u00f3\u0142pracowa\u0142 ze Zbigniewem Jagie\u0142\u0142\u0105 b\u0119d\u0105c jego \u0142\u0105cznikiem z kolporterami prasy drugiego obiegu. Przenosi\u0142 ksi\u0105\u017cki podziemnych wydawnictw oraz pras\u0119 podziemn\u0105 w tym tygodnik \u201eSolidarno\u015b\u0107 Walcz\u0105ca\u201d. Jako kurier wykonywa\u0142 polecenia Kornela Morawieckiego, w tym m.in. przewozi\u0142 poufne materia\u0142y na trasie Warszawa-Wroc\u0142aw. Wchodzi\u0142 w sk\u0142ad redakcji tygodnika \u201eSolidarno\u015b\u0107 Walcz\u0105ca\u201d, gdzie zajmowa\u0142 si\u0119 g\u0142\u00f3wnie \u0142amaniem tekstu i przygotowaniem materia\u0142\u00f3w na komputerze do p\u00f3\u017aniejszego druku. Przez pewien czas ukrywa\u0142 w lokalu, w kt\u00f3rym mieszka\u0142 dezertera z armii sowieckiej.<\/p>\n","protected":false},"excerpt":{"rendered":"<p>W latach 1986 &#8211; 1990 by\u0142 zaprzysi\u0119\u017conym cz\u0142onkiem \u201eSolidarno\u015bci Walcz\u0105cej\u201d. \u015aci\u015ble wsp\u00f3\u0142pracowa\u0142 ze Zbigniewem Jagie\u0142\u0142\u0105 b\u0119d\u0105c jego \u0142\u0105cznikiem z kolporterami prasy drugiego obiegu. Przenosi\u0142 ksi\u0105\u017cki podziemnych wydawnictw oraz pras\u0119 podziemn\u0105 w tym tygodnik \u201eSolidarno\u015b\u0107 Walcz\u0105ca\u201d. Jako kurier wykonywa\u0142 polecenia Kornela Morawieckiego, w tym m.in. przewozi\u0142 poufne materia\u0142y na trasie Warszawa-Wroc\u0142aw. Wchodzi\u0142 w sk\u0142ad redakcji tygodnika [&hellip;]<\/p>\n","protected":false},"featured_media":3772,"template":"","meta":[],"_links":{"self":[{"href":"http:\/\/ludzie.fundacja-pih.pl\/index.php\/wp-json\/wp\/v2\/product\/2856"}],"collection":[{"href":"http:\/\/ludzie.fundacja-pih.pl\/index.php\/wp-json\/wp\/v2\/product"}],"about":[{"href":"http:\/\/ludzie.fundacja-pih.pl\/index.php\/wp-json\/wp\/v2\/types\/product"}],"wp:featuredmedia":[{"embeddable":true,"href":"http:\/\/ludzie.fundacja-pih.pl\/index.php\/wp-json\/wp\/v2\/media\/3772"}],"wp:attachment":[{"href":"http:\/\/ludzie.fundacja-pih.pl\/index.php\/wp-json\/wp\/v2\/media?parent=2856"}],"curies":[{"name":"wp","href":"https:\/\/api.w.org\/{rel}","templated":true}]}}