{"id":2879,"date":"2021-04-29T17:00:58","date_gmt":"2021-04-29T17:00:58","guid":{"rendered":"http:\/\/ludzie.fundacja-pih.pl\/?post_type=product&#038;p=2879"},"modified":"2025-05-16T14:19:48","modified_gmt":"2025-05-16T14:19:48","slug":"gwiazda-andrzej","status":"publish","type":"product","link":"http:\/\/ludzie.fundacja-pih.pl\/index.php\/product\/gwiazda-andrzej\/","title":{"rendered":"Gwiazda Andrzej"},"content":{"rendered":"<p>Urodzi\u0142 si\u0119 14 kwietnia w 1935 w Pi\u0144czowie.<\/p>\n<p>W 1968 roku bra\u0142 udzia\u0142 w wydarzeniach marcowych. Uczestniczy\u0142 r\u00f3wnie\u017c w wydarzeniach Grudnia\u201970. W 1973 roku podj\u0105\u0142 prac\u0119 w Zak\u0142adach Okr\u0119towych Urz\u0105dze\u0144 Elektrycznych i Automatyki Elmor.<br \/>\nW 1976 roku wsp\u00f3lnie z \u017con\u0105 Joann\u0105, napisa\u0142 list do Sejmu PRL zawieraj\u0105cy wyrazy poparcia dla postulat\u00f3w g\u0142oszonych przez Komitet Obrony Robotnik\u00f3w. Wkr\u00f3tce po tym Gwiazdowie otrzymali zakaz opuszczania granic PRL i zacz\u0119li by\u0107 inwigilowani przez S\u0142u\u017cb\u0119 Bezpiecze\u0144stwa. Andrzej Gwiazda jako figurant otrzyma\u0142 kryptonim \u201eBrodacz\u201d, u\u017cywany przez SB do ko\u0144ca istnienia PRL. Od 1977 roku Andrzej Gwiazda wsp\u00f3\u0142pracowa\u0142 z Biurem Interwencji KOR. W 1978 roku by\u0142 wsp\u00f3\u0142za\u0142oo\u017cycielem Wolnych Zwi\u0105zk\u00f3w Zawodowych Wybrze\u017ca. Redagowa\u0142 w\u00f3wczas biuletyn WZZ \u201eRobotnik Wybrze\u017ca\u201d, zajmowa\u0142 si\u0119 r\u00f3wnie\u017c drukiem i kolporta\u017cem innych wydawnictw drugiego obiegu. Od 1978 roku do 1980 roku oko\u0142o dziesi\u0119ciu razy by\u0142 zatrzymywany przez funkcjonariuszy SB.<br \/>\nPo wybuchu strajku w sierpniu 1980 roku zosta\u0142 cz\u0142onkiem prezydium Mi\u0119dzyzak\u0142adowego Komitetu Strajkowego w Stoczni Gda\u0144skiej. Wsp\u00f3\u0142tworzy\u0142 NSZZ \u201eSolidarno\u015b\u0107\u201d, 17 wrze\u015bnia 1980 roku, w dniu powo\u0142ania zwi\u0105zku, zosta\u0142 wybrany na stanowisko wiceprzewodnicz\u0105cego zwi\u0105zku jako jeden z dw\u00f3ch zast\u0119pc\u00f3w Lecha Wa\u0142\u0119sy. Bra\u0142 udzia\u0142 w negocjacjach ze stron\u0105 rz\u0105dow\u0105 w sprawie trzech postulat\u00f3w MKS tj. zniesienia cenzury, zalegalizowania niezale\u017cnych zwi\u0105zk\u00f3w zawodowych oraz uwolnienia wi\u0119\u017ani\u00f3w politycznych. Nast\u0119pnie pe\u0142ni\u0142 funkcje wiceprzewodnicz\u0105cego Mi\u0119dzyzak\u0142adowego Komitetu Za\u0142o\u017cycielskiego, Krajowej Komisji Porozumiewawczej i Komisji Krajowej. Po wprowadzeniu stanu wojennego, 13 grudnia 1981 roku zosta\u0142 aresztowany i internowany. Osadzono go w O\u015brodku Odosobnienia w Strzebielinku. Stamt\u0105d  przeniesiono go do aresztu \u015bledczego w Bia\u0142o\u0142\u0119ce, a we wrze\u015bniu 1982 roku &#8211; po wizycie przedstawicieli Mi\u0119dzynarodowego Czerwonego Krzy\u017ca &#8211; do jednego z o\u015brodk\u00f3w dla internowanych. 22 grudnia 1982 roku ponownie go aresztowano i oskar\u017cono o \u201epr\u00f3b\u0119 obalenia ustroju si\u0142\u0105\u201d. Zosta\u0142 zwolniony na mocy amnestii 22 lipca 1984 roku. 16 grudnia tego samego zosta\u0142 ponownie aresztowany i skazany na kar\u0119 5 miesi\u0119cy aresztu. By\u0142 osadzony najpierw w Gda\u0144sku, a p\u00f3\u017aniej w Zabrzu. Zwolniono go 15 maja 1985 roku. W latach 1986 \u2013 1989 nale\u017ca\u0142 do lider\u00f3w Grupy Roboczej Komisji Krajowej \u201eSolidarno\u015bci\u201d, kt\u00f3ra sprzeciwia\u0142a si\u0119 rozmowom z w\u0142adzami PRL prowadzonymi pod przewodnictwem Lecha Wa\u0142\u0119sy. Nie bra\u0142 udzia\u0142u w tworzeniu Komitetu Obywatelskiego ani w obradach Okr\u0105g\u0142ego Sto\u0142u. By\u0142 jednym z g\u0142\u00f3wnych oponent\u00f3w Lecha Wa\u0142\u0119sy, kt\u00f3rego uzna\u0142 za zdrajc\u0119 \u201eidea\u0142\u00f3w sierpniowych\u201d i agenta SB. Podj\u0105\u0142 dzia\u0142alno\u015b\u0107 w organizacji \u201eSolidarno\u015b\u0107 \u201880\u201d. Kawaler Orderu Or\u0142a Bia\u0142ego.<\/p>\n","protected":false},"excerpt":{"rendered":"<p>Urodzi\u0142 si\u0119 14 kwietnia w 1935 w Pi\u0144czowie. W 1968 roku bra\u0142 udzia\u0142 w wydarzeniach marcowych. Uczestniczy\u0142 r\u00f3wnie\u017c w wydarzeniach Grudnia\u201970. W 1973 roku podj\u0105\u0142 prac\u0119 w Zak\u0142adach Okr\u0119towych Urz\u0105dze\u0144 Elektrycznych i Automatyki Elmor. W 1976 roku wsp\u00f3lnie z \u017con\u0105 Joann\u0105, napisa\u0142 list do Sejmu PRL zawieraj\u0105cy wyrazy poparcia dla postulat\u00f3w g\u0142oszonych przez Komitet Obrony [&hellip;]<\/p>\n","protected":false},"featured_media":2880,"template":"","meta":[],"_links":{"self":[{"href":"http:\/\/ludzie.fundacja-pih.pl\/index.php\/wp-json\/wp\/v2\/product\/2879"}],"collection":[{"href":"http:\/\/ludzie.fundacja-pih.pl\/index.php\/wp-json\/wp\/v2\/product"}],"about":[{"href":"http:\/\/ludzie.fundacja-pih.pl\/index.php\/wp-json\/wp\/v2\/types\/product"}],"wp:featuredmedia":[{"embeddable":true,"href":"http:\/\/ludzie.fundacja-pih.pl\/index.php\/wp-json\/wp\/v2\/media\/2880"}],"wp:attachment":[{"href":"http:\/\/ludzie.fundacja-pih.pl\/index.php\/wp-json\/wp\/v2\/media?parent=2879"}],"curies":[{"name":"wp","href":"https:\/\/api.w.org\/{rel}","templated":true}]}}