{"id":2890,"date":"2021-04-29T17:05:32","date_gmt":"2021-04-29T17:05:32","guid":{"rendered":"http:\/\/ludzie.fundacja-pih.pl\/?post_type=product&#038;p=2890"},"modified":"2025-05-16T14:19:50","modified_gmt":"2025-05-16T14:19:50","slug":"jaglinski-marek","status":"publish","type":"product","link":"http:\/\/ludzie.fundacja-pih.pl\/index.php\/product\/jaglinski-marek\/","title":{"rendered":"Jagli\u0144ski Marek"},"content":{"rendered":"<p>Urodzi\u0142 si\u0119 18 maja 1962 roku we Wroc\u0142awiu.<\/p>\n<p>W 1980 roku rozpocz\u0105\u0142 wsp\u00f3\u0142prac\u0119 z \u201eBiuletynem Dolno\u015bl\u0105skim\u201d jako autor tekst\u00f3w. W 1986 roku, opublikowa\u0142 pod pseudonimem \u201eIkarus\u201d debiutancki tomik poezji pt. \u201eWiersze niepokonane\u201d we wroc\u0142awskim podziemnym wydawnictwie NSZZ \u201eSolidarno\u015b\u0107\u201d. W latach 1981 &#8211; 1989 publikowa\u0142 artyku\u0142y w r\u00f3\u017cnych podziemnych czasopismach pismach. By\u0142 drukarzem pisma &#8220;Z Dnia na Dzie\u0144\u201d oraz wsp\u00f3\u0142redaktorem pisma &#8220;Robotnik Wroc\u0142awski\u201d. Nale\u017cy do Stowarzyszenia Solidarno\u015b\u0107 Walcz\u0105ca.<\/p>\n","protected":false},"excerpt":{"rendered":"<p>Urodzi\u0142 si\u0119 18 maja 1962 roku we Wroc\u0142awiu. W 1980 roku rozpocz\u0105\u0142 wsp\u00f3\u0142prac\u0119 z \u201eBiuletynem Dolno\u015bl\u0105skim\u201d jako autor tekst\u00f3w. W 1986 roku, opublikowa\u0142 pod pseudonimem \u201eIkarus\u201d debiutancki tomik poezji pt. \u201eWiersze niepokonane\u201d we wroc\u0142awskim podziemnym wydawnictwie NSZZ \u201eSolidarno\u015b\u0107\u201d. W latach 1981 &#8211; 1989 publikowa\u0142 artyku\u0142y w r\u00f3\u017cnych podziemnych czasopismach pismach. By\u0142 drukarzem pisma &#8220;Z Dnia [&hellip;]<\/p>\n","protected":false},"featured_media":2891,"template":"","meta":[],"_links":{"self":[{"href":"http:\/\/ludzie.fundacja-pih.pl\/index.php\/wp-json\/wp\/v2\/product\/2890"}],"collection":[{"href":"http:\/\/ludzie.fundacja-pih.pl\/index.php\/wp-json\/wp\/v2\/product"}],"about":[{"href":"http:\/\/ludzie.fundacja-pih.pl\/index.php\/wp-json\/wp\/v2\/types\/product"}],"wp:featuredmedia":[{"embeddable":true,"href":"http:\/\/ludzie.fundacja-pih.pl\/index.php\/wp-json\/wp\/v2\/media\/2891"}],"wp:attachment":[{"href":"http:\/\/ludzie.fundacja-pih.pl\/index.php\/wp-json\/wp\/v2\/media?parent=2890"}],"curies":[{"name":"wp","href":"https:\/\/api.w.org\/{rel}","templated":true}]}}