{"id":2901,"date":"2021-04-29T17:10:47","date_gmt":"2021-04-29T17:10:47","guid":{"rendered":"http:\/\/ludzie.fundacja-pih.pl\/?post_type=product&#038;p=2901"},"modified":"2025-05-16T14:19:52","modified_gmt":"2025-05-16T14:19:52","slug":"karpinski-slawomir","status":"publish","type":"product","link":"http:\/\/ludzie.fundacja-pih.pl\/index.php\/product\/karpinski-slawomir\/","title":{"rendered":"Karpi\u0144ski S\u0142awomir"},"content":{"rendered":"<p>Urodzi\u0142 si\u0119 5 stycznia 1952 roku w Warszawie.<\/p>\n<p>Pe\u0142ni\u0142 funkcj\u0119 rzecznika prasowego zak\u0142adowych struktur NSZZ \u201eSolidarno\u015b\u0107\u201d w Zak\u0142adach Wytw\u00f3rczych Urz\u0105dze\u0144 Telefonicznych w Warszawie. Po wprowadzeniu stanu wojennego, wsp\u00f3\u0142organizowa\u0142 strajk okupacyjny og\u0142oszony 14 grudnia 1981 roku przez Komisj\u0119 Zak\u0142adow\u0105 NSZZ \u201eSolidarno\u015b\u0107\u201d na terenie ZWUT. Bra\u0142 czynny udzia\u0142 w ww. strajku domagaj\u0105c si\u0119 dost\u0119pu do zak\u0142adowego radiow\u0119z\u0142a celem przekazywania komunikat\u00f3w i postulat\u00f3w strajkuj\u0105cym. Przewodniczy\u0142 grupie podziemnej \u201eSolidarno\u015bci\u201d na terenie Zak\u0142ad\u00f3w Wytw\u00f3rczych Urz\u0105dze\u0144 Telefonicznych, pe\u0142ni\u0142 funkcj\u0119 szefa \u201egrup bojowych\u201d \u201eSolidarno\u015bci\u201d. By\u0142 zaanga\u017cowany w  kolporta\u017c prasy podziemnej. S\u0142awomir Karpi\u0144ski rozprowadza\u0142 r\u00f3wnie\u017c kopiowane przez siebie kasety radia podziemnego i Radia Wolna Europa. W trakcie stanu wojennego wsp\u00f3\u0142organizowa\u0142 na terenie zak\u0142adu pracy akcje protestacyjne i pomoc dla internowanych. Uczestniczy\u0142 w manifestacjach antyre\u017cimowych oraz w warszawskim kontr pochodzie maj\u0105cym miejsce 1 maja 1982 roku W zwi\u0105zku z  dzia\u0142alno\u015bci\u0105 podziemn\u0105, w marcu 1983 roku, zosta\u0142 zmuszony do odej\u015bcia z pracy w ZWUT.<br \/>\nZa swoj\u0105 dzia\u0142alno\u015b\u0107, decyzj\u0105 Prezydenta RP nr 294\/2016 zosta\u0142 uhonorowany Krzy\u017cem Wolno\u015bci i Solidarno\u015bci oraz w tym samym roku Krzy\u017cem Oficerskim Orderu Odrodzenia Polski.<\/p>\n","protected":false},"excerpt":{"rendered":"<p>Urodzi\u0142 si\u0119 5 stycznia 1952 roku w Warszawie. Pe\u0142ni\u0142 funkcj\u0119 rzecznika prasowego zak\u0142adowych struktur NSZZ \u201eSolidarno\u015b\u0107\u201d w Zak\u0142adach Wytw\u00f3rczych Urz\u0105dze\u0144 Telefonicznych w Warszawie. Po wprowadzeniu stanu wojennego, wsp\u00f3\u0142organizowa\u0142 strajk okupacyjny og\u0142oszony 14 grudnia 1981 roku przez Komisj\u0119 Zak\u0142adow\u0105 NSZZ \u201eSolidarno\u015b\u0107\u201d na terenie ZWUT. Bra\u0142 czynny udzia\u0142 w ww. strajku domagaj\u0105c si\u0119 dost\u0119pu do zak\u0142adowego radiow\u0119z\u0142a [&hellip;]<\/p>\n","protected":false},"featured_media":2902,"template":"","meta":[],"_links":{"self":[{"href":"http:\/\/ludzie.fundacja-pih.pl\/index.php\/wp-json\/wp\/v2\/product\/2901"}],"collection":[{"href":"http:\/\/ludzie.fundacja-pih.pl\/index.php\/wp-json\/wp\/v2\/product"}],"about":[{"href":"http:\/\/ludzie.fundacja-pih.pl\/index.php\/wp-json\/wp\/v2\/types\/product"}],"wp:featuredmedia":[{"embeddable":true,"href":"http:\/\/ludzie.fundacja-pih.pl\/index.php\/wp-json\/wp\/v2\/media\/2902"}],"wp:attachment":[{"href":"http:\/\/ludzie.fundacja-pih.pl\/index.php\/wp-json\/wp\/v2\/media?parent=2901"}],"curies":[{"name":"wp","href":"https:\/\/api.w.org\/{rel}","templated":true}]}}