{"id":2919,"date":"2021-04-29T17:32:21","date_gmt":"2021-04-29T17:32:21","guid":{"rendered":"http:\/\/ludzie.fundacja-pih.pl\/?post_type=product&#038;p=2919"},"modified":"2025-05-16T14:19:56","modified_gmt":"2025-05-16T14:19:56","slug":"moszczak-juszczyk-joanna","status":"publish","type":"product","link":"http:\/\/ludzie.fundacja-pih.pl\/index.php\/product\/moszczak-juszczyk-joanna\/","title":{"rendered":"Moszczak-Juszczyk Joanna"},"content":{"rendered":"<p>Pracowa\u0142a w Zarz\u0105dzie Regionu NSZZ Solidarno\u015b\u0107 Dolny \u015al\u0105sk. Po wprowadzeniu Stanu Wojennego wchodzi\u0142a w sk\u0142ad pierwszej redakcji pisma &#8220;Z dnia na dzie\u0144&#8221; wsp\u00f3lnie z Helen\u0105 i Romualdem Lazarowiczami,\u00a0 Wies\u0142awem Moszczakiem, Ann\u0105 Morawieck\u0105 i Jaros\u0142awem Twardowskim. P\u00f3\u017aniej zesp\u00f3\u0142 redakcyjny wydawa\u0142 pismo &#8220;Solidarno\u015b\u0107 Walcz\u0105ca&#8221;.<\/p>\n<p>Na emigracji.<\/p>\n","protected":false},"excerpt":{"rendered":"<p>Pracowa\u0142a w Zarz\u0105dzie Regionu NSZZ Solidarno\u015b\u0107 Dolny \u015al\u0105sk. Po wprowadzeniu Stanu Wojennego wchodzi\u0142a w sk\u0142ad pierwszej redakcji pisma &#8220;Z dnia na dzie\u0144&#8221; wsp\u00f3lnie z Helen\u0105 i Romualdem Lazarowiczami,\u00a0 Wies\u0142awem Moszczakiem, Ann\u0105 Morawieck\u0105 i Jaros\u0142awem Twardowskim. P\u00f3\u017aniej zesp\u00f3\u0142 redakcyjny wydawa\u0142 pismo &#8220;Solidarno\u015b\u0107 Walcz\u0105ca&#8221;. Na emigracji.<\/p>\n","protected":false},"featured_media":2920,"template":"","meta":[],"_links":{"self":[{"href":"http:\/\/ludzie.fundacja-pih.pl\/index.php\/wp-json\/wp\/v2\/product\/2919"}],"collection":[{"href":"http:\/\/ludzie.fundacja-pih.pl\/index.php\/wp-json\/wp\/v2\/product"}],"about":[{"href":"http:\/\/ludzie.fundacja-pih.pl\/index.php\/wp-json\/wp\/v2\/types\/product"}],"wp:featuredmedia":[{"embeddable":true,"href":"http:\/\/ludzie.fundacja-pih.pl\/index.php\/wp-json\/wp\/v2\/media\/2920"}],"wp:attachment":[{"href":"http:\/\/ludzie.fundacja-pih.pl\/index.php\/wp-json\/wp\/v2\/media?parent=2919"}],"curies":[{"name":"wp","href":"https:\/\/api.w.org\/{rel}","templated":true}]}}