{"id":2931,"date":"2021-04-29T17:37:04","date_gmt":"2021-04-29T17:37:04","guid":{"rendered":"http:\/\/ludzie.fundacja-pih.pl\/?post_type=product&#038;p=2931"},"modified":"2025-05-16T14:19:59","modified_gmt":"2025-05-16T14:19:59","slug":"oszast-grzegorz","status":"publish","type":"product","link":"http:\/\/ludzie.fundacja-pih.pl\/index.php\/product\/oszast-grzegorz\/","title":{"rendered":"Oszast Grzegorz"},"content":{"rendered":"<p>Urodzi\u0142 si\u0119 4 lutego 1967 roku w K\u0142odzku. <\/p>\n<p>By\u0142 cz\u0142onkiem \u201eSolidarno\u015bci Walcz\u0105cej\u201d. W latach osiemdziesi\u0105tych zosta\u0142 trzykrotnie aresztowany, a tak\u017ce pobity przez ZOMO. Z powod\u00f3w politycznych musia\u0142 przerwa\u0107 studia prawnicze i uko\u0144czy\u0142 ostatecznie studia historyczne. Wsp\u00f3\u0142pracowa\u0142 r\u00f3wnie\u017c z NZS, \u201eSolidarno\u015bci\u0105\u201d, LDPN i innymi organizacjami podziemnymi. W \u201eSolidarno\u015bci Walcz\u0105cej\u201d szefowa\u0142 grupie wykonawczej. Ju\u017c jako ucze\u0144 szko\u0142y \u015bredniej by\u0142 rozpracowywany w sprawie o kryptonimie \u201eSzko\u0142a\u201d. W tym okresie by\u0142 ju\u017c tak\u017ce szykanowany za dzia\u0142alno\u015b\u0107 konspiracyjn\u0105. <\/p>\n","protected":false},"excerpt":{"rendered":"<p>Urodzi\u0142 si\u0119 4 lutego 1967 roku w K\u0142odzku. By\u0142 cz\u0142onkiem \u201eSolidarno\u015bci Walcz\u0105cej\u201d. W latach osiemdziesi\u0105tych zosta\u0142 trzykrotnie aresztowany, a tak\u017ce pobity przez ZOMO. Z powod\u00f3w politycznych musia\u0142 przerwa\u0107 studia prawnicze i uko\u0144czy\u0142 ostatecznie studia historyczne. Wsp\u00f3\u0142pracowa\u0142 r\u00f3wnie\u017c z NZS, \u201eSolidarno\u015bci\u0105\u201d, LDPN i innymi organizacjami podziemnymi. W \u201eSolidarno\u015bci Walcz\u0105cej\u201d szefowa\u0142 grupie wykonawczej. Ju\u017c jako ucze\u0144 szko\u0142y [&hellip;]<\/p>\n","protected":false},"featured_media":2932,"template":"","meta":[],"_links":{"self":[{"href":"http:\/\/ludzie.fundacja-pih.pl\/index.php\/wp-json\/wp\/v2\/product\/2931"}],"collection":[{"href":"http:\/\/ludzie.fundacja-pih.pl\/index.php\/wp-json\/wp\/v2\/product"}],"about":[{"href":"http:\/\/ludzie.fundacja-pih.pl\/index.php\/wp-json\/wp\/v2\/types\/product"}],"wp:featuredmedia":[{"embeddable":true,"href":"http:\/\/ludzie.fundacja-pih.pl\/index.php\/wp-json\/wp\/v2\/media\/2932"}],"wp:attachment":[{"href":"http:\/\/ludzie.fundacja-pih.pl\/index.php\/wp-json\/wp\/v2\/media?parent=2931"}],"curies":[{"name":"wp","href":"https:\/\/api.w.org\/{rel}","templated":true}]}}